{"id":5264,"date":"2024-10-19T02:41:32","date_gmt":"2024-10-19T02:41:32","guid":{"rendered":"https:\/\/cloudsupplyvapes.com\/?post_type=product&#038;p=5264"},"modified":"2024-11-26T03:31:02","modified_gmt":"2024-11-26T03:31:02","slug":"-205","status":"publish","type":"product","link":"https:\/\/cloudsupplyvapes.com\/de\/product\/moti-piin-c4000-4000-puffs-disposable-vape-wholesale\/","title":{"rendered":"MOTI PIIN C4000 4000 Puffs Einweg Vape Gro\u00dfhandel Leichtgewicht keine Wartung erforderlich"},"content":{"rendered":"<h2>MOTI PIIN C4000 Einwegartikel<\/h2>\n<ul class=\"top\">\n<li style=\"list-style-type: none;\">\n<ul class=\"top\">\n<li>Marke: Moti<\/li>\n<li>Einheit: Satz<\/li>\n<li>Typ: Einweg Vape<\/li>\n<li>Nettogewicht: 70(g)<\/li>\n<\/ul>\n<\/li>\n<\/ul>\n<p>Die kombinierten Versandkosten werden automatisch vom System berechnet, nachdem Sie das Versandziel in der Kaufabwicklung ausgew\u00e4hlt haben.<\/p>\n<div class=\"title\">LOMO FINE(MOTI PIIN) C4000 Einwegartikel EINLEITUNG<\/div>\n<p><b>LOMO FINE C4000(MOTI PIIN) Einwegartikel<\/b>\u00a0erfreut Ihre Geschmacksknospen f\u00fcr bis zu 4000 Z\u00fcge mit Lasten von hervorragenden Geschmack, jeder Einweg h\u00e4lt bis zu 5ml vorgef\u00fcllte E-Saft mit 5% (50mg) Nikotin. Entwickelt mit MTL vaping und kombiniert mit spezieller Keramikkern-Technologie, zeigt es eine Pfirsich Leistung f\u00fcr konstante gro\u00dfen Geschmack. Die sichtbare H\u00fclse, Draw-aktivierte Mechanismus mit seinem Stift-Stil Design gekoppelt macht es bequem zu verdampfen. Angetrieben von einem 950mAh Akku, hat es auch eine spannende 360 \u00b0 LED-Anzeige, damit Sie Ihren Batteriestand zu \u00fcberpr\u00fcfen.<\/p>\n<p class=\"second-title\">Eigenschaften<\/p>\n<p>- 4000 Puffs<\/p>\n<p>- 5ml Fassungsverm\u00f6gen<\/p>\n<p>- 5%(50mg) Nikotinst\u00e4rke<\/p>\n<p>- 950mAh integrierter Akku<\/p>\n<p>- Maschenspule<\/p>\n<p>- MTL Unentschieden<\/p>\n<p>- Zeichnen-aktiviert<\/p>\n<p><a href=\"https:\/\/i0.wp.com\/shop.vape.hk\/wp-content\/uploads\/2023\/11\/MOTI_PIIN.jpg?ssl=1\" target=\"_blank\" rel=\"noopener\"><img data-recalc-dims=\"1\" loading=\"lazy\" decoding=\"async\" class=\"alignnone size-full wp-image-125572\" src=\"https:\/\/i0.wp.com\/shop.vape.hk\/wp-content\/uploads\/2023\/11\/MOTI_PIIN.jpg?resize=661%2C1920&#038;ssl=1\" alt=\"MOTI PIIN C4000 4000 Puffs Einweg Vape | Gro\u00dfhandel\" width=\"661\" height=\"1920\" title=\"\"><\/a><\/p>","protected":false},"excerpt":{"rendered":"<p>Der MOTI PIIN C4000 4000 Puffs Einweg-Vape-Gro\u00dfhandel bietet eine leichte Konstruktion und einen problemlosen Betrieb, der eine gleichbleibende Leistung und sanften Dampf f\u00fcr einen l\u00e4ngeren Gebrauch liefert.<\/p>","protected":false},"featured_media":5481,"comment_status":"open","ping_status":"closed","template":"","meta":[],"product_brand":[],"product_cat":[22],"product_tag":[],"class_list":{"0":"post-5264","1":"product","2":"type-product","3":"status-publish","4":"has-post-thumbnail","6":"product_cat-disposable-vape-sticks","8":"first","9":"instock","10":"shipping-taxable","11":"purchasable","12":"product-type-simple"},"jetpack_sharing_enabled":true,"tiered_pricing_type":"fixed","tiered_pricing_fixed_rules":{"1000":10,"10000":8,"50000":6},"tiered_pricing_product_settings":{"layout":"default","base_unit_name":{"singular":null,"plural":null},"default_variation":null},"tiered_pricing_minimum_quantity":100,"tiered_pricing_roles_data":[],"tiered_pricing_percentage_rules":[],"tiered_pricing_maximum_quantity":null,"tiered_pricing_quantity_step":null,"_links":{"self":[{"href":"https:\/\/cloudsupplyvapes.com\/de\/wp-json\/wp\/v2\/product\/5264","targetHints":{"allow":["GET"]}}],"collection":[{"href":"https:\/\/cloudsupplyvapes.com\/de\/wp-json\/wp\/v2\/product"}],"about":[{"href":"https:\/\/cloudsupplyvapes.com\/de\/wp-json\/wp\/v2\/types\/product"}],"replies":[{"embeddable":true,"href":"https:\/\/cloudsupplyvapes.com\/de\/wp-json\/wp\/v2\/comments?post=5264"}],"wp:featuredmedia":[{"embeddable":true,"href":"https:\/\/cloudsupplyvapes.com\/de\/wp-json\/wp\/v2\/media\/5481"}],"wp:attachment":[{"href":"https:\/\/cloudsupplyvapes.com\/de\/wp-json\/wp\/v2\/media?parent=5264"}],"wp:term":[{"taxonomy":"product_brand","embeddable":true,"href":"https:\/\/cloudsupplyvapes.com\/de\/wp-json\/wp\/v2\/product_brand?post=5264"},{"taxonomy":"product_cat","embeddable":true,"href":"https:\/\/cloudsupplyvapes.com\/de\/wp-json\/wp\/v2\/product_cat?post=5264"},{"taxonomy":"product_tag","embeddable":true,"href":"https:\/\/cloudsupplyvapes.com\/de\/wp-json\/wp\/v2\/product_tag?post=5264"}],"curies":[{"name":"wp","href":"https:\/\/api.w.org\/{rel}","templated":true}]}}