{"id":5265,"date":"2024-10-19T02:41:32","date_gmt":"2024-10-19T02:41:32","guid":{"rendered":"https:\/\/cloudsupplyvapes.com\/?post_type=product&#038;p=5265"},"modified":"2024-11-26T03:31:19","modified_gmt":"2024-11-26T03:31:19","slug":"-206","status":"publish","type":"product","link":"https:\/\/cloudsupplyvapes.com\/de\/product\/moti-one-2500-puffs-rechargeable-disposable-vape-wholesale\/","title":{"rendered":"Moti One 2500 Puffs wiederaufladbare Einweg Vape Gro\u00dfhandel Leck Proof Langlebige Vape"},"content":{"rendered":"<h2>Moti One 2500 Einwegartikel<\/h2>\n<ul class=\"top\">\n<li style=\"list-style-type: none;\">\n<ul class=\"top\">\n<li>Marke: Moti<\/li>\n<li>Einheit: Satz<\/li>\n<li>Typ: Einweg Vape<\/li>\n<li>Nettogewicht: 70(g)<\/li>\n<\/ul>\n<\/li>\n<\/ul>\n<p>Die kombinierten Versandkosten werden automatisch vom System berechnet, nachdem Sie das Versandziel in der Kaufabwicklung ausgew\u00e4hlt haben.<\/p>\n<div class=\"title\">Moti One 2500 Einwegartikel EINLEITUNG<\/div>\n<p><b>Moti One 2500 Einwegartikel<\/b> ist ein wiederverwendbares Ger\u00e4t, das eine preisg\u00fcnstige austauschbare H\u00fclse und stufenlose Airflow-Steuerung hat, fasst jede H\u00fclse 8ml Vape-Saft mit 2% (20mg) Nikotin St\u00e4rke, so viele wie 2500 Z\u00fcge dauern. Gepr\u00e4gt mit einer vertikalen Streifen Textur, nimmt es eine zweischichtige Design. Angetrieben von einem wiederaufladbaren 600mAh Akku, hat das Ger\u00e4t die F\u00e4higkeit, Ihre Batterie viele Male aufzuladen und Luftstrom zu steuern.<\/p>\n<p class=\"second-title\">Eigenschaften<\/p>\n<p>- 2500 Puffs<\/p>\n<p>- 8ml Fassungsverm\u00f6gen<\/p>\n<p>- 2%(20mg) Nikotinst\u00e4rke<\/p>\n<p>- Integrierter 600mAh-Akku<\/p>\n<p>- Wiederaufladbar<\/p>\n<p>- Maschenspule<\/p>\n<p>- MTL Unentschieden<\/p>\n<p>- Zeichnen-aktiviert<\/p>\n<p><a href=\"https:\/\/i0.wp.com\/shop.vape.hk\/wp-content\/uploads\/2023\/11\/moti-one-2500.jpg?ssl=1\" target=\"_blank\" rel=\"noopener\"><img data-recalc-dims=\"1\" loading=\"lazy\" decoding=\"async\" class=\"alignnone size-full wp-image-125594\" src=\"https:\/\/i0.wp.com\/shop.vape.hk\/wp-content\/uploads\/2023\/11\/moti-one-2500.jpg?resize=630%2C1920&#038;ssl=1\" alt=\"Moti One 2500 Puffs Wiederaufladbare Einweg Vape | Gro\u00dfhandel\" width=\"630\" height=\"1920\" title=\"\"><\/a><\/p>","protected":false},"excerpt":{"rendered":"<p>Der Moti One 2500 Puffs Rechargeable Disposable Vape Wholesale verf\u00fcgt \u00fcber ein auslaufsicheres Design, eine langlebige Batterie und eine gleichm\u00e4\u00dfige Dampfproduktion f\u00fcr bequeme und zuverl\u00e4ssige Verdampfungssessions.<\/p>","protected":false},"featured_media":5489,"comment_status":"open","ping_status":"closed","template":"","meta":[],"product_brand":[],"product_cat":[22],"product_tag":[],"class_list":{"0":"post-5265","1":"product","2":"type-product","3":"status-publish","4":"has-post-thumbnail","6":"product_cat-disposable-vape-sticks","8":"first","9":"instock","10":"shipping-taxable","11":"purchasable","12":"product-type-simple"},"jetpack_sharing_enabled":true,"tiered_pricing_type":"fixed","tiered_pricing_fixed_rules":{"1000":6,"10000":5,"50000":4},"tiered_pricing_product_settings":{"layout":"default","base_unit_name":{"singular":null,"plural":null},"default_variation":null},"tiered_pricing_minimum_quantity":100,"tiered_pricing_roles_data":[],"tiered_pricing_percentage_rules":[],"tiered_pricing_maximum_quantity":null,"tiered_pricing_quantity_step":null,"_links":{"self":[{"href":"https:\/\/cloudsupplyvapes.com\/de\/wp-json\/wp\/v2\/product\/5265","targetHints":{"allow":["GET"]}}],"collection":[{"href":"https:\/\/cloudsupplyvapes.com\/de\/wp-json\/wp\/v2\/product"}],"about":[{"href":"https:\/\/cloudsupplyvapes.com\/de\/wp-json\/wp\/v2\/types\/product"}],"replies":[{"embeddable":true,"href":"https:\/\/cloudsupplyvapes.com\/de\/wp-json\/wp\/v2\/comments?post=5265"}],"wp:featuredmedia":[{"embeddable":true,"href":"https:\/\/cloudsupplyvapes.com\/de\/wp-json\/wp\/v2\/media\/5489"}],"wp:attachment":[{"href":"https:\/\/cloudsupplyvapes.com\/de\/wp-json\/wp\/v2\/media?parent=5265"}],"wp:term":[{"taxonomy":"product_brand","embeddable":true,"href":"https:\/\/cloudsupplyvapes.com\/de\/wp-json\/wp\/v2\/product_brand?post=5265"},{"taxonomy":"product_cat","embeddable":true,"href":"https:\/\/cloudsupplyvapes.com\/de\/wp-json\/wp\/v2\/product_cat?post=5265"},{"taxonomy":"product_tag","embeddable":true,"href":"https:\/\/cloudsupplyvapes.com\/de\/wp-json\/wp\/v2\/product_tag?post=5265"}],"curies":[{"name":"wp","href":"https:\/\/api.w.org\/{rel}","templated":true}]}}