{"id":5266,"date":"2024-10-19T02:41:32","date_gmt":"2024-10-19T02:41:32","guid":{"rendered":"https:\/\/cloudsupplyvapes.com\/?post_type=product&#038;p=5266"},"modified":"2024-11-26T03:31:32","modified_gmt":"2024-11-26T03:31:32","slug":"-207","status":"publish","type":"product","link":"https:\/\/cloudsupplyvapes.com\/de\/product\/moti-duo-9000-puffs-disposable-vape-wholesale\/","title":{"rendered":"Moti Duo 9000 Puffs Einweg Vape Gro\u00dfhandel Dual Mesh Coil hohe Kapazit\u00e4t Design"},"content":{"rendered":"<h2><b>Moti Duo 9000 Einweg-Vape<\/b><\/h2>\n<ul class=\"top\">\n<li style=\"list-style-type: none;\">\n<ul class=\"top\">\n<li>Marke:\u00a0<b>Moti<\/b><\/li>\n<li>Einheit: Satz<\/li>\n<li>Art:\u00a0<b>Einweg-Vape<\/b><\/li>\n<li>Nettogewicht: 70(g)<\/li>\n<\/ul>\n<\/li>\n<\/ul>\n<p>Das System berechnet automatisch die kombinierten Versandkosten, nachdem Sie das Versandziel in der Kaufabwicklung ausgew\u00e4hlt haben.<\/p>\n<div class=\"title\">Moti Duo 9000 Einweg-Vape EINLEITUNG<\/div>\n<p><b>Moti Duo 9000 Einweg-Vape<\/b>\u00a0wird mit 20ml E-Saft mit Fruchtgeschmack und 5% (50mg) Nikotin aufgegossen und reicht f\u00fcr bis zu 9000 Z\u00fcge. Das kleine kastenf\u00f6rmige Ger\u00e4t ist leicht, rechteckig und relativ flach. Ausgestattet mit einer Dual-Mesh-Spule (0,6ohm\/1,2ohm), hat es einen BOOST-Modus-Schalter an der Seite f\u00fcr Geschmacksverbesserung. Die Batterie- und E-Liquid-Kontrollleuchten erm\u00f6glichen es Ihnen, den Status der Batterie und des E-Saftes jederzeit zu \u00fcberwachen.<\/p>\n<p class=\"second-title\">Eigenschaften<\/p>\n<p>- 20ml vorgef\u00fclltes E-Liquid<\/p>\n<p>- 5%(50mg) Nikotinst\u00e4rke<\/p>\n<p>- Wiederaufladbarer 850mAh-Akku<\/p>\n<p>- Typ-C-Anschluss (nicht enthalten)<\/p>\n<p>- Ungef\u00e4hr 9000 Puffs<\/p>\n<p>- Dual Mesh 1.2ohm\/0.6ohm Spule<\/p>\n<p>- Zeichnen-aktiviert<\/p>\n<p>- MTL-Vaping<\/p>\n<p>- BOOST-Modus<\/p>\n<p>- Batterie- und E-Liquid-Anzeigelampen<\/p>","protected":false},"excerpt":{"rendered":"<p>Der Moti Duo 9000 Puffs Disposable Vape Wholesale kombiniert die Dual-Mesh-Coil-Technologie mit einer hohen Kapazit\u00e4t, die eine reichhaltige Dampfabgabe und ein geschmacksintensives Erlebnis gew\u00e4hrleistet.<\/p>","protected":false},"featured_media":5510,"comment_status":"open","ping_status":"closed","template":"","meta":[],"product_brand":[],"product_cat":[22],"product_tag":[],"class_list":{"0":"post-5266","1":"product","2":"type-product","3":"status-publish","4":"has-post-thumbnail","6":"product_cat-disposable-vape-sticks","8":"first","9":"instock","10":"shipping-taxable","11":"purchasable","12":"product-type-simple"},"jetpack_sharing_enabled":true,"tiered_pricing_type":"fixed","tiered_pricing_fixed_rules":{"1000":16,"10000":14,"50000":12},"tiered_pricing_product_settings":{"layout":"default","base_unit_name":{"singular":null,"plural":null},"default_variation":null},"tiered_pricing_minimum_quantity":100,"tiered_pricing_roles_data":[],"tiered_pricing_percentage_rules":[],"tiered_pricing_maximum_quantity":null,"tiered_pricing_quantity_step":null,"_links":{"self":[{"href":"https:\/\/cloudsupplyvapes.com\/de\/wp-json\/wp\/v2\/product\/5266","targetHints":{"allow":["GET"]}}],"collection":[{"href":"https:\/\/cloudsupplyvapes.com\/de\/wp-json\/wp\/v2\/product"}],"about":[{"href":"https:\/\/cloudsupplyvapes.com\/de\/wp-json\/wp\/v2\/types\/product"}],"replies":[{"embeddable":true,"href":"https:\/\/cloudsupplyvapes.com\/de\/wp-json\/wp\/v2\/comments?post=5266"}],"wp:featuredmedia":[{"embeddable":true,"href":"https:\/\/cloudsupplyvapes.com\/de\/wp-json\/wp\/v2\/media\/5510"}],"wp:attachment":[{"href":"https:\/\/cloudsupplyvapes.com\/de\/wp-json\/wp\/v2\/media?parent=5266"}],"wp:term":[{"taxonomy":"product_brand","embeddable":true,"href":"https:\/\/cloudsupplyvapes.com\/de\/wp-json\/wp\/v2\/product_brand?post=5266"},{"taxonomy":"product_cat","embeddable":true,"href":"https:\/\/cloudsupplyvapes.com\/de\/wp-json\/wp\/v2\/product_cat?post=5266"},{"taxonomy":"product_tag","embeddable":true,"href":"https:\/\/cloudsupplyvapes.com\/de\/wp-json\/wp\/v2\/product_tag?post=5266"}],"curies":[{"name":"wp","href":"https:\/\/api.w.org\/{rel}","templated":true}]}}