{"id":5268,"date":"2024-10-19T02:41:32","date_gmt":"2024-10-19T02:41:32","guid":{"rendered":"https:\/\/cloudsupplyvapes.com\/?post_type=product&#038;p=5268"},"modified":"2024-11-26T03:34:19","modified_gmt":"2024-11-26T03:34:19","slug":"-209","status":"publish","type":"product","link":"https:\/\/cloudsupplyvapes.com\/de\/product\/moti-boto-6000-puffs-disposable-vape-wholesale\/","title":{"rendered":"Moti BOTO 6000 Puffs Einweg Vape Gro\u00dfhandel glatt Dampf langlebig bauen"},"content":{"rendered":"<h2>Moti BOTO Einweg-Vape<\/h2>\n<ul class=\"top\">\n<li>Marke: Moti<\/li>\n<li>Einheit: Satz<\/li>\n<li>Typ: Einweg Vape<\/li>\n<li>Nettogewicht: 70(g)<\/li>\n<\/ul>\n<p>Die kombinierten Versandkosten werden automatisch vom System berechnet, nachdem Sie das Versandziel in der Kaufabwicklung ausgew\u00e4hlt haben.<\/p>\n<div class=\"title\">Moti BOTO Einweg-Vape EINLEITUNG<\/div>\n<p><b>Moti BOTO Einweg-Vape-Kit<\/b>\u00a0verf\u00fcgt \u00fcber eine hochmoderne Verdampferl\u00f6sung, die 6000 Z\u00fcge liefert und eine 14ml E-Liquid-Kapazit\u00e4t hat. Dieses Kit ist mit einem wiederaufladbaren 480mAh-Akku und einer Nikotinst\u00e4rke von 5% (50mg) ausgestattet, die zusammen mit der integrierten Mesh-Spule f\u00fcr einen sanften und befriedigenden Nikotinsto\u00df sorgt. Mit einem durch Ziehen aktivierten Z\u00fcndmechanismus ist dieses Einweg-Vape-Kit einfach zu bedienen und bietet ein problemloses Dampferlebnis. Holen Sie sich das Moti BOTO und genie\u00dfen Sie jedes Mal ein wirklich befriedigendes Dampferlebnis.<\/p>\n<p class=\"second-title\">Eigenschaften<\/p>\n<p>- 14ml vorgef\u00fcllter Vape-Saft<\/p>\n<p>- Wiederaufladbarer 480mAh-Akku<\/p>\n<p>- Typ-C Kabel<\/p>\n<p>- 5%(50mg) Nik-Salz<\/p>\n<p>- Ungef\u00e4hr 6000 Puffs<\/p>\n<p>- Maschenspule<a href=\"https:\/\/i0.wp.com\/shop.vape.hk\/wp-content\/uploads\/2023\/11\/moti-boto-disposable-vape_1.jpg?ssl=1\" target=\"_blank\" rel=\"noopener\"><img data-recalc-dims=\"1\" loading=\"lazy\" decoding=\"async\" class=\"alignnone size-full wp-image-125622\" src=\"https:\/\/i0.wp.com\/shop.vape.hk\/wp-content\/uploads\/2023\/11\/moti-boto-disposable-vape_1.jpg?resize=514%2C1920&#038;ssl=1\" alt=\"Moti BOTO 6000 Puffs Einweg Vape | Gro\u00dfhandel\" width=\"514\" height=\"1920\" title=\"\"><\/a><\/p>\n<p>- Zeichnen-aktiviert<\/p>\n<div class=\"title\">Moti BOTO Einweg-Vape SPEZIFIKATION<\/div>\n<p>Puffs: 6000<\/p>\n<p>E-Fl\u00fcssigkeit Kapazit\u00e4t: 14ml<\/p>\n<p>Akku: Wiederaufladbar 480mAh<\/p>\n<p>Aufladen: Typ-C<\/p>\n<p>Nikotinst\u00e4rke: 5%(50mg)<\/p>\n<p>Nikotin-Typ: Nik-Salz<\/p>\n<p>Heizelement: Mesh-Spule<\/p>\n<p>Durch Ziehen aktivierter Ausl\u00f6semechanismus<\/p>\n<p>&nbsp;<\/p>","protected":false},"excerpt":{"rendered":"<p>Die Moti BOTO 6000 Puffs Disposable Vape Gro\u00dfhandel liefert glatten Dampf mit einem dauerhaften Aufbau und leichte Konstruktion, ideal f\u00fcr konsistente und tragbare vaping.<\/p>","protected":false},"featured_media":5534,"comment_status":"open","ping_status":"closed","template":"","meta":[],"product_brand":[],"product_cat":[22],"product_tag":[],"class_list":{"0":"post-5268","1":"product","2":"type-product","3":"status-publish","4":"has-post-thumbnail","6":"product_cat-disposable-vape-sticks","8":"first","9":"instock","10":"shipping-taxable","11":"purchasable","12":"product-type-simple"},"jetpack_sharing_enabled":true,"tiered_pricing_type":"fixed","tiered_pricing_fixed_rules":{"1000":13,"10000":11,"50000":9},"tiered_pricing_product_settings":{"layout":"default","base_unit_name":{"singular":null,"plural":null},"default_variation":null},"tiered_pricing_minimum_quantity":100,"tiered_pricing_roles_data":[],"tiered_pricing_percentage_rules":[],"tiered_pricing_maximum_quantity":null,"tiered_pricing_quantity_step":null,"_links":{"self":[{"href":"https:\/\/cloudsupplyvapes.com\/de\/wp-json\/wp\/v2\/product\/5268","targetHints":{"allow":["GET"]}}],"collection":[{"href":"https:\/\/cloudsupplyvapes.com\/de\/wp-json\/wp\/v2\/product"}],"about":[{"href":"https:\/\/cloudsupplyvapes.com\/de\/wp-json\/wp\/v2\/types\/product"}],"replies":[{"embeddable":true,"href":"https:\/\/cloudsupplyvapes.com\/de\/wp-json\/wp\/v2\/comments?post=5268"}],"wp:featuredmedia":[{"embeddable":true,"href":"https:\/\/cloudsupplyvapes.com\/de\/wp-json\/wp\/v2\/media\/5534"}],"wp:attachment":[{"href":"https:\/\/cloudsupplyvapes.com\/de\/wp-json\/wp\/v2\/media?parent=5268"}],"wp:term":[{"taxonomy":"product_brand","embeddable":true,"href":"https:\/\/cloudsupplyvapes.com\/de\/wp-json\/wp\/v2\/product_brand?post=5268"},{"taxonomy":"product_cat","embeddable":true,"href":"https:\/\/cloudsupplyvapes.com\/de\/wp-json\/wp\/v2\/product_cat?post=5268"},{"taxonomy":"product_tag","embeddable":true,"href":"https:\/\/cloudsupplyvapes.com\/de\/wp-json\/wp\/v2\/product_tag?post=5268"}],"curies":[{"name":"wp","href":"https:\/\/api.w.org\/{rel}","templated":true}]}}