{"id":5269,"date":"2024-10-19T02:41:32","date_gmt":"2024-10-19T02:41:32","guid":{"rendered":"https:\/\/cloudsupplyvapes.com\/?post_type=product&#038;p=5269"},"modified":"2024-11-26T03:34:31","modified_gmt":"2024-11-26T03:34:31","slug":"-210","status":"publish","type":"product","link":"https:\/\/cloudsupplyvapes.com\/de\/product\/moti-beaker-5000-puffs-rechargeable-disposable-vape-wholesale\/","title":{"rendered":"Moti Beaker 5000 Puffs Wiederaufladbare Einweg Vape Gro\u00dfhandel Kompakt Langlebige Batterie"},"content":{"rendered":"<h2>Moti Becher 5000 Einweg<\/h2>\n<ul class=\"top\">\n<li style=\"list-style-type: none;\">\n<ul class=\"top\">\n<li>Marke: Moti<\/li>\n<li>Einheit: Satz<\/li>\n<li>Typ: Einweg Vape<\/li>\n<li>Nettogewicht: 70(g)<\/li>\n<\/ul>\n<\/li>\n<\/ul>\n<p>Die kombinierten Versandkosten werden automatisch vom System berechnet, nachdem Sie das Versandziel in der Kaufabwicklung ausgew\u00e4hlt haben.<\/p>\n<div class=\"title\">Moti Becher 5000 Einweg EINLEITUNG<\/div>\n<p><b>Moti Becher 5000 Einweg<\/b>\u00a0wird Ihre Geschmacksknospen mit \u00fcberraschend 5000 Puff z\u00e4hlt slather. Kombinieren Sie die maximale Ausgangsleistung von 11,7W und laden Sie 12ml E-Saft in 5% (50mg) Nikotin, es gibt Ihnen lebendigen Geschmack. Es l\u00e4uft auf einem internen 650mAh Akku und kann \u00fcber einen Typ-C-Anschluss aufgeladen werden, passend zu den Hochleistungs 1,1 Ohm Mesh-Spule, um ideale Dampf zu produzieren. Das Ger\u00e4t ist niedlich und verf\u00fcgt \u00fcber einen Becher Form, nehmen Sie einen Zug und Spa\u00df mit ihnen haben.<\/p>\n<p class=\"second-title\">Eigenschaften<\/p>\n<p>- 5000 Puffs<\/p>\n<p>- Vorgef\u00fcllter 12ml Vape-Saft<\/p>\n<p>- Wiederaufladbarer 650mAh-Akku<\/p>\n<p>- 5%(50mg) Nikotin<\/p>\n<p>- 1.1ohm Mesh-Spule<\/p>\n<p>- Max. 11,7 W Leistung<\/p>\n<p>- Becherf\u00f6rmig<\/p>\n<p>- MTL Unentschieden<\/p>\n<p>- Zeichnen-aktiviert<\/p>\n<div class=\"title\">Moti Becher 5000 Einweg SPEZIFIKATIONEN<\/div>\n<p>Puffs: 5000<\/p>\n<p>E-Fl\u00fcssigkeit Kapazit\u00e4t: 12ml<\/p>\n<p>Nikotin: 5%(50mg)<\/p>\n<p>Nikotin-Typ: Nikotinsalz<\/p>\n<p>Akku-Kapazit\u00e4t: Wiederaufladbar 650mAh<\/p>\n<p>Ladeger\u00e4t: Typ-C<\/p>\n<p>Leistung: 11,7 W<\/p>\n<p>Spule Widerstand: 1.1ohm Mesh<\/p>\n<p>Abfeuermechanismus: Ziehaktiviert<\/p>\n<p>Zutaten:<\/p>\n<p>Pflanzliches Glycerin, Propylenglykol, Nikotinsalz, k\u00fcnstliche und nat\u00fcrliche Aromastoffe<\/p>\n<p>&nbsp;<\/p>\n<p><b>Geschmack:<\/b><\/p>\n<p>Lychee-Eis<\/p>\n<p>\u00dcppiges Eis<\/p>\n<p>Pfirsich-Zitrone<\/p>\n<p>Zitronen-Eiscreme<\/p>\n<p>Cola Fizz<\/p>\n<p>Pfefferminz<\/p>\n<p>Kiwi-Guave<\/p>\n<p>Aloe Traube<\/p>\n<p>Blaues Razzeis<\/p>\n<p>Zitrusbeeren<\/p>\n<p><a href=\"https:\/\/i0.wp.com\/shop.vape.hk\/wp-content\/uploads\/2023\/11\/moti-beaker-5000-disposable_1.jpg?ssl=1\" target=\"_blank\" rel=\"noopener\"><img data-recalc-dims=\"1\" loading=\"lazy\" decoding=\"async\" class=\"alignnone size-full wp-image-125637\" src=\"https:\/\/i0.wp.com\/shop.vape.hk\/wp-content\/uploads\/2023\/11\/moti-beaker-5000-disposable_1.jpg?resize=900%2C1326&#038;ssl=1\" alt=\"Moti Beaker 5000 Puffs Wiederaufladbare Einweg Vape | Gro\u00dfhandel\" width=\"900\" height=\"1326\" title=\"\"><\/a><\/p>","protected":false},"excerpt":{"rendered":"<p>Der Moti Beaker 5000 Puffs Rechargeable Disposable Vape Wholesale zeichnet sich durch sein kompaktes Design und seine langlebige Batterie aus, was ihn perfekt f\u00fcr zuverl\u00e4ssige und umweltfreundliche Vaping-Sessions macht.<\/p>","protected":false},"featured_media":5541,"comment_status":"open","ping_status":"closed","template":"","meta":[],"product_brand":[],"product_cat":[22],"product_tag":[],"class_list":{"0":"post-5269","1":"product","2":"type-product","3":"status-publish","4":"has-post-thumbnail","6":"product_cat-disposable-vape-sticks","8":"first","9":"instock","10":"shipping-taxable","11":"purchasable","12":"product-type-simple"},"jetpack_sharing_enabled":true,"tiered_pricing_type":"fixed","tiered_pricing_fixed_rules":{"1000":16,"10000":14,"50000":12},"tiered_pricing_product_settings":{"layout":"default","base_unit_name":{"singular":null,"plural":null},"default_variation":null},"tiered_pricing_minimum_quantity":100,"tiered_pricing_roles_data":[],"tiered_pricing_percentage_rules":[],"tiered_pricing_maximum_quantity":null,"tiered_pricing_quantity_step":null,"_links":{"self":[{"href":"https:\/\/cloudsupplyvapes.com\/de\/wp-json\/wp\/v2\/product\/5269","targetHints":{"allow":["GET"]}}],"collection":[{"href":"https:\/\/cloudsupplyvapes.com\/de\/wp-json\/wp\/v2\/product"}],"about":[{"href":"https:\/\/cloudsupplyvapes.com\/de\/wp-json\/wp\/v2\/types\/product"}],"replies":[{"embeddable":true,"href":"https:\/\/cloudsupplyvapes.com\/de\/wp-json\/wp\/v2\/comments?post=5269"}],"wp:featuredmedia":[{"embeddable":true,"href":"https:\/\/cloudsupplyvapes.com\/de\/wp-json\/wp\/v2\/media\/5541"}],"wp:attachment":[{"href":"https:\/\/cloudsupplyvapes.com\/de\/wp-json\/wp\/v2\/media?parent=5269"}],"wp:term":[{"taxonomy":"product_brand","embeddable":true,"href":"https:\/\/cloudsupplyvapes.com\/de\/wp-json\/wp\/v2\/product_brand?post=5269"},{"taxonomy":"product_cat","embeddable":true,"href":"https:\/\/cloudsupplyvapes.com\/de\/wp-json\/wp\/v2\/product_cat?post=5269"},{"taxonomy":"product_tag","embeddable":true,"href":"https:\/\/cloudsupplyvapes.com\/de\/wp-json\/wp\/v2\/product_tag?post=5269"}],"curies":[{"name":"wp","href":"https:\/\/api.w.org\/{rel}","templated":true}]}}