{"id":578,"date":"2024-10-19T02:13:26","date_gmt":"2024-10-19T02:13:26","guid":{"rendered":"https:\/\/cloudsupplyvapes.com\/?post_type=product&#038;p=578"},"modified":"2024-11-26T09:32:52","modified_gmt":"2024-11-26T09:32:52","slug":"iget-king-2600-puffs-einweg-groshandel","status":"publish","type":"product","link":"https:\/\/cloudsupplyvapes.com\/de\/product\/iget-king-2600-puffs-disposable-wholesale\/","title":{"rendered":"IGET King 2600 Puffs Einweg Vape Gro\u00dfhandel Kompakt Glatte Vapor Output"},"content":{"rendered":"<p>Gr\u00f6\u00dfe: 20,5 x 20,5 x 114,5 mm<br \/>\nBatteriekapazit\u00e4t: 1400mAh<br \/>\nPuffs insgesamt: + 2600 Puffs<br \/>\nE-Fl\u00fcssigkeit Kapazit\u00e4t: 8.5ml<\/p>\n<p>&nbsp;<\/p>\n<p>Geschmack:<\/p>\n<ul class=\"attr_list left\">\n<li class=\"product_info_attr_detail attr1_wxf on\" data-attr=\"0\">K\u00fchler Pfirsich(60mg)<\/li>\n<li class=\"product_info_attr_detail attr1_wxf\" data-attr=\"0\">Geeiste Traube(60mg)<\/li>\n<li class=\"product_info_attr_detail attr1_wxf\" data-attr=\"0\">Lush Fruit(60mg)<\/li>\n<li class=\"product_info_attr_detail attr1_wxf\" data-attr=\"0\">Ananassaft-Eis(60mg)<\/li>\n<li class=\"product_info_attr_detail attr1_wxf\" data-attr=\"0\">Geeiste Heidelbeere(60mg)<\/li>\n<li class=\"product_info_attr_detail attr1_wxf\" data-attr=\"0\">Passionsfrucht-Ananas-Cranberry-Eis(60mg)<\/li>\n<li class=\"product_info_attr_detail attr1_wxf\" data-attr=\"0\">Mango-Bombe(60mg)<\/li>\n<li class=\"product_info_attr_detail attr1_wxf\" data-attr=\"0\">Erdbeere-Wassermelone(60mg)<\/li>\n<li class=\"product_info_attr_detail attr1_wxf\" data-attr=\"0\">Brombeer-Himbeer-Eis(60mg)<\/li>\n<\/ul>","protected":false},"excerpt":{"rendered":"<p>IGET King 2600 Puffs Disposable Vape Wholesale bietet ein kompaktes Design, eine hohe Nikotinst\u00e4rke und eine gleichm\u00e4\u00dfige Dampfproduktion f\u00fcr bequeme und befriedigende Verdampfungssessions.<\/p>","protected":false},"featured_media":610,"comment_status":"open","ping_status":"closed","template":"","meta":[],"product_brand":[],"product_cat":[22],"product_tag":[64],"class_list":{"0":"post-578","1":"product","2":"type-product","3":"status-publish","4":"has-post-thumbnail","6":"product_cat-disposable-vape-sticks","7":"product_tag-iget","9":"first","10":"instock","11":"shipping-taxable","12":"purchasable","13":"product-type-simple"},"jetpack_sharing_enabled":true,"tiered_pricing_type":"fixed","tiered_pricing_fixed_rules":{"1000":11.5,"10000":11,"30000":10.5},"tiered_pricing_product_settings":{"layout":"default","base_unit_name":{"singular":null,"plural":null},"default_variation":null},"tiered_pricing_minimum_quantity":60,"tiered_pricing_roles_data":[],"tiered_pricing_percentage_rules":[],"tiered_pricing_maximum_quantity":null,"tiered_pricing_quantity_step":null,"_links":{"self":[{"href":"https:\/\/cloudsupplyvapes.com\/de\/wp-json\/wp\/v2\/product\/578","targetHints":{"allow":["GET"]}}],"collection":[{"href":"https:\/\/cloudsupplyvapes.com\/de\/wp-json\/wp\/v2\/product"}],"about":[{"href":"https:\/\/cloudsupplyvapes.com\/de\/wp-json\/wp\/v2\/types\/product"}],"replies":[{"embeddable":true,"href":"https:\/\/cloudsupplyvapes.com\/de\/wp-json\/wp\/v2\/comments?post=578"}],"wp:featuredmedia":[{"embeddable":true,"href":"https:\/\/cloudsupplyvapes.com\/de\/wp-json\/wp\/v2\/media\/610"}],"wp:attachment":[{"href":"https:\/\/cloudsupplyvapes.com\/de\/wp-json\/wp\/v2\/media?parent=578"}],"wp:term":[{"taxonomy":"product_brand","embeddable":true,"href":"https:\/\/cloudsupplyvapes.com\/de\/wp-json\/wp\/v2\/product_brand?post=578"},{"taxonomy":"product_cat","embeddable":true,"href":"https:\/\/cloudsupplyvapes.com\/de\/wp-json\/wp\/v2\/product_cat?post=578"},{"taxonomy":"product_tag","embeddable":true,"href":"https:\/\/cloudsupplyvapes.com\/de\/wp-json\/wp\/v2\/product_tag?post=578"}],"curies":[{"name":"wp","href":"https:\/\/api.w.org\/{rel}","templated":true}]}}