{"id":6008,"date":"2024-10-19T02:45:33","date_gmt":"2024-10-19T02:45:33","guid":{"rendered":"https:\/\/cloudsupplyvapes.com\/?post_type=product&#038;p=6008"},"modified":"2024-11-25T08:52:26","modified_gmt":"2024-11-25T08:52:26","slug":"-214","status":"publish","type":"product","link":"https:\/\/cloudsupplyvapes.com\/de\/product\/bang-king-12000-puffs-disposable-vape-wholesale\/","title":{"rendered":"Bang King 12000 Puffs Einweg Vape Gro\u00dfhandel langlebig langlebige Batterie"},"content":{"rendered":"<h2>Bang King 12000 Einweg-Vape<\/h2>\n<ul class=\"top\">\n<li style=\"list-style-type: none;\">\n<ul class=\"top\">\n<li>Marke:\u00a0<b>K\u00f6nig Bang<\/b><\/li>\n<li>Einheit: Satz<\/li>\n<li>Art:\u00a0<b>Einweg-Vape<\/b><\/li>\n<li>Nettogewicht: 70(g)<\/li>\n<\/ul>\n<\/li>\n<\/ul>\n<p>Die kombinierten Versandkosten werden automatisch vom System berechnet, nachdem Sie das Versandziel in der Kaufabwicklung ausgew\u00e4hlt haben.<\/p>\n<div class=\"title\">Bang King 12000 Einweg-Vape EINLEITUNG<\/div>\n<p><b>Bang King 12000 Einweg-Vape<\/b>\u00a0verwaltet, um einen sch\u00f6nen nat\u00fcrlichen Geschmack \u00fcber eine kr\u00e4ftige 23ml vorgef\u00fcllte e-Fl\u00fcssigkeit bieten, hat jedes Ger\u00e4t eine 12000 Puff Lebensdauer. Unter Verwendung eines integrierten Mesh-Spule, kann es Sie mit Saftigkeit auf dem Inhalieren zu schlagen. Das einzigartige flaschenf\u00f6rmige Ger\u00e4t ist mit 5% (50mg) Nikotinst\u00e4rke gepaart, die f\u00fcr Menschen geeignet ist, die f\u00fcr glattere vape und Nikotin cravings jagen. Angetrieben von einem wiederaufladbaren 650mAh-Akku, dient die 12000 puff count vaping Sitzungen f\u00fcr Wochen.<\/p>\n<p class=\"second-title\">Eigenschaften<\/p>\n<p>- 23ml Vorgef\u00fclltes E-Liquid<\/p>\n<p>- 5%(50mg) Nikotinst\u00e4rke<\/p>\n<p>- Wiederaufladbarer 650mAh-Akku<\/p>\n<p>- USB Typ-C (nicht enthalten)<\/p>\n<p>- Ungef\u00e4hr 12000 Puffs<\/p>\n<p>- Maschenspule<\/p>\n<p>- Zeichnen-aktiviert<\/p>\n<p>- MTL-Vaping<\/p>","protected":false},"excerpt":{"rendered":"<p>Bang King 12000 Puffs Disposable Vape Wholesale verf\u00fcgt \u00fcber eine robuste Bauweise und eine langlebige Batterie, die eine gleichbleibende Leistung und reichhaltigen Dampf f\u00fcr einen l\u00e4ngeren Gebrauch bietet.<\/p>","protected":false},"featured_media":6194,"comment_status":"open","ping_status":"closed","template":"","meta":[],"product_brand":[],"product_cat":[481,22],"product_tag":[],"class_list":{"0":"post-6008","1":"product","2":"type-product","3":"status-publish","4":"has-post-thumbnail","6":"product_cat-bang","7":"product_cat-disposable-vape-sticks","9":"first","10":"instock","11":"shipping-taxable","12":"purchasable","13":"product-type-simple"},"jetpack_sharing_enabled":true,"tiered_pricing_type":"fixed","tiered_pricing_fixed_rules":{"1000":16,"10000":14,"50000":12},"tiered_pricing_product_settings":{"layout":"default","base_unit_name":{"singular":null,"plural":null},"default_variation":null},"tiered_pricing_minimum_quantity":100,"tiered_pricing_roles_data":[],"tiered_pricing_percentage_rules":[],"tiered_pricing_maximum_quantity":null,"tiered_pricing_quantity_step":null,"_links":{"self":[{"href":"https:\/\/cloudsupplyvapes.com\/de\/wp-json\/wp\/v2\/product\/6008","targetHints":{"allow":["GET"]}}],"collection":[{"href":"https:\/\/cloudsupplyvapes.com\/de\/wp-json\/wp\/v2\/product"}],"about":[{"href":"https:\/\/cloudsupplyvapes.com\/de\/wp-json\/wp\/v2\/types\/product"}],"replies":[{"embeddable":true,"href":"https:\/\/cloudsupplyvapes.com\/de\/wp-json\/wp\/v2\/comments?post=6008"}],"wp:featuredmedia":[{"embeddable":true,"href":"https:\/\/cloudsupplyvapes.com\/de\/wp-json\/wp\/v2\/media\/6194"}],"wp:attachment":[{"href":"https:\/\/cloudsupplyvapes.com\/de\/wp-json\/wp\/v2\/media?parent=6008"}],"wp:term":[{"taxonomy":"product_brand","embeddable":true,"href":"https:\/\/cloudsupplyvapes.com\/de\/wp-json\/wp\/v2\/product_brand?post=6008"},{"taxonomy":"product_cat","embeddable":true,"href":"https:\/\/cloudsupplyvapes.com\/de\/wp-json\/wp\/v2\/product_cat?post=6008"},{"taxonomy":"product_tag","embeddable":true,"href":"https:\/\/cloudsupplyvapes.com\/de\/wp-json\/wp\/v2\/product_tag?post=6008"}],"curies":[{"name":"wp","href":"https:\/\/api.w.org\/{rel}","templated":true}]}}