{"id":6081,"date":"2024-10-19T02:45:55","date_gmt":"2024-10-19T02:45:55","guid":{"rendered":"https:\/\/cloudsupplyvapes.com\/?post_type=product&#038;p=6081"},"modified":"2024-11-25T08:52:03","modified_gmt":"2024-11-25T08:52:03","slug":"-216","status":"publish","type":"product","link":"https:\/\/cloudsupplyvapes.com\/de\/product\/elfbar-te6000-6000-puffs-disposable-vape-wholesale\/","title":{"rendered":"Elfbar TE6000 6000 Puffs Einweg Vape Gro\u00dfhandel Ultra Portable Smooth Vapor"},"content":{"rendered":"<div class=\"new-product-msg prodes\">\n<h2>Elf Bar TE6000 Einweg-Vape<\/h2>\n<ul class=\"top\">\n<li>Marke:\u00a0<b>ElfBar<\/b><\/li>\n<li>Einheit: Satz<\/li>\n<li>Art:\u00a0<b>Einweg-Vape<\/b><\/li>\n<li>Nettogewicht: 70(g)<\/li>\n<\/ul>\n<p>Die kombinierten Versandkosten werden automatisch vom System berechnet, nachdem Sie das Versandziel in der Kaufabwicklung ausgew\u00e4hlt haben.<\/p>\n<div class=\"title\">Elf Bar TE6000 Einweg-Vape EINLEITUNG<\/div>\n<p><b>Elf Bar TE6000 Einweg-Vape-Kit<\/b>\u00a0bietet beeindruckende 6000 Z\u00fcge und 13ml vorgef\u00fclltes E-Liquid mit 5% (50mg) Nikotinst\u00e4rke. Dieses Ger\u00e4t ist perfekt f\u00fcr Dampfer, die ihre Lieblingsgeschmacksrichtungen genie\u00dfen wollen, ohne sich Gedanken \u00fcber das Nachf\u00fcllen zu machen. Ausgestattet mit einem wiederaufladbaren internen Akku und einer E-Liquid- und Batterieanzeige ist dieses Vape-Kit nicht nur bequem, sondern auch einfach zu bedienen. Die Mesh Coil-Technologie sorgt f\u00fcr eine au\u00dfergew\u00f6hnliche Geschmacksabgabe, w\u00e4hrend die transparente H\u00fclle und Innenbeschichtung einen klaren Blick auf den E-Liquid-F\u00fcllstand erm\u00f6glichen.<\/p>\n<\/div>\n<table class=\"table table-bordered\">\n<tbody>\n<tr>\n<td>Eigenschaften<\/td>\n<td>Elf Bar TE6000<\/td>\n<td>Elf Bar TE5000<\/td>\n<\/tr>\n<tr>\n<td>Batteriekapazit\u00e4t<\/td>\n<td>550mAh<\/td>\n<td>550mAh<\/td>\n<\/tr>\n<tr>\n<td>Pod-Kapazit\u00e4t<\/td>\n<td>Gr\u00f6\u00dfer (ca. 13ml)<\/td>\n<td>Kleiner (ca. 13,5 ml)<\/td>\n<\/tr>\n<tr>\n<td>Lebenserwartung<\/td>\n<td>L\u00e4nger (etwa 6000 Z\u00fcge)<\/td>\n<td>k\u00fcrzer (ca. 5000 Z\u00fcge)<\/td>\n<\/tr>\n<tr>\n<td>Spule Typ<\/td>\n<td>Maschenspule<\/td>\n<td>Maschenspule<\/td>\n<\/tr>\n<tr>\n<td>Methode der Aufladung<\/td>\n<td>Wiederaufladbar<\/td>\n<td>Wiederaufladbar<\/td>\n<\/tr>\n<tr>\n<td>Design-Stil<\/td>\n<td>Modernes Design<\/td>\n<td>Minimalistisches Design<\/td>\n<\/tr>\n<\/tbody>\n<\/table>\n<p><a href=\"https:\/\/i0.wp.com\/shop.vape.hk\/wp-content\/uploads\/2023\/11\/Elf_Bar_TE6000.jpg?ssl=1\" target=\"_blank\" rel=\"noopener\"><img data-recalc-dims=\"1\" loading=\"lazy\" decoding=\"async\" class=\"alignnone size-full wp-image-126919\" src=\"https:\/\/i0.wp.com\/shop.vape.hk\/wp-content\/uploads\/2023\/11\/Elf_Bar_TE6000.jpg?resize=1020%2C686&#038;ssl=1\" alt=\"Elfbar TE6000 6000 Puffs Einweg Vape | Gro\u00dfhandel\" width=\"1020\" height=\"686\" title=\"\"><\/a><\/p>","protected":false},"excerpt":{"rendered":"<p>Die Elfbar TE6000 6000 Puffs Disposable Vape Wholesale bietet ultra-portablen Komfort, sanfte Dampfproduktion und ein leichtes ergonomisches Design f\u00fcr m\u00fcheloses Dampfen.<\/p>","protected":false},"featured_media":6371,"comment_status":"open","ping_status":"closed","template":"","meta":[],"product_brand":[],"product_cat":[22],"product_tag":[],"class_list":{"0":"post-6081","1":"product","2":"type-product","3":"status-publish","4":"has-post-thumbnail","6":"product_cat-disposable-vape-sticks","8":"first","9":"instock","10":"shipping-taxable","11":"purchasable","12":"product-type-simple"},"jetpack_sharing_enabled":true,"tiered_pricing_type":"fixed","tiered_pricing_fixed_rules":{"1000":13,"10000":11,"50000":9},"tiered_pricing_product_settings":{"layout":"default","base_unit_name":{"singular":null,"plural":null},"default_variation":null},"tiered_pricing_minimum_quantity":100,"tiered_pricing_roles_data":[],"tiered_pricing_percentage_rules":[],"tiered_pricing_maximum_quantity":null,"tiered_pricing_quantity_step":null,"_links":{"self":[{"href":"https:\/\/cloudsupplyvapes.com\/de\/wp-json\/wp\/v2\/product\/6081","targetHints":{"allow":["GET"]}}],"collection":[{"href":"https:\/\/cloudsupplyvapes.com\/de\/wp-json\/wp\/v2\/product"}],"about":[{"href":"https:\/\/cloudsupplyvapes.com\/de\/wp-json\/wp\/v2\/types\/product"}],"replies":[{"embeddable":true,"href":"https:\/\/cloudsupplyvapes.com\/de\/wp-json\/wp\/v2\/comments?post=6081"}],"wp:featuredmedia":[{"embeddable":true,"href":"https:\/\/cloudsupplyvapes.com\/de\/wp-json\/wp\/v2\/media\/6371"}],"wp:attachment":[{"href":"https:\/\/cloudsupplyvapes.com\/de\/wp-json\/wp\/v2\/media?parent=6081"}],"wp:term":[{"taxonomy":"product_brand","embeddable":true,"href":"https:\/\/cloudsupplyvapes.com\/de\/wp-json\/wp\/v2\/product_brand?post=6081"},{"taxonomy":"product_cat","embeddable":true,"href":"https:\/\/cloudsupplyvapes.com\/de\/wp-json\/wp\/v2\/product_cat?post=6081"},{"taxonomy":"product_tag","embeddable":true,"href":"https:\/\/cloudsupplyvapes.com\/de\/wp-json\/wp\/v2\/product_tag?post=6081"}],"curies":[{"name":"wp","href":"https:\/\/api.w.org\/{rel}","templated":true}]}}