{"id":675,"date":"2024-10-19T02:14:15","date_gmt":"2024-10-19T02:14:15","guid":{"rendered":"https:\/\/cloudsupplyvapes.com\/?post_type=product&#038;p=675"},"modified":"2024-11-26T09:32:11","modified_gmt":"2024-11-26T09:32:11","slug":"wieder-daymax-2500-puff-einweg-groshandel","status":"publish","type":"product","link":"https:\/\/cloudsupplyvapes.com\/de\/product\/again-daymax-2500-puff-disposable-wholesale\/","title":{"rendered":"Wieder Daymax 2500 Puff Einweg Vape Gro\u00dfhandel kompaktes geringes Gewicht bauen"},"content":{"rendered":"<p>Spezifikationen:<\/p>\n<div class=\"rich-text-table\">\n<table border=\"1\" cellspacing=\"1\" cellpadding=\"1\">\n<tbody>\n<tr>\n<td>Kapazit\u00e4t der Fl\u00fcssigkeit<\/td>\n<td>7,5 ml<\/td>\n<\/tr>\n<tr>\n<td>Kapazit\u00e4t der Batterie<\/td>\n<td>1200mAh<\/td>\n<\/tr>\n<tr>\n<td>Puffs<\/td>\n<td>2500+ Z\u00fcge<\/td>\n<\/tr>\n<tr>\n<td>Gr\u00f6\u00dfe<\/td>\n<td>L\u00e4nge: 117 mm; Durchmesser: 22 mm<\/td>\n<\/tr>\n<tr>\n<td>Nikotinspiegel<\/td>\n<td>5%<\/td>\n<\/tr>\n<\/tbody>\n<\/table>\n<\/div>\n<p>Geschm\u00e4cker :<\/p>\n<div>\n<div>Erdbeer-Shake<\/div>\n<div>Bananenshake<\/div>\n<div>Ananas&amp;Kokosnuss<\/div>\n<div>Cola Rum<\/div>\n<div>Pfirsich&amp;Beere<\/div>\n<div>Doppelter Apfel<\/div>\n<div>Wassermelone mit Eis<\/div>\n<div>Weintrauben<\/div>\n<div>Blaue Himbeere<\/div>\n<\/div>","protected":false},"excerpt":{"rendered":"<p>Die Daymax 2500 Puff Disposable Vape Wholesale zeichnet sich durch ein kompaktes Design, eine gleichm\u00e4\u00dfige Dampfproduktion und eine anf\u00e4ngerfreundliche Bedienung aus, die ein problemloses Dampferlebnis erm\u00f6glicht.<\/p>","protected":false},"featured_media":710,"comment_status":"open","ping_status":"closed","template":"","meta":[],"product_brand":[],"product_cat":[22],"product_tag":[],"class_list":{"0":"post-675","1":"product","2":"type-product","3":"status-publish","4":"has-post-thumbnail","6":"product_cat-disposable-vape-sticks","8":"first","9":"instock","10":"shipping-taxable","11":"purchasable","12":"product-type-simple"},"jetpack_sharing_enabled":true,"tiered_pricing_type":"fixed","tiered_pricing_fixed_rules":[],"tiered_pricing_product_settings":{"layout":"default","base_unit_name":{"singular":null,"plural":null},"default_variation":null},"tiered_pricing_minimum_quantity":null,"tiered_pricing_roles_data":[],"tiered_pricing_percentage_rules":[],"tiered_pricing_maximum_quantity":null,"tiered_pricing_quantity_step":null,"_links":{"self":[{"href":"https:\/\/cloudsupplyvapes.com\/de\/wp-json\/wp\/v2\/product\/675","targetHints":{"allow":["GET"]}}],"collection":[{"href":"https:\/\/cloudsupplyvapes.com\/de\/wp-json\/wp\/v2\/product"}],"about":[{"href":"https:\/\/cloudsupplyvapes.com\/de\/wp-json\/wp\/v2\/types\/product"}],"replies":[{"embeddable":true,"href":"https:\/\/cloudsupplyvapes.com\/de\/wp-json\/wp\/v2\/comments?post=675"}],"wp:featuredmedia":[{"embeddable":true,"href":"https:\/\/cloudsupplyvapes.com\/de\/wp-json\/wp\/v2\/media\/710"}],"wp:attachment":[{"href":"https:\/\/cloudsupplyvapes.com\/de\/wp-json\/wp\/v2\/media?parent=675"}],"wp:term":[{"taxonomy":"product_brand","embeddable":true,"href":"https:\/\/cloudsupplyvapes.com\/de\/wp-json\/wp\/v2\/product_brand?post=675"},{"taxonomy":"product_cat","embeddable":true,"href":"https:\/\/cloudsupplyvapes.com\/de\/wp-json\/wp\/v2\/product_cat?post=675"},{"taxonomy":"product_tag","embeddable":true,"href":"https:\/\/cloudsupplyvapes.com\/de\/wp-json\/wp\/v2\/product_tag?post=675"}],"curies":[{"name":"wp","href":"https:\/\/api.w.org\/{rel}","templated":true}]}}