{"id":682,"date":"2024-10-19T02:14:16","date_gmt":"2024-10-19T02:14:16","guid":{"rendered":"https:\/\/cloudsupplyvapes.com\/?post_type=product&#038;p=682"},"modified":"2024-11-26T09:31:50","modified_gmt":"2024-11-26T09:31:50","slug":"iget-bar-3500-puff-einweg-groshandel","status":"publish","type":"product","link":"https:\/\/cloudsupplyvapes.com\/de\/product\/iget-bar-3500-puffs-disposable-vape-wholesale\/","title":{"rendered":"Iget Bar 3500 Puffs Disposable Vape Gro\u00dfhandel Portable High-Performance Vape"},"content":{"rendered":"<p><strong>Geschmack:<\/strong><br \/>\nGRAPE ICE<br \/>\nDOPPELTER APFEL<br \/>\nEIS<br \/>\nERDBEER-WASSERMELONEN-EIS<br \/>\nBLACKBERRY IC<br \/>\nMANGO IC<br \/>\nHEIDELBEERE HIMBEERE IC<br \/>\nERDBEER-KIWI-EIS<br \/>\nCOLA ICE<br \/>\nBLAUBEEREIS<br \/>\nKirsche Granatapfel<br \/>\nPFIRSICH-EIS<br \/>\nLUSH ICE<\/p>\n<p>&nbsp;<\/p>\n<p><strong>Merkmale:<\/strong><\/p>\n<ul>\n<li>Nikotingehalt: 5% (50 mg\/ml)<\/li>\n<li>Fl\u00fcssigkeitskapazit\u00e4t: 12 ml<\/li>\n<li>Gr\u00f6\u00dfe: 41,2 \u00d7 19,5 \u00d7 94,5 mm<\/li>\n<li>Akku: 1500 mAh<\/li>\n<li>Z\u00fcge: 3500 Z\u00fcge<\/li>\n<\/ul>\n<p>Verwandtes Produkt:<\/p>\n<blockquote class=\"wp-embedded-content\" data-secret=\"YiA7JqEx44\"><p><a href=\"https:\/\/shop.vape.hk\/product\/iget-bar\/\" target=\"_blank\" rel=\"noopener\">Iget Bar 3500 Puffs 12 ml Einweg-Vape Gro\u00dfhandel \u2013 Lang anhaltender Geschmack und Design mit hoher Kapazit\u00e4t<\/a><\/p><\/blockquote>\n<p><iframe loading=\"lazy\" class=\"wp-embedded-content\" sandbox=\"allow-scripts\" security=\"restricted\" style=\"position: absolute; visibility: hidden;\" title=\"\u201cIget Bar 3500 Puffs 12 ml Einweg-Vape Gro\u00dfhandel \u2013 Lang anhaltender Geschmack und Design mit hoher Kapazit\u00e4t\u201d \u2013 VAPE HK SHOP | GROSSHANDEL\" src=\"https:\/\/shop.vape.hk\/product\/iget-bar\/embed\/#?secret=ZFGEB05d0d#?secret=YiA7JqEx44\" data-secret=\"YiA7JqEx44\" width=\"600\" height=\"338\" frameborder=\"0\" marginwidth=\"0\" marginheight=\"0\" scrolling=\"no\"><\/iframe><\/p>","protected":false},"excerpt":{"rendered":"<p>Iget Bar 3500 Puffs Einweg-Vape Gro\u00dfhandel bietet eine gleichm\u00e4\u00dfige Dampfleistung, ein tragbares Design und eine zuverl\u00e4ssige Akkuleistung f\u00fcr ein konsistentes Vaping-Erlebnis.<\/p>","protected":false},"featured_media":717,"comment_status":"open","ping_status":"closed","template":"","meta":[],"product_brand":[],"product_cat":[22],"product_tag":[64],"class_list":{"0":"post-682","1":"product","2":"type-product","3":"status-publish","4":"has-post-thumbnail","6":"product_cat-disposable-vape-sticks","7":"product_tag-iget","9":"first","10":"instock","11":"shipping-taxable","12":"purchasable","13":"product-type-simple"},"jetpack_sharing_enabled":true,"tiered_pricing_type":"fixed","tiered_pricing_fixed_rules":{"1000":10.4000000000000003552713678800500929355621337890625,"5000":9.5,"10000":8,"30000":7},"tiered_pricing_product_settings":{"layout":"default","base_unit_name":{"singular":null,"plural":null},"default_variation":null},"tiered_pricing_minimum_quantity":200,"tiered_pricing_roles_data":[],"tiered_pricing_percentage_rules":[],"tiered_pricing_maximum_quantity":null,"tiered_pricing_quantity_step":null,"_links":{"self":[{"href":"https:\/\/cloudsupplyvapes.com\/de\/wp-json\/wp\/v2\/product\/682","targetHints":{"allow":["GET"]}}],"collection":[{"href":"https:\/\/cloudsupplyvapes.com\/de\/wp-json\/wp\/v2\/product"}],"about":[{"href":"https:\/\/cloudsupplyvapes.com\/de\/wp-json\/wp\/v2\/types\/product"}],"replies":[{"embeddable":true,"href":"https:\/\/cloudsupplyvapes.com\/de\/wp-json\/wp\/v2\/comments?post=682"}],"wp:featuredmedia":[{"embeddable":true,"href":"https:\/\/cloudsupplyvapes.com\/de\/wp-json\/wp\/v2\/media\/717"}],"wp:attachment":[{"href":"https:\/\/cloudsupplyvapes.com\/de\/wp-json\/wp\/v2\/media?parent=682"}],"wp:term":[{"taxonomy":"product_brand","embeddable":true,"href":"https:\/\/cloudsupplyvapes.com\/de\/wp-json\/wp\/v2\/product_brand?post=682"},{"taxonomy":"product_cat","embeddable":true,"href":"https:\/\/cloudsupplyvapes.com\/de\/wp-json\/wp\/v2\/product_cat?post=682"},{"taxonomy":"product_tag","embeddable":true,"href":"https:\/\/cloudsupplyvapes.com\/de\/wp-json\/wp\/v2\/product_tag?post=682"}],"curies":[{"name":"wp","href":"https:\/\/api.w.org\/{rel}","templated":true}]}}