{"id":683,"date":"2024-10-19T02:14:16","date_gmt":"2024-10-19T02:14:16","guid":{"rendered":"https:\/\/cloudsupplyvapes.com\/?post_type=product&#038;p=683"},"modified":"2024-11-26T09:32:01","modified_gmt":"2024-11-26T09:32:01","slug":"-278","status":"publish","type":"product","link":"https:\/\/cloudsupplyvapes.com\/de\/product\/bang-beach-22000-puff-disposable-vape-wholesale\/","title":{"rendered":"Bang Beach 22000 Puffs Einweg Vape Gro\u00dfhandel hohe Kapazit\u00e4t lang anhaltende Vape"},"content":{"rendered":"<h2>Verf\u00fcgbare Geschmacksrichtungen:<\/h2>\n<ol>\n<li>Pfirsich-Eis<\/li>\n<li>Pfirsich-Mango<\/li>\n<li>Gemischte Beere<\/li>\n<li>Rosa Limonade<\/li>\n<li>Erdbeere Wassermelone<\/li>\n<li>Wassermelone Eis<\/li>\n<li>Traubeneis<\/li>\n<li>Vimto<\/li>\n<li>Erdbeereis<\/li>\n<li>Kirsche<\/li>\n<li>Heidelbeere-Himbeere<\/li>\n<li>Saurer Apfel<\/li>\n<\/ol>\n<h3>Bang Beach 22000 Einweg Vape Spezifikationen<\/h3>\n<table>\n<thead>\n<tr>\n<th><strong>Merkmal<\/strong><\/th>\n<th><strong>Spezifikation<\/strong><\/th>\n<\/tr>\n<\/thead>\n<tbody>\n<tr>\n<td>Batteriekapazit\u00e4t<\/td>\n<td>650mAh<\/td>\n<\/tr>\n<tr>\n<td>E-Liquid Kapazit\u00e4t<\/td>\n<td>25ml<\/td>\n<\/tr>\n<tr>\n<td>Nikotinst\u00e4rke<\/td>\n<td>0%, 2%, 3%, 5% (Standard)<\/td>\n<\/tr>\n<tr>\n<td>Puffs<\/td>\n<td>Bis zu 22000 Z\u00fcge<\/td>\n<\/tr>\n<tr>\n<td>Paket Gewicht<\/td>\n<td>21,2 kg\/200 St\u00fcck<\/td>\n<\/tr>\n<\/tbody>\n<\/table>\n<h3>Wesentliche Merkmale:<\/h3>\n<ul>\n<li><strong>Vielf\u00e4ltige Geschmackspalette:<\/strong> Eine Auswahl von 12 frischen und angenehmen Geschmacksrichtungen, die sich perfekt f\u00fcr Sommertage und dar\u00fcber hinaus eignen.<\/li>\n<li><strong>Puffs mit hoher Kapazit\u00e4t:<\/strong> Jedes Ger\u00e4t ist darauf ausgelegt, bis zu 22000 Z\u00fcge zu liefern, was eine lange Nutzungsdauer mit jedem Zug gew\u00e4hrleistet.<\/li>\n<li><strong>Gro\u00dfes E-Liquid-Volumen:<\/strong> Vorgef\u00fcllt mit 25 ml E-Liquid, was den Bedarf an h\u00e4ufigen Nachf\u00fcllungen minimiert und die Vaping-Sessions verl\u00e4ngert.<\/li>\n<li><strong>Flexible Nikotinoptionen:<\/strong> Erh\u00e4ltlich in verschiedenen Nikotinkonzentrationen, um eine Reihe von Vorlieben und Bed\u00fcrfnissen beim Dampfen zu erf\u00fcllen.<\/li>\n<li><strong>Effiziente Nutzung der Batterie:<\/strong> Der 650-mAh-Akku bietet eine ausgewogene Kombination aus Langlebigkeit und Leistung f\u00fcr konstante Performance.<\/li>\n<\/ul>\n<h3>Warum Bang Beach 22000 w\u00e4hlen?<\/h3>\n<p>Der Bang Beach 22000 ist der ultimative Verdampfer f\u00fcr alle, die ein lang anhaltendes, geschmackvolles Erlebnis genie\u00dfen m\u00f6chten. Seine gro\u00dfe Auswahl an erfrischenden Geschmacksrichtungen und seine robuste Zuganzahl machen ihn zu einer ausgezeichneten Wahl f\u00fcr Vaper, die ihren Genuss ohne h\u00e4ufige Ger\u00e4tewechsel maximieren m\u00f6chten.<\/p>","protected":false},"excerpt":{"rendered":"<p>Bang Beach 22000 Puffs Disposable Vape Wholesale kombiniert hohe Kapazit\u00e4t, lang anhaltende Leistung und gleichm\u00e4\u00dfige Dampfproduktion f\u00fcr langes und befriedigendes Dampfen.<\/p>","protected":false},"featured_media":8917,"comment_status":"open","ping_status":"closed","template":"","meta":[],"product_brand":[],"product_cat":[22],"product_tag":[31],"class_list":{"0":"post-683","1":"product","2":"type-product","3":"status-publish","4":"has-post-thumbnail","6":"product_cat-disposable-vape-sticks","7":"product_tag-bang","9":"first","10":"instock","11":"shipping-taxable","12":"purchasable","13":"product-type-simple"},"jetpack_sharing_enabled":true,"tiered_pricing_type":"fixed","tiered_pricing_fixed_rules":[],"tiered_pricing_product_settings":{"layout":"default","base_unit_name":{"singular":null,"plural":null},"default_variation":null},"tiered_pricing_minimum_quantity":30,"tiered_pricing_roles_data":[],"tiered_pricing_percentage_rules":[],"tiered_pricing_maximum_quantity":null,"tiered_pricing_quantity_step":"10","_links":{"self":[{"href":"https:\/\/cloudsupplyvapes.com\/de\/wp-json\/wp\/v2\/product\/683","targetHints":{"allow":["GET"]}}],"collection":[{"href":"https:\/\/cloudsupplyvapes.com\/de\/wp-json\/wp\/v2\/product"}],"about":[{"href":"https:\/\/cloudsupplyvapes.com\/de\/wp-json\/wp\/v2\/types\/product"}],"replies":[{"embeddable":true,"href":"https:\/\/cloudsupplyvapes.com\/de\/wp-json\/wp\/v2\/comments?post=683"}],"wp:featuredmedia":[{"embeddable":true,"href":"https:\/\/cloudsupplyvapes.com\/de\/wp-json\/wp\/v2\/media\/8917"}],"wp:attachment":[{"href":"https:\/\/cloudsupplyvapes.com\/de\/wp-json\/wp\/v2\/media?parent=683"}],"wp:term":[{"taxonomy":"product_brand","embeddable":true,"href":"https:\/\/cloudsupplyvapes.com\/de\/wp-json\/wp\/v2\/product_brand?post=683"},{"taxonomy":"product_cat","embeddable":true,"href":"https:\/\/cloudsupplyvapes.com\/de\/wp-json\/wp\/v2\/product_cat?post=683"},{"taxonomy":"product_tag","embeddable":true,"href":"https:\/\/cloudsupplyvapes.com\/de\/wp-json\/wp\/v2\/product_tag?post=683"}],"curies":[{"name":"wp","href":"https:\/\/api.w.org\/{rel}","templated":true}]}}