{"id":685,"date":"2024-10-19T02:14:17","date_gmt":"2024-10-19T02:14:17","guid":{"rendered":"https:\/\/cloudsupplyvapes.com\/?post_type=product&#038;p=685"},"modified":"2024-11-26T09:30:44","modified_gmt":"2024-11-26T09:30:44","slug":"-222","status":"publish","type":"product","link":"https:\/\/cloudsupplyvapes.com\/de\/product\/poco-3500-puffs-disposable-vape-wholesale\/","title":{"rendered":"POCO 3500 Puffs Einweg Vape Gro\u00dfhandel Tragbare Langlebige Build"},"content":{"rendered":"<p>Size:75.7*44.3*25.3mm<br \/>\nPuste: Bis zu 3500<br \/>\nBatteriekapazit\u00e4t:1500mAh<br \/>\nE-Fl\u00fcssigkeit Kapazit\u00e4t: 10.5ml<br \/>\nSalz-Nikotin:5%<\/p>\n<p><strong>Geschm\u00e4cker:<\/strong><\/p>\n<p>Heidelbeere-Himbeere<br \/>\nWeintraube Grapefruit Orange<br \/>\nMango-Pfirsich-Kirsche<br \/>\nErdbeere Mango<br \/>\nErdbeer-Eiscreme<br \/>\nWassermelone lce<br \/>\nPassionsfrucht Kiwi Guave<br \/>\nPfirsich-Blaubeer-Bonbon<br \/>\nK\u00fchle Minze<br \/>\nBananenpudding<br \/>\nRosa Limonade<br \/>\nKokosnuss Melone<\/p>\n<p><a href=\"https:\/\/i0.wp.com\/shop.vape.hk\/wp-content\/uploads\/2024\/03\/Hottest-Poco-BS3500-Vape-Pen-Vapor-Starter-Kit-3500-Puffs-Mesh-Coil-Disposable-E-Cig-Vape-Pen-for-Wholesale_1_822x604.jpg?ssl=1\" target=\"_blank\" rel=\"noopener\"><img data-recalc-dims=\"1\" loading=\"lazy\" decoding=\"async\" class=\"alignnone size-full wp-image-128814\" src=\"https:\/\/i0.wp.com\/shop.vape.hk\/wp-content\/uploads\/2024\/03\/Hottest-Poco-BS3500-Vape-Pen-Vapor-Starter-Kit-3500-Puffs-Mesh-Coil-Disposable-E-Cig-Vape-Pen-for-Wholesale_1_822x604.jpg?resize=822%2C604&#038;ssl=1\" alt=\"POCO 3500 Puffs Einweg Vape | Gro\u00dfhandel\" width=\"822\" height=\"604\" title=\"\"><\/a><\/p>","protected":false},"excerpt":{"rendered":"<p>POCO 3500 Puffs Disposable Vape Wholesale kombiniert ein tragbares, leichtes Design mit lang anhaltender Akkuleistung und gleichm\u00e4\u00dfiger Dampfabgabe f\u00fcr ein hervorragendes Dampferlebnis.<\/p>","protected":false},"featured_media":7479,"comment_status":"open","ping_status":"closed","template":"","meta":[],"product_brand":[],"product_cat":[22],"product_tag":[],"class_list":{"0":"post-685","1":"product","2":"type-product","3":"status-publish","4":"has-post-thumbnail","6":"product_cat-disposable-vape-sticks","8":"first","9":"instock","10":"shipping-taxable","11":"purchasable","12":"product-type-simple"},"jetpack_sharing_enabled":true,"tiered_pricing_type":"fixed","tiered_pricing_fixed_rules":{"1000":6,"10000":5,"50000":4},"tiered_pricing_product_settings":{"layout":"default","base_unit_name":{"singular":null,"plural":null},"default_variation":null},"tiered_pricing_minimum_quantity":100,"tiered_pricing_roles_data":[],"tiered_pricing_percentage_rules":[],"tiered_pricing_maximum_quantity":null,"tiered_pricing_quantity_step":null,"_links":{"self":[{"href":"https:\/\/cloudsupplyvapes.com\/de\/wp-json\/wp\/v2\/product\/685","targetHints":{"allow":["GET"]}}],"collection":[{"href":"https:\/\/cloudsupplyvapes.com\/de\/wp-json\/wp\/v2\/product"}],"about":[{"href":"https:\/\/cloudsupplyvapes.com\/de\/wp-json\/wp\/v2\/types\/product"}],"replies":[{"embeddable":true,"href":"https:\/\/cloudsupplyvapes.com\/de\/wp-json\/wp\/v2\/comments?post=685"}],"wp:featuredmedia":[{"embeddable":true,"href":"https:\/\/cloudsupplyvapes.com\/de\/wp-json\/wp\/v2\/media\/7479"}],"wp:attachment":[{"href":"https:\/\/cloudsupplyvapes.com\/de\/wp-json\/wp\/v2\/media?parent=685"}],"wp:term":[{"taxonomy":"product_brand","embeddable":true,"href":"https:\/\/cloudsupplyvapes.com\/de\/wp-json\/wp\/v2\/product_brand?post=685"},{"taxonomy":"product_cat","embeddable":true,"href":"https:\/\/cloudsupplyvapes.com\/de\/wp-json\/wp\/v2\/product_cat?post=685"},{"taxonomy":"product_tag","embeddable":true,"href":"https:\/\/cloudsupplyvapes.com\/de\/wp-json\/wp\/v2\/product_tag?post=685"}],"curies":[{"name":"wp","href":"https:\/\/api.w.org\/{rel}","templated":true}]}}