{"id":686,"date":"2024-10-19T02:14:17","date_gmt":"2024-10-19T02:14:17","guid":{"rendered":"https:\/\/cloudsupplyvapes.com\/?post_type=product&#038;p=686"},"modified":"2024-11-26T09:30:58","modified_gmt":"2024-11-26T09:30:58","slug":"-303","status":"publish","type":"product","link":"https:\/\/cloudsupplyvapes.com\/de\/product\/poco-sl-15000-puffs-disposable-vape-wholesale-germany-europe-and-usa-local-warehouse-in-stock\/","title":{"rendered":"POCO SL 15000 Puffs Einweg Vape Gro\u00dfhandel Gro\u00dfe Kapazit\u00e4t Langlebiges Design"},"content":{"rendered":"<h2>Geschmacksoptionen:<\/h2>\n<ul>\n<li>Mango Orange Grapefruit<\/li>\n<li>Pfirsich-Blaubeer-Weichbonbon<\/li>\n<li>Aloe Traube<\/li>\n<li>Klar<\/li>\n<li>Erdbeer-Mango<\/li>\n<li>Passionsfrucht Kiwi Guave<\/li>\n<li>Apfel Pfirsich<\/li>\n<li>Erdbeere Wassermelone<\/li>\n<li>Weintraube Schwarze Johannisbeere Soda<\/li>\n<li>Heidelbeere-Himbeere<\/li>\n<\/ul>\n<h3>POCO SL 15000 Spezifikationen<\/h3>\n<table>\n<thead>\n<tr>\n<th><strong>Merkmal<\/strong><\/th>\n<th><strong>Spezifikation<\/strong><\/th>\n<\/tr>\n<\/thead>\n<tbody>\n<tr>\n<td>Kapazit\u00e4t<\/td>\n<td>24ml<\/td>\n<\/tr>\n<tr>\n<td>Nikotinst\u00e4rke<\/td>\n<td>5%<\/td>\n<\/tr>\n<tr>\n<td>Batteriekapazit\u00e4t<\/td>\n<td>650mAh<\/td>\n<\/tr>\n<tr>\n<td>Wiederaufladbar<\/td>\n<td>Typ-C-Stecker<\/td>\n<\/tr>\n<tr>\n<td>Puffs<\/td>\n<td>15.000 Z\u00fcge<\/td>\n<\/tr>\n<\/tbody>\n<\/table>\n<h3>Wesentliche Merkmale:<\/h3>\n<ul>\n<li><strong>Au\u00dfergew\u00f6hnliches E-Liquid-Volumen:<\/strong> Der 24-ml-Tank ist einer der gr\u00f6\u00dften auf dem Markt und garantiert eine lange Nutzungsdauer und weniger Nachf\u00fcllungen.<\/li>\n<li><strong>Konstanter Nikotingehalt:<\/strong> Liefert einen konstanten Nikotingehalt von 5%, geeignet f\u00fcr diejenigen, die einen starken und befriedigenden Zug suchen.<\/li>\n<li><strong>Starke Akkuleistung:<\/strong> Ausgestattet mit einem 650-mAh-Akku, der \u00fcber einen Typ-C-Stecker aufgeladen werden kann, um den Komfort zu erh\u00f6hen und l\u00e4ngere Vape-Sessions zu erm\u00f6glichen.<\/li>\n<li><strong>Vielf\u00e4ltige Geschmackspalette:<\/strong> Sie bietet eine breite Palette einzigartiger Geschmacksrichtungen, die mit klassischen und exotischen Mischungen verschiedene Geschmacksvorlieben abdecken.<\/li>\n<\/ul>\n<h3>Warum POCO SL 15000 w\u00e4hlen?<\/h3>\n<p>Der POCO SL 15000 wurde f\u00fcr Dampfer entwickelt, die sowohl eine hohe Kapazit\u00e4t als auch umfangreiche Geschmacksoptionen w\u00fcnschen. Er bietet ein umfangreiches Dampferlebnis mit 15.000 Z\u00fcgen pro Ger\u00e4t, ideal f\u00fcr Benutzer, die eine lang anhaltende Leistung und vielf\u00e4ltige Geschmacksprofile sch\u00e4tzen.auf Lager in Europa und USA lokalen Lager.<\/p>","protected":false},"excerpt":{"rendered":"<p>POCO SL 15000 Puffs Disposable Vape Wholesale zeichnet sich durch eine hohe Kapazit\u00e4t, eine robuste Bauweise und eine gleichm\u00e4\u00dfige Dampfabgabe f\u00fcr lange und problemlose Vaping-Sessions aus.<\/p>","protected":false},"featured_media":9209,"comment_status":"open","ping_status":"closed","template":"","meta":[],"product_brand":[],"product_cat":[22],"product_tag":[474],"class_list":{"0":"post-686","1":"product","2":"type-product","3":"status-publish","4":"has-post-thumbnail","6":"product_cat-disposable-vape-sticks","7":"product_tag-poco","9":"first","10":"instock","11":"sale","12":"shipping-taxable","13":"purchasable","14":"product-type-simple"},"jetpack_sharing_enabled":true,"tiered_pricing_type":"fixed","tiered_pricing_fixed_rules":{"500":8.5,"2000":8.4000000000000003552713678800500929355621337890625,"5000":8.300000000000000710542735760100185871124267578125},"tiered_pricing_product_settings":{"layout":"default","base_unit_name":{"singular":null,"plural":null},"default_variation":null},"tiered_pricing_minimum_quantity":50,"tiered_pricing_roles_data":[],"tiered_pricing_percentage_rules":[],"tiered_pricing_maximum_quantity":null,"tiered_pricing_quantity_step":null,"_links":{"self":[{"href":"https:\/\/cloudsupplyvapes.com\/de\/wp-json\/wp\/v2\/product\/686","targetHints":{"allow":["GET"]}}],"collection":[{"href":"https:\/\/cloudsupplyvapes.com\/de\/wp-json\/wp\/v2\/product"}],"about":[{"href":"https:\/\/cloudsupplyvapes.com\/de\/wp-json\/wp\/v2\/types\/product"}],"replies":[{"embeddable":true,"href":"https:\/\/cloudsupplyvapes.com\/de\/wp-json\/wp\/v2\/comments?post=686"}],"wp:featuredmedia":[{"embeddable":true,"href":"https:\/\/cloudsupplyvapes.com\/de\/wp-json\/wp\/v2\/media\/9209"}],"wp:attachment":[{"href":"https:\/\/cloudsupplyvapes.com\/de\/wp-json\/wp\/v2\/media?parent=686"}],"wp:term":[{"taxonomy":"product_brand","embeddable":true,"href":"https:\/\/cloudsupplyvapes.com\/de\/wp-json\/wp\/v2\/product_brand?post=686"},{"taxonomy":"product_cat","embeddable":true,"href":"https:\/\/cloudsupplyvapes.com\/de\/wp-json\/wp\/v2\/product_cat?post=686"},{"taxonomy":"product_tag","embeddable":true,"href":"https:\/\/cloudsupplyvapes.com\/de\/wp-json\/wp\/v2\/product_tag?post=686"}],"curies":[{"name":"wp","href":"https:\/\/api.w.org\/{rel}","templated":true}]}}