{"id":687,"date":"2024-10-19T02:14:17","date_gmt":"2024-10-19T02:14:17","guid":{"rendered":"https:\/\/cloudsupplyvapes.com\/?post_type=product&#038;p=687"},"modified":"2024-11-26T09:31:10","modified_gmt":"2024-11-26T09:31:10","slug":"-11","status":"publish","type":"product","link":"https:\/\/cloudsupplyvapes.com\/de\/product\/iget-mega-3000-puff-disposable-wholesale\/","title":{"rendered":"Iget Mega 3000 Puff Disposable Vape Gro\u00dfhandel Kompakt und Anf\u00e4nger-freundliches Design"},"content":{"rendered":"<p>Geschmack:<br \/>\nEnergy-Drink<br \/>\nBrombeer-Himbeer-Eis<br \/>\nBlaubeereis<br \/>\nKirsche Cola<br \/>\nTraubeneis<br \/>\nKiwi-Granatapfel<br \/>\n\u00dcppiges Eis<br \/>\nMinze Eis<br \/>\nGemischtes Obst<br \/>\nPassionsfrucht Mango<br \/>\nPfirsich Apfel<br \/>\nAnanassaft-Eis<br \/>\nErdbeer-Bananeneis<br \/>\nErdbeer-Kiwi-Eis<br \/>\nErdbeer-Mango<br \/>\nErdbeere Wassermelone<\/p>\n<p>&nbsp;<\/p>\n<h5>Merkmale:<\/h5>\n<ul>\n<li>- 1 x IGET Mega Einwegger\u00e4t<\/li>\n<li>- Vorgef\u00fcllt: 10mL Salz-Nik<\/li>\n<li>- NETTOGEWICHT: 77g<\/li>\n<li>- Vorgeladen, zum Aktivieren einfach auf das Ger\u00e4t pusten<\/li>\n<li>- Salz-Nikotin: 5%, (50MG) Salt Nic im Inneren f\u00fcr einen pr\u00e4zisen, zigaretten\u00e4hnlichen Kehlkopfschlag<\/li>\n<li>- Bis zu 3000+ Puffs pro Einwegartikel<\/li>\n<li>- Kompakt, leicht und tragbar<\/li>\n<\/ul>","protected":false},"excerpt":{"rendered":"<p>Iget Mega 3000 Puff Disposable Vape Wholesale bietet ein kompaktes Design, eine gleichm\u00e4\u00dfige Dampfproduktion und eine konstante Leistung f\u00fcr schnelle und angenehme Vaping-Sessions.<\/p>","protected":false},"featured_media":748,"comment_status":"open","ping_status":"closed","template":"","meta":[],"product_brand":[],"product_cat":[22],"product_tag":[64],"class_list":{"0":"post-687","1":"product","2":"type-product","3":"status-publish","4":"has-post-thumbnail","6":"product_cat-disposable-vape-sticks","7":"product_tag-iget","9":"first","10":"instock","11":"shipping-taxable","12":"purchasable","13":"product-type-simple"},"jetpack_sharing_enabled":true,"tiered_pricing_type":"fixed","tiered_pricing_fixed_rules":{"5000":9,"10000":8,"30000":7},"tiered_pricing_product_settings":{"layout":"default","base_unit_name":{"singular":null,"plural":null},"default_variation":null},"tiered_pricing_minimum_quantity":10,"tiered_pricing_roles_data":[],"tiered_pricing_percentage_rules":[],"tiered_pricing_maximum_quantity":null,"tiered_pricing_quantity_step":null,"_links":{"self":[{"href":"https:\/\/cloudsupplyvapes.com\/de\/wp-json\/wp\/v2\/product\/687","targetHints":{"allow":["GET"]}}],"collection":[{"href":"https:\/\/cloudsupplyvapes.com\/de\/wp-json\/wp\/v2\/product"}],"about":[{"href":"https:\/\/cloudsupplyvapes.com\/de\/wp-json\/wp\/v2\/types\/product"}],"replies":[{"embeddable":true,"href":"https:\/\/cloudsupplyvapes.com\/de\/wp-json\/wp\/v2\/comments?post=687"}],"wp:featuredmedia":[{"embeddable":true,"href":"https:\/\/cloudsupplyvapes.com\/de\/wp-json\/wp\/v2\/media\/748"}],"wp:attachment":[{"href":"https:\/\/cloudsupplyvapes.com\/de\/wp-json\/wp\/v2\/media?parent=687"}],"wp:term":[{"taxonomy":"product_brand","embeddable":true,"href":"https:\/\/cloudsupplyvapes.com\/de\/wp-json\/wp\/v2\/product_brand?post=687"},{"taxonomy":"product_cat","embeddable":true,"href":"https:\/\/cloudsupplyvapes.com\/de\/wp-json\/wp\/v2\/product_cat?post=687"},{"taxonomy":"product_tag","embeddable":true,"href":"https:\/\/cloudsupplyvapes.com\/de\/wp-json\/wp\/v2\/product_tag?post=687"}],"curies":[{"name":"wp","href":"https:\/\/api.w.org\/{rel}","templated":true}]}}