{"id":688,"date":"2024-10-19T02:14:17","date_gmt":"2024-10-19T02:14:17","guid":{"rendered":"https:\/\/cloudsupplyvapes.com\/?post_type=product&#038;p=688"},"modified":"2024-11-26T09:31:22","modified_gmt":"2024-11-26T09:31:22","slug":"-12","status":"publish","type":"product","link":"https:\/\/cloudsupplyvapes.com\/de\/product\/yuoto-shine-1500-puff-disposable-wholesale\/","title":{"rendered":"YUOTO Shine 1500 Puff Disposable Vape Gro\u00dfhandel Leichtgewicht und kosteng\u00fcnstige L\u00f6sung"},"content":{"rendered":"<p>Geschmack:<\/p>\n<p>1.Peach ice<br \/>\n2.Mango ice<br \/>\n3. \u00fcppiges Eis<br \/>\n4.Candy Crush<br \/>\n5. traubeneis<br \/>\n6.Banana ice<br \/>\n7.cotton candy<br \/>\n8.Mixed fruit<br \/>\n9.Banana Strawberry ice<br \/>\n10.Skitles<br \/>\n11.Bubble gum<br \/>\n12.Cool mint<br \/>\n13.Energy drink<br \/>\n14.Blue razz ice<\/p>\n<p>&nbsp;<\/p>\n<p>Puffs:1500 Nicotine:5%<br \/>\nE-juice Capacity: 6.0ML Battery:1000mAh<\/p>\n<p>1pcs\/ 56g 10pcs\/pack 1pack\/595g 400pcs\/carton 25kg\/carton<br \/>\nCase size:61CM*33CM*30CM<\/p>","protected":false},"excerpt":{"rendered":"<p>YUOTO Shine 1500 Puff Disposable Vape Wholesale zeichnet sich durch ein leichtes Design, einen sanften Kehlkopfhieb und einen umweltfreundlichen Betrieb f\u00fcr kosteng\u00fcnstige Vaping-Erfahrungen aus.<\/p>","protected":false},"featured_media":749,"comment_status":"open","ping_status":"closed","template":"","meta":[],"product_brand":[],"product_cat":[22],"product_tag":[],"class_list":{"0":"post-688","1":"product","2":"type-product","3":"status-publish","4":"has-post-thumbnail","6":"product_cat-disposable-vape-sticks","8":"first","9":"instock","10":"shipping-taxable","11":"purchasable","12":"product-type-simple"},"jetpack_sharing_enabled":true,"tiered_pricing_type":"fixed","tiered_pricing_fixed_rules":{"500":4.5,"10000":4.29999999999999982236431605997495353221893310546875,"30000":3.79999999999999982236431605997495353221893310546875},"tiered_pricing_product_settings":{"layout":"default","base_unit_name":{"singular":null,"plural":null},"default_variation":null},"tiered_pricing_minimum_quantity":100,"tiered_pricing_roles_data":[],"tiered_pricing_percentage_rules":[],"tiered_pricing_maximum_quantity":null,"tiered_pricing_quantity_step":null,"_links":{"self":[{"href":"https:\/\/cloudsupplyvapes.com\/de\/wp-json\/wp\/v2\/product\/688","targetHints":{"allow":["GET"]}}],"collection":[{"href":"https:\/\/cloudsupplyvapes.com\/de\/wp-json\/wp\/v2\/product"}],"about":[{"href":"https:\/\/cloudsupplyvapes.com\/de\/wp-json\/wp\/v2\/types\/product"}],"replies":[{"embeddable":true,"href":"https:\/\/cloudsupplyvapes.com\/de\/wp-json\/wp\/v2\/comments?post=688"}],"wp:featuredmedia":[{"embeddable":true,"href":"https:\/\/cloudsupplyvapes.com\/de\/wp-json\/wp\/v2\/media\/749"}],"wp:attachment":[{"href":"https:\/\/cloudsupplyvapes.com\/de\/wp-json\/wp\/v2\/media?parent=688"}],"wp:term":[{"taxonomy":"product_brand","embeddable":true,"href":"https:\/\/cloudsupplyvapes.com\/de\/wp-json\/wp\/v2\/product_brand?post=688"},{"taxonomy":"product_cat","embeddable":true,"href":"https:\/\/cloudsupplyvapes.com\/de\/wp-json\/wp\/v2\/product_cat?post=688"},{"taxonomy":"product_tag","embeddable":true,"href":"https:\/\/cloudsupplyvapes.com\/de\/wp-json\/wp\/v2\/product_tag?post=688"}],"curies":[{"name":"wp","href":"https:\/\/api.w.org\/{rel}","templated":true}]}}