{"id":7104,"date":"2024-10-19T02:51:05","date_gmt":"2024-10-19T02:51:05","guid":{"rendered":"https:\/\/cloudsupplyvapes.com\/?post_type=product&#038;p=7104"},"modified":"2024-11-25T08:51:38","modified_gmt":"2024-11-25T08:51:38","slug":"-218","status":"publish","type":"product","link":"https:\/\/cloudsupplyvapes.com\/de\/product\/al-fakher-crown-bar-crystal-9000-puffs-disposable-vape-wholesale\/","title":{"rendered":"AL FAKHER Crown Bar Crystal 9000 Puffs Einweg Vape Gro\u00dfhandel Sleek Portable Design"},"content":{"rendered":"<h2>AL FAKHER Kronenleiste Kristall 9000<\/h2>\n<ul class=\"top\">\n<li>Marke:\u00a0<b>AL FAKHER<\/b><\/li>\n<li>Einheit: Satz<\/li>\n<li>Art:\u00a0<b>Einweg-Vape<\/b><\/li>\n<li>Nettogewicht: 68(g)<\/li>\n<\/ul>\n<p>Die kombinierten Versandkosten werden automatisch vom System berechnet, nachdem Sie das Versandziel in der Kaufabwicklung ausgew\u00e4hlt haben.<\/p>\n<div class=\"title\">AL FAKHER Crown Bar Crystal 9000 EINLEITUNG<\/div>\n<p><b>AL FAKHER Kronenleiste Kristall 9000\u00a0<\/b>kommt mit 14ml vorgef\u00fclltem Vape-Saft, einem 650mAh Akku, einer Mesh-Spule, einem digitalen Bildschirm f\u00fcr Batterie und Saftstand und kann insgesamt etwa 9000 Z\u00fcge produzieren. Mit seiner hohen Saftkapazit\u00e4t kann der AL FAKHER Crystal 9000, wie beschrieben, etwa 9000 Z\u00fcge erzeugen. Ein leistungsstarker Akku sorgt daf\u00fcr, dass Sie ihn nicht h\u00e4ufig aufladen m\u00fcssen. Wenn Sie sich Sorgen um den Batteriestatus oder den Saftstand machen, \u00fcberpr\u00fcfen Sie einfach das digitale Display. AL FAKHER Crown Bar Crystal 9000 macht Ihr vaping bequem und einfach.<\/p>\n<p class=\"second-title\">Eigenschaften<\/p>\n<p>- 14mL vorgef\u00fclltes E-Liquid<\/p>\n<p>- 5%(50mg) Nikotin<\/p>\n<p>- Wiederaufladbarer 650mAh-Akku<\/p>\n<p>- Ungef\u00e4hr 9000 Puffs<\/p>\n<p>- Typ-C-Anschluss<\/p>\n<p>- 1.0ohm Mesh-Spule<\/p>\n<p>- Zeichnen-aktiviert<\/p>\n<p>- MTL-Vaping<\/p>\n<p>- Digitaler Bildschirm f\u00fcr Batterie und E-Fl\u00fcssigkeit<\/p>","protected":false},"excerpt":{"rendered":"<p>Der AL FAKHER Crown Bar Crystal 9000 Puffs Einweg-Vape-Gro\u00dfhandel r\u00fchmt sich eines schlanken und tragbaren Designs, das sanften Dampf und konstante Leistung f\u00fcr das Dampfen unterwegs bietet.<\/p>","protected":false},"featured_media":7330,"comment_status":"open","ping_status":"closed","template":"","meta":[],"product_brand":[],"product_cat":[22],"product_tag":[468],"class_list":{"0":"post-7104","1":"product","2":"type-product","3":"status-publish","4":"has-post-thumbnail","6":"product_cat-disposable-vape-sticks","7":"product_tag-al-fakher","9":"first","10":"instock","11":"shipping-taxable","12":"purchasable","13":"product-type-simple"},"jetpack_sharing_enabled":true,"tiered_pricing_type":"fixed","tiered_pricing_fixed_rules":{"1000":15,"10000":13,"50000":11},"tiered_pricing_product_settings":{"layout":"default","base_unit_name":{"singular":null,"plural":null},"default_variation":null},"tiered_pricing_minimum_quantity":100,"tiered_pricing_roles_data":[],"tiered_pricing_percentage_rules":[],"tiered_pricing_maximum_quantity":null,"tiered_pricing_quantity_step":null,"_links":{"self":[{"href":"https:\/\/cloudsupplyvapes.com\/de\/wp-json\/wp\/v2\/product\/7104","targetHints":{"allow":["GET"]}}],"collection":[{"href":"https:\/\/cloudsupplyvapes.com\/de\/wp-json\/wp\/v2\/product"}],"about":[{"href":"https:\/\/cloudsupplyvapes.com\/de\/wp-json\/wp\/v2\/types\/product"}],"replies":[{"embeddable":true,"href":"https:\/\/cloudsupplyvapes.com\/de\/wp-json\/wp\/v2\/comments?post=7104"}],"wp:featuredmedia":[{"embeddable":true,"href":"https:\/\/cloudsupplyvapes.com\/de\/wp-json\/wp\/v2\/media\/7330"}],"wp:attachment":[{"href":"https:\/\/cloudsupplyvapes.com\/de\/wp-json\/wp\/v2\/media?parent=7104"}],"wp:term":[{"taxonomy":"product_brand","embeddable":true,"href":"https:\/\/cloudsupplyvapes.com\/de\/wp-json\/wp\/v2\/product_brand?post=7104"},{"taxonomy":"product_cat","embeddable":true,"href":"https:\/\/cloudsupplyvapes.com\/de\/wp-json\/wp\/v2\/product_cat?post=7104"},{"taxonomy":"product_tag","embeddable":true,"href":"https:\/\/cloudsupplyvapes.com\/de\/wp-json\/wp\/v2\/product_tag?post=7104"}],"curies":[{"name":"wp","href":"https:\/\/api.w.org\/{rel}","templated":true}]}}