{"id":7170,"date":"2024-10-19T02:51:26","date_gmt":"2024-10-19T02:51:26","guid":{"rendered":"https:\/\/cloudsupplyvapes.com\/?post_type=product&#038;p=7170"},"modified":"2024-11-25T08:51:27","modified_gmt":"2024-11-25T08:51:27","slug":"-219","status":"publish","type":"product","link":"https:\/\/cloudsupplyvapes.com\/de\/product\/ijoy-captain-10000-puffs-disposable-vape-wholesale\/","title":{"rendered":"IJOY Captain 10000 Puffs Einweg Vape Gro\u00dfhandel wiederaufladbare Leak Proof Design"},"content":{"rendered":"<h2>IJOY Captain 10000 Einweg Vape<\/h2>\n<ul class=\"top\">\n<li style=\"list-style-type: none;\">\n<ul class=\"top\">\n<li>Marke:\u00a0<b>IJOY<\/b><\/li>\n<li>Einheit: Satz<\/li>\n<li>Art:\u00a0<b>Einweg-Vape<\/b><\/li>\n<li>Nettogewicht: 70(g)<\/li>\n<\/ul>\n<\/li>\n<\/ul>\n<p>Die kombinierten Versandkosten werden automatisch vom System berechnet, nachdem Sie das Versandziel in der Kaufabwicklung ausgew\u00e4hlt haben.<\/p>\n<div class=\"title\">IJOY Captain 10000 Einweg Vape EINLEITUNG<\/div>\n<p><b>IJOY Captain 10000 Einweg Vape<\/b>\u00a0kommt mit 18ml vorgef\u00fclltem Saft, einem wiederaufladbaren 650mAh-Akku, einem intelligenten Display und kann Ihnen bis zu\u00a0<a href=\"https:\/\/vapesourcing.com\/10000-puffs.html\" target=\"_blank\" rel=\"noopener\">10000 Z\u00fcge<\/a>\u00a0insgesamt. Mit einem Ledergriff liegt iJOY Captain bequem in der Hand. Neben dem attraktiven und modischen Aussehen ist er auch praktisch. iJOY Captain ist perfekt f\u00fcr das Dampfen unterwegs ohne h\u00e4ufiges Aufladen. Sie m\u00fcssen nur von Zeit zu Zeit auf das intelligente Display schauen, um zu sehen, ob der Strom zur Neige geht. Au\u00dferdem k\u00f6nnen Sie zwischen dem S-Modus (kraftvoll\/bevorzugt) und dem D-Modus (sanft\/komfortabel) wechseln. Es ist an der Zeit, die veralteten Einwegprodukte wegzuwerfen und iJOY Captain auszuprobieren.<\/p>\n<p class=\"second-title\">Eigenschaften<\/p>\n<p>- 18ml vorgef\u00fclltes E-Liquid<\/p>\n<p>- 5%(50mg) Nikotinst\u00e4rke<\/p>\n<p>- USB Typ-C Aufladen (Kabel nicht enthalten)<\/p>\n<p>- Ungef\u00e4hr 10000 Puffs<\/p>\n<p>- Zeichnen-aktiviert<\/p>\n<p>- S\/D-Modus<\/p>\n<p>- Anzeige von Batterie und Fl\u00fcssigkeitsstand<\/p>\n<p>- MTL-Vaping<\/p>","protected":false},"excerpt":{"rendered":"<p>Der IJOY Captain 10000 Puffs Disposable Vape Wholesale kombiniert einen wiederaufladbaren Akku, auslaufsicheres Design und hochwertige Materialien f\u00fcr problemloses und lang anhaltendes Dampfen.<\/p>","protected":false},"featured_media":7364,"comment_status":"open","ping_status":"closed","template":"","meta":[],"product_brand":[],"product_cat":[22],"product_tag":[],"class_list":{"0":"post-7170","1":"product","2":"type-product","3":"status-publish","4":"has-post-thumbnail","6":"product_cat-disposable-vape-sticks","8":"first","9":"instock","10":"shipping-taxable","11":"purchasable","12":"product-type-simple"},"jetpack_sharing_enabled":true,"tiered_pricing_type":"fixed","tiered_pricing_fixed_rules":{"1000":16,"10000":14,"50000":12},"tiered_pricing_product_settings":{"layout":"default","base_unit_name":{"singular":null,"plural":null},"default_variation":null},"tiered_pricing_minimum_quantity":100,"tiered_pricing_roles_data":[],"tiered_pricing_percentage_rules":[],"tiered_pricing_maximum_quantity":null,"tiered_pricing_quantity_step":null,"_links":{"self":[{"href":"https:\/\/cloudsupplyvapes.com\/de\/wp-json\/wp\/v2\/product\/7170","targetHints":{"allow":["GET"]}}],"collection":[{"href":"https:\/\/cloudsupplyvapes.com\/de\/wp-json\/wp\/v2\/product"}],"about":[{"href":"https:\/\/cloudsupplyvapes.com\/de\/wp-json\/wp\/v2\/types\/product"}],"replies":[{"embeddable":true,"href":"https:\/\/cloudsupplyvapes.com\/de\/wp-json\/wp\/v2\/comments?post=7170"}],"wp:featuredmedia":[{"embeddable":true,"href":"https:\/\/cloudsupplyvapes.com\/de\/wp-json\/wp\/v2\/media\/7364"}],"wp:attachment":[{"href":"https:\/\/cloudsupplyvapes.com\/de\/wp-json\/wp\/v2\/media?parent=7170"}],"wp:term":[{"taxonomy":"product_brand","embeddable":true,"href":"https:\/\/cloudsupplyvapes.com\/de\/wp-json\/wp\/v2\/product_brand?post=7170"},{"taxonomy":"product_cat","embeddable":true,"href":"https:\/\/cloudsupplyvapes.com\/de\/wp-json\/wp\/v2\/product_cat?post=7170"},{"taxonomy":"product_tag","embeddable":true,"href":"https:\/\/cloudsupplyvapes.com\/de\/wp-json\/wp\/v2\/product_tag?post=7170"}],"curies":[{"name":"wp","href":"https:\/\/api.w.org\/{rel}","templated":true}]}}