{"id":7171,"date":"2024-10-19T02:51:27","date_gmt":"2024-10-19T02:51:27","guid":{"rendered":"https:\/\/cloudsupplyvapes.com\/?post_type=product&#038;p=7171"},"modified":"2024-11-25T08:51:12","modified_gmt":"2024-11-25T08:51:12","slug":"-220","status":"publish","type":"product","link":"https:\/\/cloudsupplyvapes.com\/de\/product\/ijoy-mars-cabin-6000-puffs-disposable-vape-wholesale\/","title":{"rendered":"IJOY Mars Kabine 6000 Puffs Einweg Vape Gro\u00dfhandel kompakte lang anhaltende Vape"},"content":{"rendered":"<h2>IJOY Mars Kabine 6000 Einweg Vape<\/h2>\n<ul class=\"top\">\n<li>Marke:\u00a0<b>IJOY<\/b><\/li>\n<li>Einheit: Satz<\/li>\n<li>Art:\u00a0<b>Einweg-Vape<\/b><\/li>\n<li>Nettogewicht: 68(g)<\/li>\n<\/ul>\n<p>Die kombinierten Versandkosten werden automatisch vom System berechnet, nachdem Sie das Versandziel in der Kaufabwicklung ausgew\u00e4hlt haben.<\/p>\n<div class=\"title\">IJOY Mars Cabin 6000 Einweg Vape EINLEITUNG<\/div>\n<p><b>IJOY Mars Kabine 6000 Einweg Vape\u00a0<\/b>verf\u00fcgt \u00fcber eine 100mAh wiederaufladbare Batterie in jedem Einweg-Kit, ein 1000mAh Ladekoffer, 5ml vorgef\u00fcllt vape Saft in jedem Kit und kann etwa 6000 Puffs insgesamt produzieren. Die IJOY Mars Cabin ist dank des leistungsstarken 1000mAh Ladekoffers nie ausgeschaltet. Sie m\u00fcssen nur die Einwegverdampfer in den Schlitz zum Aufladen setzen. Jedes Paket kommt mit zwei schlanken und tragbaren Kits, die insgesamt etwa 6000 Puffs bieten. Sind Sie es leid, Ladekabel f\u00fcr Ihre Einwegverdampfer zu suchen? Versuchen Sie IJOY Mars Cabin f\u00fcr einen anderen Weg der drahtlosen Aufladung.<\/p>\n<p class=\"second-title\">Eigenschaften<\/p>\n<p>- 10mL vorgef\u00fclltes E-Liquid<\/p>\n<p>- 5%(50mg) Nikotinst\u00e4rke<\/p>\n<p>- Batteriekapazit\u00e4t des Einweg-Vape-Kits: Wiederaufladbar 100mAh<\/p>\n<p>- Summe der Puffs: Ungef\u00e4hr 6000 Puffs<\/p>\n<p>- Smart 1000mAh Ladekoffer: Typ-C wiederaufladbar (Kabel nicht im Lieferumfang enthalten)<\/p>\n<p>- Zeichnen-aktiviert<\/p>\n<p>- MTL-Vaping<\/p>\n<p>- 3-1 Intelligente Bildschirmanzeige<\/p>","protected":false},"excerpt":{"rendered":"<p>Der IJOY Mars Cabin 6000 Puffs Einweg-Vape-Gro\u00dfhandel bietet ein kompaktes Design, eine langlebige Batterie und eine gleichm\u00e4\u00dfige Dampfabgabe f\u00fcr ein bequemes und tragbares Dampferlebnis.<\/p>","protected":false},"featured_media":7370,"comment_status":"open","ping_status":"closed","template":"","meta":[],"product_brand":[],"product_cat":[22],"product_tag":[],"class_list":{"0":"post-7171","1":"product","2":"type-product","3":"status-publish","4":"has-post-thumbnail","6":"product_cat-disposable-vape-sticks","8":"first","9":"instock","10":"shipping-taxable","11":"purchasable","12":"product-type-simple"},"jetpack_sharing_enabled":true,"tiered_pricing_type":"fixed","tiered_pricing_fixed_rules":{"1000":12,"10000":10,"50000":8},"tiered_pricing_product_settings":{"layout":"default","base_unit_name":{"singular":null,"plural":null},"default_variation":null},"tiered_pricing_minimum_quantity":100,"tiered_pricing_roles_data":[],"tiered_pricing_percentage_rules":[],"tiered_pricing_maximum_quantity":null,"tiered_pricing_quantity_step":null,"_links":{"self":[{"href":"https:\/\/cloudsupplyvapes.com\/de\/wp-json\/wp\/v2\/product\/7171","targetHints":{"allow":["GET"]}}],"collection":[{"href":"https:\/\/cloudsupplyvapes.com\/de\/wp-json\/wp\/v2\/product"}],"about":[{"href":"https:\/\/cloudsupplyvapes.com\/de\/wp-json\/wp\/v2\/types\/product"}],"replies":[{"embeddable":true,"href":"https:\/\/cloudsupplyvapes.com\/de\/wp-json\/wp\/v2\/comments?post=7171"}],"wp:featuredmedia":[{"embeddable":true,"href":"https:\/\/cloudsupplyvapes.com\/de\/wp-json\/wp\/v2\/media\/7370"}],"wp:attachment":[{"href":"https:\/\/cloudsupplyvapes.com\/de\/wp-json\/wp\/v2\/media?parent=7171"}],"wp:term":[{"taxonomy":"product_brand","embeddable":true,"href":"https:\/\/cloudsupplyvapes.com\/de\/wp-json\/wp\/v2\/product_brand?post=7171"},{"taxonomy":"product_cat","embeddable":true,"href":"https:\/\/cloudsupplyvapes.com\/de\/wp-json\/wp\/v2\/product_cat?post=7171"},{"taxonomy":"product_tag","embeddable":true,"href":"https:\/\/cloudsupplyvapes.com\/de\/wp-json\/wp\/v2\/product_tag?post=7171"}],"curies":[{"name":"wp","href":"https:\/\/api.w.org\/{rel}","templated":true}]}}