{"id":7336,"date":"2024-10-19T02:52:15","date_gmt":"2024-10-19T02:52:15","guid":{"rendered":"https:\/\/cloudsupplyvapes.com\/?post_type=product&#038;p=7336"},"modified":"2024-11-25T08:51:00","modified_gmt":"2024-11-25T08:51:00","slug":"-281","status":"publish","type":"product","link":"https:\/\/cloudsupplyvapes.com\/de\/product\/bang-beach-20000-puff-disposable-vape-wholesale\/","title":{"rendered":"Bang Beach 20000 Puff Einweg Vape Gro\u00dfhandel hohe Kapazit\u00e4t langlebig bauen"},"content":{"rendered":"<h2>Verf\u00fcgbare Geschmacksrichtungen:<\/h2>\n<ol>\n<li>Dreifach-Beereneis<\/li>\n<li>Rosa Limonade<\/li>\n<li>Heidelbeere-Himbeere<\/li>\n<li>Gemischte Beere<\/li>\n<li>Erdbeere Wassermelone<\/li>\n<li>Erdbeereis<\/li>\n<li>Traubeneis<\/li>\n<li>Pfirsich-Mango<\/li>\n<li>Blaues Razzeis<\/li>\n<li>Saurer Apfel<\/li>\n<li>Wassermelone Eis<\/li>\n<li>Pfirsich-Eis<\/li>\n<\/ol>\n<h3>Bang Beach 20000 Einweg Vape Spezifikationen<\/h3>\n<table>\n<thead>\n<tr>\n<th><strong>Merkmal<\/strong><\/th>\n<th><strong>Spezifikation<\/strong><\/th>\n<\/tr>\n<\/thead>\n<tbody>\n<tr>\n<td>Batteriekapazit\u00e4t<\/td>\n<td>650mAh<\/td>\n<\/tr>\n<tr>\n<td>E-Liquid Kapazit\u00e4t<\/td>\n<td>35ml<\/td>\n<\/tr>\n<tr>\n<td>Nikotinst\u00e4rke<\/td>\n<td>0%, 0,2%, 3%, 5% (Standard)<\/td>\n<\/tr>\n<tr>\n<td>Puffs<\/td>\n<td>Bis zu 25000 Z\u00fcge<\/td>\n<\/tr>\n<tr>\n<td>Paket Gewicht<\/td>\n<td>21 kg\/200 St\u00fcck<\/td>\n<\/tr>\n<\/tbody>\n<\/table>\n<h3>Wesentliche Merkmale:<\/h3>\n<ul>\n<li><strong>Riesige Geschmackspalette:<\/strong> Bietet eine Vielzahl von 12 k\u00f6stlichen Geschmacksrichtungen, von s\u00fc\u00df und spritzig bis hin zu erfrischend eisig, und spricht damit die unterschiedlichsten Geschmacksvorlieben an.<\/li>\n<li><strong>Au\u00dfergew\u00f6hnliche E-Liquid-Kapazit\u00e4t:<\/strong> Kommt mit einem gro\u00dfz\u00fcgigen 35 ml e-Fl\u00fcssigkeit, so dass l\u00e4ngere vaping Sitzungen ohne h\u00e4ufige Nachf\u00fcllungen.<\/li>\n<li><strong>Erweiterte Puffanzahl:<\/strong> Ausgelegt f\u00fcr bis zu 25000 Z\u00fcge, perfekt f\u00fcr eine lange Nutzungsdauer und gleichbleibende Leistung.<\/li>\n<li><strong>Flexible Nikotinwerte:<\/strong> Erh\u00e4ltlich in verschiedenen Nikotinkonzentrationen, die sowohl f\u00fcr Neueinsteiger als auch f\u00fcr erfahrene Raucher geeignet sind.<\/li>\n<li><strong>Zuverl\u00e4ssige Stromversorgung:<\/strong> Der robuste 650-mAh-Akku erm\u00f6glicht eine intensive Nutzung w\u00e4hrend der gesamten Lebensdauer des Ger\u00e4ts.<\/li>\n<\/ul>\n<h3>Warum Bang Beach 20000 w\u00e4hlen?<\/h3>\n<p>Der Bang Beach 20000 ist ideal f\u00fcr Dampfer, die ein geschmacksintensives Dampferlebnis mit hoher Kapazit\u00e4t sch\u00e4tzen. Mit seinem gro\u00dfen E-Liquid-Volumen und der gro\u00dfen Anzahl an Puffs bietet dieser Verdampfer eine unvergleichliche Leistung und Zufriedenheit und stellt sicher, dass jede Session so angenehm ist wie die letzte.<\/p>","protected":false},"excerpt":{"rendered":"<p>Der Bang Beach 20000 Puff Disposable Vape Wholesale verf\u00fcgt \u00fcber eine hohe Kapazit\u00e4t und eine robuste Bauweise, die eine gleichbleibende Leistung und einen gleichm\u00e4\u00dfigen Dampf f\u00fcr ausgedehnte Dampfsessions liefert.<\/p>","protected":false},"featured_media":8920,"comment_status":"open","ping_status":"closed","template":"","meta":[],"product_brand":[],"product_cat":[481,22],"product_tag":[31],"class_list":{"0":"post-7336","1":"product","2":"type-product","3":"status-publish","4":"has-post-thumbnail","6":"product_cat-bang","7":"product_cat-disposable-vape-sticks","8":"product_tag-bang","10":"first","11":"instock","12":"shipping-taxable","13":"purchasable","14":"product-type-simple"},"jetpack_sharing_enabled":true,"tiered_pricing_type":"fixed","tiered_pricing_fixed_rules":[],"tiered_pricing_product_settings":{"layout":"default","base_unit_name":{"singular":null,"plural":null},"default_variation":null},"tiered_pricing_minimum_quantity":30,"tiered_pricing_roles_data":[],"tiered_pricing_percentage_rules":[],"tiered_pricing_maximum_quantity":null,"tiered_pricing_quantity_step":"10","_links":{"self":[{"href":"https:\/\/cloudsupplyvapes.com\/de\/wp-json\/wp\/v2\/product\/7336","targetHints":{"allow":["GET"]}}],"collection":[{"href":"https:\/\/cloudsupplyvapes.com\/de\/wp-json\/wp\/v2\/product"}],"about":[{"href":"https:\/\/cloudsupplyvapes.com\/de\/wp-json\/wp\/v2\/types\/product"}],"replies":[{"embeddable":true,"href":"https:\/\/cloudsupplyvapes.com\/de\/wp-json\/wp\/v2\/comments?post=7336"}],"wp:featuredmedia":[{"embeddable":true,"href":"https:\/\/cloudsupplyvapes.com\/de\/wp-json\/wp\/v2\/media\/8920"}],"wp:attachment":[{"href":"https:\/\/cloudsupplyvapes.com\/de\/wp-json\/wp\/v2\/media?parent=7336"}],"wp:term":[{"taxonomy":"product_brand","embeddable":true,"href":"https:\/\/cloudsupplyvapes.com\/de\/wp-json\/wp\/v2\/product_brand?post=7336"},{"taxonomy":"product_cat","embeddable":true,"href":"https:\/\/cloudsupplyvapes.com\/de\/wp-json\/wp\/v2\/product_cat?post=7336"},{"taxonomy":"product_tag","embeddable":true,"href":"https:\/\/cloudsupplyvapes.com\/de\/wp-json\/wp\/v2\/product_tag?post=7336"}],"curies":[{"name":"wp","href":"https:\/\/api.w.org\/{rel}","templated":true}]}}