{"id":7339,"date":"2024-10-19T02:52:16","date_gmt":"2024-10-19T02:52:16","guid":{"rendered":"https:\/\/cloudsupplyvapes.com\/?post_type=product&#038;p=7339"},"modified":"2024-11-25T08:27:57","modified_gmt":"2024-11-25T08:27:57","slug":"-221","status":"publish","type":"product","link":"https:\/\/cloudsupplyvapes.com\/de\/product\/iget-hot-5500-puffs-disposable-vape-wholesale\/","title":{"rendered":"Iget Hot 5500 Puffs Disposable Vape Gro\u00dfhandel Kompaktes Design Hassle Free Use"},"content":{"rendered":"<div>IGET HOT die neueste Erg\u00e4nzung zu IGET Vape Disposable Range Mit einem k\u00fchlen, eisigen Gef\u00fchl in der Kehle, bietet dieses Ger\u00e4t eine unvergleichliche vaping Erfahrung. Der IGET HOT verf\u00fcgt \u00fcber ein makelloses Metallgeh\u00e4use und ein ergonomisches Mundst\u00fcck, das sowohl stilvoll als auch bequem zu bedienen ist. Aus hochwertigem Aluminium gefertigt, bewahrt dieses Ger\u00e4t die Aromen auf hohem Niveau und stellt sicher, dass Sie jeden Zug genie\u00dfen k\u00f6nnen. Mit 5500+ Z\u00fcgen.<\/div>\n<div><\/div>\n<div><strong>Produktmerkmale:<\/strong><\/div>\n<div>Gr\u00f6\u00dfe: 2828145<\/div>\n<div>Nettogewicht: 65g<\/div>\n<div>Spulenwiderstand: 1.4ohm<\/div>\n<div>5500 Puffs<\/div>\n<div>SS+PCTG<\/div>\n<div>16ml<\/div>\n<div>Einfach zu bedienen<\/div>\n<div>K\u00f6stliche Geschmacksvielfalt<\/div>\n<div><\/div>\n<div><strong>Geschm\u00e4cker:<\/strong><\/div>\n<div>Aloe Vera Traubeneis<\/div>\n<div>Blaubeereis<\/div>\n<div>Cola-Limetten-Eis<\/div>\n<div>Doppeltes Apfel-Eis<\/div>\n<div>Gr\u00fcnes Pflaumeneis<\/div>\n<div>Mango-Eis<\/div>\n<div>Mango-Passionsfrucht-Eis<\/div>\n<div>Minze Eis<\/div>\n<div>Pfirsich-Eis<\/div>\n<div>Erdbeereis<\/div>\n<div>Erdbeer-Kiwi-Eis<\/div>\n<div>Erdbeer-Wassermelonen-Eis<\/div>\n<div>Wassermelone Eis<\/div>\n<div>Erdbeer-Mango<\/div>\n<div>Brombeere-Granatapfel-Kirsche<\/div>\n<div>Bananeneis<\/div>\n<div>Brombeereis<\/div>\n<div>Orange Soda<\/div>\n<div>Honigtau Melone Apfel<\/div>\n<div>Ananassaft<\/div>","protected":false},"excerpt":{"rendered":"<p>Iget Hot 5500 Puffs Disposable Vape Wholesale bietet ein kompaktes Design, eine konstante Dampfabgabe und einen problemlosen Betrieb, wodurch es sowohl f\u00fcr Anf\u00e4nger als auch f\u00fcr erfahrene Benutzer ideal ist.<\/p>","protected":false},"featured_media":7473,"comment_status":"open","ping_status":"closed","template":"","meta":[],"product_brand":[],"product_cat":[22],"product_tag":[64],"class_list":{"0":"post-7339","1":"product","2":"type-product","3":"status-publish","4":"has-post-thumbnail","6":"product_cat-disposable-vape-sticks","7":"product_tag-iget","9":"first","10":"instock","11":"shipping-taxable","12":"purchasable","13":"product-type-simple"},"jetpack_sharing_enabled":true,"tiered_pricing_type":"fixed","tiered_pricing_fixed_rules":{"1000":15,"10000":13,"50000":11},"tiered_pricing_product_settings":{"layout":"default","base_unit_name":{"singular":null,"plural":null},"default_variation":null},"tiered_pricing_minimum_quantity":100,"tiered_pricing_roles_data":[],"tiered_pricing_percentage_rules":[],"tiered_pricing_maximum_quantity":null,"tiered_pricing_quantity_step":null,"_links":{"self":[{"href":"https:\/\/cloudsupplyvapes.com\/de\/wp-json\/wp\/v2\/product\/7339","targetHints":{"allow":["GET"]}}],"collection":[{"href":"https:\/\/cloudsupplyvapes.com\/de\/wp-json\/wp\/v2\/product"}],"about":[{"href":"https:\/\/cloudsupplyvapes.com\/de\/wp-json\/wp\/v2\/types\/product"}],"replies":[{"embeddable":true,"href":"https:\/\/cloudsupplyvapes.com\/de\/wp-json\/wp\/v2\/comments?post=7339"}],"wp:featuredmedia":[{"embeddable":true,"href":"https:\/\/cloudsupplyvapes.com\/de\/wp-json\/wp\/v2\/media\/7473"}],"wp:attachment":[{"href":"https:\/\/cloudsupplyvapes.com\/de\/wp-json\/wp\/v2\/media?parent=7339"}],"wp:term":[{"taxonomy":"product_brand","embeddable":true,"href":"https:\/\/cloudsupplyvapes.com\/de\/wp-json\/wp\/v2\/product_brand?post=7339"},{"taxonomy":"product_cat","embeddable":true,"href":"https:\/\/cloudsupplyvapes.com\/de\/wp-json\/wp\/v2\/product_cat?post=7339"},{"taxonomy":"product_tag","embeddable":true,"href":"https:\/\/cloudsupplyvapes.com\/de\/wp-json\/wp\/v2\/product_tag?post=7339"}],"curies":[{"name":"wp","href":"https:\/\/api.w.org\/{rel}","templated":true}]}}