{"id":7341,"date":"2024-10-19T02:52:16","date_gmt":"2024-10-19T02:52:16","guid":{"rendered":"https:\/\/cloudsupplyvapes.com\/?post_type=product&#038;p=7341"},"modified":"2024-11-25T08:27:35","modified_gmt":"2024-11-25T08:27:35","slug":"-224","status":"publish","type":"product","link":"https:\/\/cloudsupplyvapes.com\/de\/product\/al-fakher-crown-bar-8000-puffs-rechargeable-disposable-vape-wholesale\/","title":{"rendered":"Al Fakher Crown Bar 8000 Puffs wiederaufladbare Einweg-Vape Gro\u00dfhandel leicht tragbare L\u00f6sung"},"content":{"rendered":"<p>Al Fakher Crown Bar 8000 Puffs Einweg-Ger\u00e4t ist ein einzigartig geformtes Ger\u00e4t, das einen Schlag mit einem 600mAh USB-C-Akku, 18mL k\u00f6stliche e-Fl\u00fcssigkeit packt und wird Sie 8000 Puffs dauern. Die Al Fakher Crown Bar produziert gro\u00dfe Wolken und das Logo ist auf dem Ger\u00e4t f\u00fcr ein interessantes Thema f\u00fcr soziale Diskussionen eingebettet. Die Al Fakher Crown Bar 8000 puffs wird Sie Tage dauern und leicht auf dem Sprung l\u00e4dt.<\/p>\n<p><strong>Merkmale:<\/strong><\/p>\n<p>Fassungsverm\u00f6gen: 18ml<br \/>\nNikotinst\u00e4rke: 5% (50mg)<br \/>\nAkku-Kapazit\u00e4t: USB-C Wiederaufladbar 600mAh<br \/>\nAnzahl der Puffs: Ungef\u00e4hr 8000 Puffs<br \/>\nDirekt zur Lunge (DTL)<br \/>\nMaschenspule<\/p>\n<p><strong>Geschm\u00e4cker:<\/strong><br \/>\nBeereneis<br \/>\nBeeren-Minze<br \/>\nSchwarzes Johannisbeereis<br \/>\nBlaubeerkaugummi<br \/>\nBlue Razz Limonade<br \/>\nKirsche Fiesta<br \/>\nWeintrauben-Minze<br \/>\nKaugummi-Aroma<br \/>\nKaugummi-Minze<br \/>\nZitronenminze<br \/>\nLuzider Traum<br \/>\n\u00dcppiges Eis<br \/>\nMagische Liebe<br \/>\nMango-Eis<br \/>\nMinze<br \/>\nPfirsich-Eis<br \/>\nErdbeer-Punsch<br \/>\nS\u00fc\u00dfe Passionsfrucht<br \/>\nZwei \u00c4pfel<br \/>\nWei\u00dfer Blitz<\/p>\n<p><a href=\"https:\/\/i0.wp.com\/shop.vape.hk\/wp-content\/uploads\/2024\/03\/%E5%BE%AE%E4%BF%A1%E5%9B%BE%E7%89%87_20240313163106.jpg?ssl=1\" target=\"_blank\" rel=\"noopener\"><img data-recalc-dims=\"1\" loading=\"lazy\" decoding=\"async\" class=\"alignnone size-full wp-image-128801\" src=\"https:\/\/i0.wp.com\/shop.vape.hk\/wp-content\/uploads\/2024\/03\/%E5%BE%AE%E4%BF%A1%E5%9B%BE%E7%89%87_20240313163106.jpg?resize=1020%2C1020&#038;ssl=1\" alt=\"Al Fakher Crown Bar 8000 Puffs wiederaufladbare Einweg-Vape | Gro\u00dfhandel\" width=\"1020\" height=\"1020\" title=\"\"><\/a><\/p>","protected":false},"excerpt":{"rendered":"<p>Der Al Fakher Crown Bar 8000 Puffs Rechargeable Disposable Vape Wholesale bietet eine leichte Konstruktion, ein wiederaufladbares Design und eine gleichm\u00e4\u00dfige Dampfproduktion f\u00fcr tragbares und zuverl\u00e4ssiges Dampfen.<\/p>","protected":false},"featured_media":7489,"comment_status":"open","ping_status":"closed","template":"","meta":[],"product_brand":[],"product_cat":[22],"product_tag":[468],"class_list":{"0":"post-7341","1":"product","2":"type-product","3":"status-publish","4":"has-post-thumbnail","6":"product_cat-disposable-vape-sticks","7":"product_tag-al-fakher","9":"first","10":"instock","11":"shipping-taxable","12":"purchasable","13":"product-type-simple"},"jetpack_sharing_enabled":true,"tiered_pricing_type":"fixed","tiered_pricing_fixed_rules":{"1000":9,"10000":8.5,"50000":8},"tiered_pricing_product_settings":{"layout":"default","base_unit_name":{"singular":null,"plural":null},"default_variation":null},"tiered_pricing_minimum_quantity":100,"tiered_pricing_roles_data":[],"tiered_pricing_percentage_rules":[],"tiered_pricing_maximum_quantity":null,"tiered_pricing_quantity_step":null,"_links":{"self":[{"href":"https:\/\/cloudsupplyvapes.com\/de\/wp-json\/wp\/v2\/product\/7341","targetHints":{"allow":["GET"]}}],"collection":[{"href":"https:\/\/cloudsupplyvapes.com\/de\/wp-json\/wp\/v2\/product"}],"about":[{"href":"https:\/\/cloudsupplyvapes.com\/de\/wp-json\/wp\/v2\/types\/product"}],"replies":[{"embeddable":true,"href":"https:\/\/cloudsupplyvapes.com\/de\/wp-json\/wp\/v2\/comments?post=7341"}],"wp:featuredmedia":[{"embeddable":true,"href":"https:\/\/cloudsupplyvapes.com\/de\/wp-json\/wp\/v2\/media\/7489"}],"wp:attachment":[{"href":"https:\/\/cloudsupplyvapes.com\/de\/wp-json\/wp\/v2\/media?parent=7341"}],"wp:term":[{"taxonomy":"product_brand","embeddable":true,"href":"https:\/\/cloudsupplyvapes.com\/de\/wp-json\/wp\/v2\/product_brand?post=7341"},{"taxonomy":"product_cat","embeddable":true,"href":"https:\/\/cloudsupplyvapes.com\/de\/wp-json\/wp\/v2\/product_cat?post=7341"},{"taxonomy":"product_tag","embeddable":true,"href":"https:\/\/cloudsupplyvapes.com\/de\/wp-json\/wp\/v2\/product_tag?post=7341"}],"curies":[{"name":"wp","href":"https:\/\/api.w.org\/{rel}","templated":true}]}}