{"id":7403,"date":"2024-10-19T02:52:39","date_gmt":"2024-10-19T02:52:39","guid":{"rendered":"https:\/\/cloudsupplyvapes.com\/?post_type=product&#038;p=7403"},"modified":"2024-11-25T08:26:30","modified_gmt":"2024-11-25T08:26:30","slug":"-228","status":"publish","type":"product","link":"https:\/\/cloudsupplyvapes.com\/de\/product\/lost-mary-mt15000-turbo-15000-puffs-disposable-vape-wholesale\/","title":{"rendered":"Lost Mary MT15000 Turbo 15000 Puffs Einweg Vape Gro\u00dfhandel hohe Kapazit\u00e4t einstellbaren Luftstrom"},"content":{"rendered":"<h2>Verlorene Mary MT15000 Turbo<\/h2>\n<ul class=\"top\">\n<li>Marke:\u00a0<b>Verlorene Maria<\/b><\/li>\n<li>Einheit: Satz<\/li>\n<li>Art:\u00a0<b>Einweg-Vape<\/b><\/li>\n<li>Nettogewicht: 70(g)<\/li>\n<\/ul>\n<p>Die kombinierten Versandkosten werden automatisch vom System berechnet, nachdem Sie das Versandziel in der Kaufabwicklung ausgew\u00e4hlt haben.<\/p>\n<h3 class=\"title\">Lost Mary MT15000 Turbo Kit EINLEITUNG<\/h3>\n<p><b>Verloren Mary MT15000 Turbo Einweg Vape<\/b>\u00a0verf\u00fcgt \u00fcber einen umschaltbaren Turbomodus (gr\u00f6\u00dfere Wolke bei 11 W) und einen Smooth-Modus (mehr Zug bei 22 W), der verschiedene Vorlieben bedient. Der MT15000 bietet eine Kapazit\u00e4t von bis zu 15000 Z\u00fcgen und verf\u00fcgt \u00fcber ein Batterie- und E-Liquid-Display, das den Batteriestatus und den E-Saft-F\u00fcllstand anzeigt. Dar\u00fcber hinaus f\u00fcgt die einzigartige thermische Farbwechsel-Edition ein fesselndes visuelles Element zu Ihrer Hand hinzu. Mit einer Nikotinst\u00e4rke von 5% (50mg) und einer Dual-Mesh-Spule sowie einem wiederaufladbaren 600mAh-Akku kombiniert der MT15000 Turbo Vape sowohl Leistung als auch Geschmack.<\/p>\n<p class=\"second-title\">Eigenschaften<\/p>\n<p>- Gr\u00f6\u00dfe: 40 x 21 x 100 mm<\/p>\n<p>- Bis zu 15000 Puffs<\/p>\n<p>- Vorgef\u00fclltes E-Liquid<\/p>\n<p>- 5%(50mg) Nikotinst\u00e4rke<\/p>\n<p>- Wiederaufladbare 600mAh Batterie<\/p>\n<p>- USB-Typ-C-Laden (nicht im Lieferumfang enthalten)<\/p>\n<p>- Zeichnen-aktiviert<\/p>\n<p>- Dual Mesh Spule<\/p>\n<p>- MTL-Vaping<\/p>\n<p>- Batterie &amp; E-Liquid Bildschirm<\/p>\n<p>- Turbo-Modus f\u00fcr 7500 Puffs - 22W<\/p>\n<p>- Glatter Modus f\u00fcr 15000 Z\u00fcge - 11W<\/p>\n<p>- Erh\u00e4ltlich in der Thermal Color Changing Edition<\/p>\n<p><a href=\"https:\/\/i0.wp.com\/shop.vape.hk\/wp-content\/uploads\/2024\/03\/us-Lost_Mary_MT15000_Turbo_Disposable_Vape_5__Nicotine-11.jpg?ssl=1\" target=\"_blank\" rel=\"noopener\"><img data-recalc-dims=\"1\" loading=\"lazy\" decoding=\"async\" class=\"alignnone size-full wp-image-128868\" src=\"https:\/\/i0.wp.com\/shop.vape.hk\/wp-content\/uploads\/2024\/03\/us-Lost_Mary_MT15000_Turbo_Disposable_Vape_5__Nicotine-11.jpg?resize=1020%2C693&#038;ssl=1\" alt=\"Lost Mary MT15000 Turbo 15000 Puffs Einweg Vape | Gro\u00dfhandel\" width=\"1020\" height=\"693\" title=\"\"><\/a> <a href=\"https:\/\/i0.wp.com\/shop.vape.hk\/wp-content\/uploads\/2024\/03\/us-Lost_Mary_MT15000_Turbo_Disposable_Vape-11.jpg?ssl=1\" target=\"_blank\" rel=\"noopener\"><img data-recalc-dims=\"1\" loading=\"lazy\" decoding=\"async\" class=\"alignnone size-full wp-image-128884\" src=\"https:\/\/i0.wp.com\/shop.vape.hk\/wp-content\/uploads\/2024\/03\/us-Lost_Mary_MT15000_Turbo_Disposable_Vape-11.jpg?resize=1020%2C683&#038;ssl=1\" alt=\"Lost Mary MT15000 Turbo 15000 Puffs Einweg Vape | Gro\u00dfhandel\" width=\"1020\" height=\"683\" title=\"\"><\/a><\/p>","protected":false},"excerpt":{"rendered":"<p>Lost Mary MT15000 Turbo 15000 Puffs Disposable Vape Wholesale bietet einen einstellbaren Luftstrom, eine hohe Kapazit\u00e4t und ein schlankes, stilvolles Aussehen, so dass es eine erstklassige Wahl f\u00fcr zuverl\u00e4ssige Leistung.<\/p>","protected":false},"featured_media":7543,"comment_status":"open","ping_status":"closed","template":"","meta":[],"product_brand":[],"product_cat":[22],"product_tag":[],"class_list":{"0":"post-7403","1":"product","2":"type-product","3":"status-publish","4":"has-post-thumbnail","6":"product_cat-disposable-vape-sticks","8":"first","9":"instock","10":"shipping-taxable","11":"purchasable","12":"product-type-simple"},"jetpack_sharing_enabled":true,"tiered_pricing_type":"fixed","tiered_pricing_fixed_rules":{"1000":9,"10000":7,"50000":5},"tiered_pricing_product_settings":{"layout":"default","base_unit_name":{"singular":null,"plural":null},"default_variation":null},"tiered_pricing_minimum_quantity":100,"tiered_pricing_roles_data":[],"tiered_pricing_percentage_rules":[],"tiered_pricing_maximum_quantity":null,"tiered_pricing_quantity_step":null,"_links":{"self":[{"href":"https:\/\/cloudsupplyvapes.com\/de\/wp-json\/wp\/v2\/product\/7403","targetHints":{"allow":["GET"]}}],"collection":[{"href":"https:\/\/cloudsupplyvapes.com\/de\/wp-json\/wp\/v2\/product"}],"about":[{"href":"https:\/\/cloudsupplyvapes.com\/de\/wp-json\/wp\/v2\/types\/product"}],"replies":[{"embeddable":true,"href":"https:\/\/cloudsupplyvapes.com\/de\/wp-json\/wp\/v2\/comments?post=7403"}],"wp:featuredmedia":[{"embeddable":true,"href":"https:\/\/cloudsupplyvapes.com\/de\/wp-json\/wp\/v2\/media\/7543"}],"wp:attachment":[{"href":"https:\/\/cloudsupplyvapes.com\/de\/wp-json\/wp\/v2\/media?parent=7403"}],"wp:term":[{"taxonomy":"product_brand","embeddable":true,"href":"https:\/\/cloudsupplyvapes.com\/de\/wp-json\/wp\/v2\/product_brand?post=7403"},{"taxonomy":"product_cat","embeddable":true,"href":"https:\/\/cloudsupplyvapes.com\/de\/wp-json\/wp\/v2\/product_cat?post=7403"},{"taxonomy":"product_tag","embeddable":true,"href":"https:\/\/cloudsupplyvapes.com\/de\/wp-json\/wp\/v2\/product_tag?post=7403"}],"curies":[{"name":"wp","href":"https:\/\/api.w.org\/{rel}","templated":true}]}}