{"id":741,"date":"2024-10-19T02:14:43","date_gmt":"2024-10-19T02:14:43","guid":{"rendered":"https:\/\/cloudsupplyvapes.com\/?post_type=product&#038;p=741"},"modified":"2024-11-26T09:30:32","modified_gmt":"2024-11-26T09:30:32","slug":"-13","status":"publish","type":"product","link":"https:\/\/cloudsupplyvapes.com\/de\/product\/hzko-idol-pro-2800-puff-disposabele-wholesale\/","title":{"rendered":"HZKO Idol Pro 2800 Puff Einweg Vape Gro\u00dfhandel Leichtgewicht High-Performance Build"},"content":{"rendered":"<p><strong>Merkmal:<\/strong><\/p>\n<p>Fl\u00fcssigkeit: 9 ml<\/p>\n<p>Akku: 1500 mAh<\/p>\n<p>Spulenwiderstand: Produktion<\/p>\n<p>Datum: siehe Verpackung<\/p>\n<p>Garantiezeitraum: 2 Jahre<\/p>\n<p>Packung:1St\u00fcck<\/p>\n<p>Bis zu 2800 Z\u00fcge<\/p>\n<p>Gewicht: kg (400 pro Karton)<\/p>\n<p>Salz-Nikotin: 5% (optional)<\/p>\n<p><strong>Geschmack:<\/strong><\/p>\n<p>1. erdbeere wassermelone kiwi<\/p>\n<p>2. die Heidelbeere<\/p>\n<p>3. schwarze Beeren<\/p>\n<p>4. passionsfrucht mango<\/p>\n<p>5. traubeneis<\/p>\n<p>6. mango eis<\/p>\n<p>7. \u00fcppiges Eis<\/p>\n<p>8.Pfirsich-Eis<\/p>\n<p>9.Kiwi<\/p>\n<p>10.ananaseis<\/p>\n<p>11.Apfel-Eis<\/p>\n<p>12.Passionsfrucht<\/p>\n<p>13.Grapefruit<\/p>\n<p>14. Kaugummi<\/p>\n<p>15. Blaue Razz-Zitrone<\/p>\n<p>16.GEMISCHTES OBST<\/p>\n<p>17. Karamell-Tabak<\/p>\n<p>18. Energy-Drink Apfel-Kiwi<\/p>\n<p>19.Doppelapfel<\/p>\n<p>20. Schwarze Johannisbeere<\/p>","protected":false},"excerpt":{"rendered":"<p>HZKO Idol Pro 2800 Puff Einweg-Vape Gro\u00dfhandel zeichnet sich durch ein leichtes, leistungsstarkes Design f\u00fcr gleichm\u00e4\u00dfigen Dampfaussto\u00df und bequeme, anf\u00e4ngerfreundliche Handhabung aus.<\/p>","protected":false},"featured_media":771,"comment_status":"open","ping_status":"closed","template":"","meta":[],"product_brand":[],"product_cat":[22],"product_tag":[],"class_list":{"0":"post-741","1":"product","2":"type-product","3":"status-publish","4":"has-post-thumbnail","6":"product_cat-disposable-vape-sticks","8":"first","9":"instock","10":"shipping-taxable","11":"purchasable","12":"product-type-simple"},"jetpack_sharing_enabled":true,"tiered_pricing_type":"fixed","tiered_pricing_fixed_rules":{"1000":6.5,"10000":5.79999999999999982236431605997495353221893310546875,"30000":4.79999999999999982236431605997495353221893310546875},"tiered_pricing_product_settings":{"layout":"default","base_unit_name":{"singular":null,"plural":null},"default_variation":null},"tiered_pricing_minimum_quantity":100,"tiered_pricing_roles_data":[],"tiered_pricing_percentage_rules":[],"tiered_pricing_maximum_quantity":null,"tiered_pricing_quantity_step":null,"_links":{"self":[{"href":"https:\/\/cloudsupplyvapes.com\/de\/wp-json\/wp\/v2\/product\/741","targetHints":{"allow":["GET"]}}],"collection":[{"href":"https:\/\/cloudsupplyvapes.com\/de\/wp-json\/wp\/v2\/product"}],"about":[{"href":"https:\/\/cloudsupplyvapes.com\/de\/wp-json\/wp\/v2\/types\/product"}],"replies":[{"embeddable":true,"href":"https:\/\/cloudsupplyvapes.com\/de\/wp-json\/wp\/v2\/comments?post=741"}],"wp:featuredmedia":[{"embeddable":true,"href":"https:\/\/cloudsupplyvapes.com\/de\/wp-json\/wp\/v2\/media\/771"}],"wp:attachment":[{"href":"https:\/\/cloudsupplyvapes.com\/de\/wp-json\/wp\/v2\/media?parent=741"}],"wp:term":[{"taxonomy":"product_brand","embeddable":true,"href":"https:\/\/cloudsupplyvapes.com\/de\/wp-json\/wp\/v2\/product_brand?post=741"},{"taxonomy":"product_cat","embeddable":true,"href":"https:\/\/cloudsupplyvapes.com\/de\/wp-json\/wp\/v2\/product_cat?post=741"},{"taxonomy":"product_tag","embeddable":true,"href":"https:\/\/cloudsupplyvapes.com\/de\/wp-json\/wp\/v2\/product_tag?post=741"}],"curies":[{"name":"wp","href":"https:\/\/api.w.org\/{rel}","templated":true}]}}