{"id":745,"date":"2024-10-19T02:14:44","date_gmt":"2024-10-19T02:14:44","guid":{"rendered":"https:\/\/cloudsupplyvapes.com\/?post_type=product&#038;p=745"},"modified":"2024-11-26T09:26:03","modified_gmt":"2024-11-26T09:26:03","slug":"-15","status":"publish","type":"product","link":"https:\/\/cloudsupplyvapes.com\/de\/product\/hzko-idol-mate-3800-puff-disposable-wholesale\/","title":{"rendered":"HZKO Idol Mate 3800 Puff Einweg Vape Gro\u00dfhandel Stylish Langlebige Build"},"content":{"rendered":"<p>Geschm\u00e4cker\uff1a<\/p>\n<p>1.blaue Razzia-Zitrone<\/p>\n<p>2.Apfel-Eis<\/p>\n<p>3. ananaseis<\/p>\n<p>4. traubeneis<\/p>\n<p>5. mango eis<\/p>\n<p>6. passionsfrucht mango<\/p>\n<p>7. energiehaltiges Getr\u00e4nk<\/p>\n<p>8. kaugummi<\/p>\n<p>9. \u00fcppiges Eis<\/p>\n<p>10.Brombeere<\/p>","protected":false},"excerpt":{"rendered":"<p>HZKO Idol Mate 3800 Puff Disposable Vape Gro\u00dfhandel bietet ein stilvolles, langlebiges Design mit lang anhaltender Akkuleistung f\u00fcr l\u00e4ngere und zuverl\u00e4ssige Vaping-Sessions.<\/p>","protected":false},"featured_media":802,"comment_status":"open","ping_status":"closed","template":"","meta":[],"product_brand":[],"product_cat":[22],"product_tag":[],"class_list":{"0":"post-745","1":"product","2":"type-product","3":"status-publish","4":"has-post-thumbnail","6":"product_cat-disposable-vape-sticks","8":"first","9":"instock","10":"shipping-taxable","11":"purchasable","12":"product-type-simple"},"jetpack_sharing_enabled":true,"tiered_pricing_type":"fixed","tiered_pricing_fixed_rules":{"1000":7,"10000":6.5,"30000":5.5},"tiered_pricing_product_settings":{"layout":"default","base_unit_name":{"singular":null,"plural":null},"default_variation":null},"tiered_pricing_minimum_quantity":60,"tiered_pricing_roles_data":[],"tiered_pricing_percentage_rules":[],"tiered_pricing_maximum_quantity":null,"tiered_pricing_quantity_step":null,"_links":{"self":[{"href":"https:\/\/cloudsupplyvapes.com\/de\/wp-json\/wp\/v2\/product\/745","targetHints":{"allow":["GET"]}}],"collection":[{"href":"https:\/\/cloudsupplyvapes.com\/de\/wp-json\/wp\/v2\/product"}],"about":[{"href":"https:\/\/cloudsupplyvapes.com\/de\/wp-json\/wp\/v2\/types\/product"}],"replies":[{"embeddable":true,"href":"https:\/\/cloudsupplyvapes.com\/de\/wp-json\/wp\/v2\/comments?post=745"}],"wp:featuredmedia":[{"embeddable":true,"href":"https:\/\/cloudsupplyvapes.com\/de\/wp-json\/wp\/v2\/media\/802"}],"wp:attachment":[{"href":"https:\/\/cloudsupplyvapes.com\/de\/wp-json\/wp\/v2\/media?parent=745"}],"wp:term":[{"taxonomy":"product_brand","embeddable":true,"href":"https:\/\/cloudsupplyvapes.com\/de\/wp-json\/wp\/v2\/product_brand?post=745"},{"taxonomy":"product_cat","embeddable":true,"href":"https:\/\/cloudsupplyvapes.com\/de\/wp-json\/wp\/v2\/product_cat?post=745"},{"taxonomy":"product_tag","embeddable":true,"href":"https:\/\/cloudsupplyvapes.com\/de\/wp-json\/wp\/v2\/product_tag?post=745"}],"curies":[{"name":"wp","href":"https:\/\/api.w.org\/{rel}","templated":true}]}}