{"id":7462,"date":"2024-10-19T02:53:01","date_gmt":"2024-10-19T02:53:01","guid":{"rendered":"https:\/\/cloudsupplyvapes.com\/?post_type=product&#038;p=7462"},"modified":"2024-11-25T08:26:02","modified_gmt":"2024-11-25T08:26:02","slug":"-230","status":"publish","type":"product","link":"https:\/\/cloudsupplyvapes.com\/de\/product\/luffbar-dually-20000-puffs-disposable-vape-wholesale\/","title":{"rendered":"LUFFBAR Dually 20000 Puffs Einweg Vape Gro\u00dfhandel Dual Mesh Coil Portable Design"},"content":{"rendered":"<h2>LUFFBAR Dually 20000 Einweg Vape Kit<\/h2>\n<ul class=\"top\">\n<li>Marke:\u00a0<b>LUFFBAR<\/b><\/li>\n<li>Einheit: Satz<\/li>\n<li>Art:\u00a0<b>Einweg-Vape<\/b><\/li>\n<li>Nettogewicht: 70(g)<\/li>\n<\/ul>\n<p>Die kombinierten Versandkosten werden automatisch vom System berechnet, nachdem Sie das Versandziel in der Kaufabwicklung ausgew\u00e4hlt haben.<\/p>\n<h3 class=\"title\">LUFFBAR Dually 20K Einweg Vape EINLEITUNG<\/h3>\n<p><b>LUFFBAR Dually 20000 Einweg-Kit<\/b>\u00a0ist eine unglaubliche Einweg vape mit der h\u00f6chsten puff count, befriedigend rund 20000 Puffs mit Dual-Tanks von 26ml e-Saft, Doppel-Dual-Mesh-Coils und zwei intelligente LED-Displays. LUFFBAR Dually 20K ist eine extrem langlebige Einweg-Kit wegen der gro\u00dfen Kapazit\u00e4t der beiden Tanks und eine gro\u00dfartige 850mAh Akku. Wenn ein Tank aufgebraucht ist, k\u00f6nnen Sie das Mundst\u00fcck nach oben ziehen und wechseln Sie auf die andere Seite mit Leichtigkeit. LUFFBAR Dually, die K\u00f6nig-Gr\u00f6\u00dfe Einweg vape wird alle Ihre Bed\u00fcrfnisse zu erf\u00fcllen.<\/p>\n<p class=\"second-title\">Eigenschaften<\/p>\n<p>- Wiederaufladbarer integrierter 850mAh-Akku<\/p>\n<p>- Vorgef\u00fcllte 26ml E-Liquid (13ml E-Saft in jedem Tank)<\/p>\n<p>- 5% Nikotinst\u00e4rke<\/p>\n<p>- Zwei LED-Bildschirme: Linker\/rechter Bildschirm<\/p>\n<p>- Ungef\u00e4hr 20000 Puffs<\/p>\n<p>- Einfacher Wechsel: Hochziehen und Drehen zum anderen Tank<\/p>\n<p>- 4 Maschenspulen (zwei Maschenspulen f\u00fcr jede Seite)<\/p>\n<p>- USB-Typ-C-Ladeanschluss (Kabel nicht im Lieferumfang enthalten)<\/p>\n<p>- Zeichnen-aktiviert<\/p>\n<p>- MTL-Vaping<\/p>\n<p>&nbsp;<\/p>\n<div class=\"title\"><strong>Geschmack\uff1a<\/strong><\/div>\n<p>- Blaues Razzeis<\/p>\n<p>- Erdbeere-Himbeere<\/p>\n<p>- Erdbeereis<\/p>\n<p>- Zersto\u00dfene Beeren<\/p>\n<p>- Miami Mint<\/p>\n<p>- Fruchtig-k\u00fchle Wassermelone<\/p>\n<p><a href=\"https:\/\/i0.wp.com\/shop.vape.hk\/wp-content\/uploads\/2024\/03\/us-LUFFBAR_Dually_Disposable_Vape_Kit-21.jpg?ssl=1\" target=\"_blank\" rel=\"noopener\"><img data-recalc-dims=\"1\" loading=\"lazy\" decoding=\"async\" class=\"alignnone size-full wp-image-128985\" src=\"https:\/\/i0.wp.com\/shop.vape.hk\/wp-content\/uploads\/2024\/03\/us-LUFFBAR_Dually_Disposable_Vape_Kit-21.jpg?resize=1020%2C1043&#038;ssl=1\" alt=\"LUFFBAR Dually 20000 Puffs Einweg Vape | Gro\u00dfhandel\" width=\"1020\" height=\"1043\" title=\"\"><\/a> <a href=\"https:\/\/i0.wp.com\/shop.vape.hk\/wp-content\/uploads\/2024\/03\/us-LUFFBAR_Dually_Disposable_Vape_Ki-11.jpg?ssl=1\" target=\"_blank\" rel=\"noopener\"><img data-recalc-dims=\"1\" loading=\"lazy\" decoding=\"async\" class=\"alignnone size-full wp-image-128984\" src=\"https:\/\/i0.wp.com\/shop.vape.hk\/wp-content\/uploads\/2024\/03\/us-LUFFBAR_Dually_Disposable_Vape_Ki-11.jpg?resize=1020%2C649&#038;ssl=1\" alt=\"LUFFBAR Dually 20000 Puffs Einweg Vape | Gro\u00dfhandel\" width=\"1020\" height=\"649\" title=\"\"><\/a><\/p>","protected":false},"excerpt":{"rendered":"<p>LUFFBAR Dually 20000 Puffs Einweg-Vape-Gro\u00dfhandel verf\u00fcgt \u00fcber Dual-Mesh-Coil-Technologie und ein kompaktes, ultra-portable Design, liefert eine konsistente Leistung und glatte Kehle hits.<\/p>","protected":false},"featured_media":7630,"comment_status":"open","ping_status":"closed","template":"","meta":[],"product_brand":[],"product_cat":[22],"product_tag":[],"class_list":{"0":"post-7462","1":"product","2":"type-product","3":"status-publish","4":"has-post-thumbnail","6":"product_cat-disposable-vape-sticks","8":"first","9":"instock","10":"shipping-taxable","11":"purchasable","12":"product-type-simple"},"jetpack_sharing_enabled":true,"tiered_pricing_type":"fixed","tiered_pricing_fixed_rules":{"1000":12,"10000":10,"50000":8},"tiered_pricing_product_settings":{"layout":"default","base_unit_name":{"singular":null,"plural":null},"default_variation":null},"tiered_pricing_minimum_quantity":100,"tiered_pricing_roles_data":[],"tiered_pricing_percentage_rules":[],"tiered_pricing_maximum_quantity":null,"tiered_pricing_quantity_step":null,"_links":{"self":[{"href":"https:\/\/cloudsupplyvapes.com\/de\/wp-json\/wp\/v2\/product\/7462","targetHints":{"allow":["GET"]}}],"collection":[{"href":"https:\/\/cloudsupplyvapes.com\/de\/wp-json\/wp\/v2\/product"}],"about":[{"href":"https:\/\/cloudsupplyvapes.com\/de\/wp-json\/wp\/v2\/types\/product"}],"replies":[{"embeddable":true,"href":"https:\/\/cloudsupplyvapes.com\/de\/wp-json\/wp\/v2\/comments?post=7462"}],"wp:featuredmedia":[{"embeddable":true,"href":"https:\/\/cloudsupplyvapes.com\/de\/wp-json\/wp\/v2\/media\/7630"}],"wp:attachment":[{"href":"https:\/\/cloudsupplyvapes.com\/de\/wp-json\/wp\/v2\/media?parent=7462"}],"wp:term":[{"taxonomy":"product_brand","embeddable":true,"href":"https:\/\/cloudsupplyvapes.com\/de\/wp-json\/wp\/v2\/product_brand?post=7462"},{"taxonomy":"product_cat","embeddable":true,"href":"https:\/\/cloudsupplyvapes.com\/de\/wp-json\/wp\/v2\/product_cat?post=7462"},{"taxonomy":"product_tag","embeddable":true,"href":"https:\/\/cloudsupplyvapes.com\/de\/wp-json\/wp\/v2\/product_tag?post=7462"}],"curies":[{"name":"wp","href":"https:\/\/api.w.org\/{rel}","templated":true}]}}