{"id":7464,"date":"2024-10-19T02:53:01","date_gmt":"2024-10-19T02:53:01","guid":{"rendered":"https:\/\/cloudsupplyvapes.com\/?post_type=product&#038;p=7464"},"modified":"2024-11-25T08:25:50","modified_gmt":"2024-11-25T08:25:50","slug":"-231","status":"publish","type":"product","link":"https:\/\/cloudsupplyvapes.com\/de\/product\/luffbar-boring-tiger-25000-puffs-disposable-vape-wholesale\/","title":{"rendered":"LUFFBAR Boring Tiger 25000 Puffs Einweg Vape Gro\u00dfhandel hohe Kapazit\u00e4t langlebiges Design"},"content":{"rendered":"<h2>LUFFBAR Boring Tiger Einweg-Vape-Kit<\/h2>\n<ul class=\"top\">\n<li>Marke:\u00a0<b>LUFFBAR<\/b><\/li>\n<li>Einheit: Satz<\/li>\n<li>Art:\u00a0<b>Einweg-Vape<\/b><\/li>\n<li>Nettogewicht: 70(g)<\/li>\n<\/ul>\n<p>Die kombinierten Versandkosten werden automatisch vom System berechnet, nachdem Sie das Versandziel in der Kaufabwicklung ausgew\u00e4hlt haben.<\/p>\n<h3 class=\"title\">LUFFBAR Boring Tiger 25000 EINLEITUNG<\/h3>\n<p><b>LUFFBAR Bohrtiger Einweg-Kit\u00a0<\/b>bringt Ihnen die frischesten vaping Erfahrung mit unglaublichen 26ml vape Saft, eine leistungsstarke 1000mAh Akku und drei vaping Modi f\u00fcr Sie zu w\u00e4hlen. LUFFBAR Boring Tiger ist einer der beliebtesten Einwegverdampfer mit einem Boost-Modus. Sie k\u00f6nnen den Soft-, Normal- oder Boost-Modus w\u00e4hlen, um Ihre Bed\u00fcrfnisse zu befriedigen. Alle Informationen, die Sie ben\u00f6tigen, einschlie\u00dflich des Batteriestatus, des F\u00fcllstands der E-S\u00e4fte und des von Ihnen verwendeten Vaping-Modus. W\u00e4hlen Sie LUFFBAR Boring Tiger f\u00fcr die meisten Spa\u00df vaping Erfahrung.<\/p>\n<p class=\"second-title\">Eigenschaften<\/p>\n<p>- Wiederaufladbarer integrierter 1000mAh-Akku<\/p>\n<p>- Vorgef\u00fclltes 26ml E-Liquid<\/p>\n<p>- 5% Nikotinst\u00e4rke<\/p>\n<p>- Ausgangsleistung: 20-30W<\/p>\n<p>- Einstellung der Ausgangsleistung: Ber\u00fchren Sie den Typ-C-Ladeanschluss 3 Mal<\/p>\n<p>- Smart-Display-Bildschirm<\/p>\n<p>- Anzahl der Puffs: Ungef\u00e4hr 25000 Puffs (Soft-Modus)\/15000 Puffs (Normal-Modus)\/10000 Puffs (Boost-Modus)<\/p>\n<p>- USB-Typ-C-Ladeanschluss (Kabel nicht im Lieferumfang enthalten)<\/p>\n<p>- Zeichnen-aktiviert<\/p>\n<p>- MTL-Vaping<\/p>","protected":false},"excerpt":{"rendered":"<p>Der LUFFBAR Boring Tiger 25000 Puffs Disposable Vape Wholesale bietet eine hohe Kapazit\u00e4t, eine langlebige Konstruktion und eine gleichm\u00e4\u00dfige Dampfproduktion. Perfekt f\u00fcr m\u00fchelose und lang anhaltende Verdampfungs-Sessions.<\/p>","protected":false},"featured_media":7645,"comment_status":"open","ping_status":"closed","template":"","meta":[],"product_brand":[],"product_cat":[22],"product_tag":[],"class_list":{"0":"post-7464","1":"product","2":"type-product","3":"status-publish","4":"has-post-thumbnail","6":"product_cat-disposable-vape-sticks","8":"first","9":"instock","10":"shipping-taxable","11":"purchasable","12":"product-type-simple"},"jetpack_sharing_enabled":true,"tiered_pricing_type":"fixed","tiered_pricing_fixed_rules":{"1000":12,"10000":10,"50000":8},"tiered_pricing_product_settings":{"layout":"default","base_unit_name":{"singular":null,"plural":null},"default_variation":null},"tiered_pricing_minimum_quantity":100,"tiered_pricing_roles_data":[],"tiered_pricing_percentage_rules":[],"tiered_pricing_maximum_quantity":null,"tiered_pricing_quantity_step":null,"_links":{"self":[{"href":"https:\/\/cloudsupplyvapes.com\/de\/wp-json\/wp\/v2\/product\/7464","targetHints":{"allow":["GET"]}}],"collection":[{"href":"https:\/\/cloudsupplyvapes.com\/de\/wp-json\/wp\/v2\/product"}],"about":[{"href":"https:\/\/cloudsupplyvapes.com\/de\/wp-json\/wp\/v2\/types\/product"}],"replies":[{"embeddable":true,"href":"https:\/\/cloudsupplyvapes.com\/de\/wp-json\/wp\/v2\/comments?post=7464"}],"wp:featuredmedia":[{"embeddable":true,"href":"https:\/\/cloudsupplyvapes.com\/de\/wp-json\/wp\/v2\/media\/7645"}],"wp:attachment":[{"href":"https:\/\/cloudsupplyvapes.com\/de\/wp-json\/wp\/v2\/media?parent=7464"}],"wp:term":[{"taxonomy":"product_brand","embeddable":true,"href":"https:\/\/cloudsupplyvapes.com\/de\/wp-json\/wp\/v2\/product_brand?post=7464"},{"taxonomy":"product_cat","embeddable":true,"href":"https:\/\/cloudsupplyvapes.com\/de\/wp-json\/wp\/v2\/product_cat?post=7464"},{"taxonomy":"product_tag","embeddable":true,"href":"https:\/\/cloudsupplyvapes.com\/de\/wp-json\/wp\/v2\/product_tag?post=7464"}],"curies":[{"name":"wp","href":"https:\/\/api.w.org\/{rel}","templated":true}]}}