{"id":7532,"date":"2024-10-19T02:53:23","date_gmt":"2024-10-19T02:53:23","guid":{"rendered":"https:\/\/cloudsupplyvapes.com\/?post_type=product&#038;p=7532"},"modified":"2024-11-25T07:36:46","modified_gmt":"2024-11-25T07:36:46","slug":"-232","status":"publish","type":"product","link":"https:\/\/cloudsupplyvapes.com\/de\/product\/geek-bar-digiflavor-lush-20000-puffs-disposable-vape-wholesale\/","title":{"rendered":"Geek Bar Digiflavor Lush 20000 Puffs Einweg Vape Gro\u00dfhandel hohe Kapazit\u00e4t keine Wartung"},"content":{"rendered":"<h2>Geek Bar Digiflavor Lush 20K Einweg Vape Kit<\/h2>\n<ul class=\"top\">\n<li>Marke:\u00a0<b>Geek-Bar<\/b><\/li>\n<li>Einheit: Satz<\/li>\n<li>Art:\u00a0<b>Einweg-Vape<\/b><\/li>\n<li>Nettogewicht: 70(g)<\/li>\n<\/ul>\n<p>Die kombinierten Versandkosten werden automatisch vom System berechnet, nachdem Sie das Versandziel in der Kaufabwicklung ausgew\u00e4hlt haben.<\/p>\n<h3 class=\"title\">Geek Bar Digiflavor Lush 20K EINF\u00dcHRUNG<\/h3>\n<p><b>Geek Bar Digiflavor Lush Einweg-Kit\u00a0<\/b>ist ein intelligenter Einwegdampfer, der von einem leistungsstarken 820mAh-Akku angetrieben wird und zwei Verdampfungsmodi (Regular und Dynamic Mode) mit unterschiedlichen Puffzahlen bietet. Als Co-Branding-Produkt von Geek Bar und Digiflavor, Geek Bar Lush 20K kommt mit einem Mega-Bildschirm, der Akkulaufzeit, e-Saft Ebene und vaping-Modus zeigt. Es unterst\u00fctzt zwei Vaping-Modi mit zwei Mesh-Spulen und zwei Heizkernen. Im regul\u00e4ren Modus k\u00f6nnen Sie insgesamt bis zu 20000 Z\u00fcge genie\u00dfen. Und Sie k\u00f6nnen etwa 10000 Z\u00fcge im Dynamic Mode genie\u00dfen. Dank des 6S-Aromaw\u00e4chters ist jeder Zug frisch und lecker.<\/p>\n<p class=\"second-title\">Eigenschaften<\/p>\n<p>- Wiederaufladbarer integrierter 820mAh-Akku<\/p>\n<p>- Vorgef\u00fclltes 20ml E-Liquid<\/p>\n<p>- 5% Nikotinst\u00e4rke<\/p>\n<p>- Regul\u00e4rer Modus: Ungef\u00e4hr 20000 Z\u00fcge<\/p>\n<p>- Dynamisch: Ungef\u00e4hr 10000 Puffs<\/p>\n<p>- Smart-Display-Bildschirm<\/p>\n<p>- Einstellung des Luftstroms<\/p>\n<p>- Dual Mesh Spule<\/p>\n<p>- Dual Core Heizung<\/p>\n<p>- 6S Flavor Guardian<\/p>\n<p>- USB-Typ-C-Ladeanschluss (Kabel nicht im Lieferumfang enthalten)<\/p>\n<p>- Zeichnen-aktiviert<\/p>\n<p>- MTL-Vaping<\/p>\n<p><a href=\"https:\/\/i0.wp.com\/shop.vape.hk\/wp-content\/uploads\/2024\/03\/Geek-Bar-Digiflavor-Lush-20K-Disposable-Vape-Kit_021.jpg?ssl=1\" target=\"_blank\" rel=\"noopener\"><img data-recalc-dims=\"1\" loading=\"lazy\" decoding=\"async\" class=\"alignnone size-full wp-image-129107\" src=\"https:\/\/i0.wp.com\/shop.vape.hk\/wp-content\/uploads\/2024\/03\/Geek-Bar-Digiflavor-Lush-20K-Disposable-Vape-Kit_021.jpg?resize=1020%2C549&#038;ssl=1\" alt=\"Geek Bar Digiflavor Lush 20000 Puffs Einweg Vape | Gro\u00dfhandel\" width=\"1020\" height=\"549\" title=\"\"><\/a> <a href=\"https:\/\/i0.wp.com\/shop.vape.hk\/wp-content\/uploads\/2024\/03\/Geek-Bar-Digiflavor-Lush-20K-Disposable-Vape-Kit_011.jpg?ssl=1\" target=\"_blank\" rel=\"noopener\"><img data-recalc-dims=\"1\" loading=\"lazy\" decoding=\"async\" class=\"alignnone size-full wp-image-129108\" src=\"https:\/\/i0.wp.com\/shop.vape.hk\/wp-content\/uploads\/2024\/03\/Geek-Bar-Digiflavor-Lush-20K-Disposable-Vape-Kit_011.jpg?resize=1020%2C858&#038;ssl=1\" alt=\"Geek Bar Digiflavor Lush 20000 Puffs Einweg Vape | Gro\u00dfhandel\" width=\"1020\" height=\"858\" title=\"\"><\/a><\/p>","protected":false},"excerpt":{"rendered":"<p>Der Geek Bar Digiflavor Lush 20000 Puffs Einweg-Vape-Gro\u00dfhandel bietet eine hohe Kapazit\u00e4t Design mit keiner Wartung erforderlich, die Bereitstellung von glatten Dampf und konstante Leistung.<\/p>","protected":false},"featured_media":7726,"comment_status":"open","ping_status":"closed","template":"","meta":[],"product_brand":[],"product_cat":[22],"product_tag":[],"class_list":{"0":"post-7532","1":"product","2":"type-product","3":"status-publish","4":"has-post-thumbnail","6":"product_cat-disposable-vape-sticks","8":"first","9":"instock","10":"shipping-taxable","11":"purchasable","12":"product-type-simple"},"jetpack_sharing_enabled":true,"tiered_pricing_type":"fixed","tiered_pricing_fixed_rules":{"1000":12,"10000":10,"50000":8},"tiered_pricing_product_settings":{"layout":"default","base_unit_name":{"singular":null,"plural":null},"default_variation":null},"tiered_pricing_minimum_quantity":100,"tiered_pricing_roles_data":[],"tiered_pricing_percentage_rules":[],"tiered_pricing_maximum_quantity":null,"tiered_pricing_quantity_step":null,"_links":{"self":[{"href":"https:\/\/cloudsupplyvapes.com\/de\/wp-json\/wp\/v2\/product\/7532","targetHints":{"allow":["GET"]}}],"collection":[{"href":"https:\/\/cloudsupplyvapes.com\/de\/wp-json\/wp\/v2\/product"}],"about":[{"href":"https:\/\/cloudsupplyvapes.com\/de\/wp-json\/wp\/v2\/types\/product"}],"replies":[{"embeddable":true,"href":"https:\/\/cloudsupplyvapes.com\/de\/wp-json\/wp\/v2\/comments?post=7532"}],"wp:featuredmedia":[{"embeddable":true,"href":"https:\/\/cloudsupplyvapes.com\/de\/wp-json\/wp\/v2\/media\/7726"}],"wp:attachment":[{"href":"https:\/\/cloudsupplyvapes.com\/de\/wp-json\/wp\/v2\/media?parent=7532"}],"wp:term":[{"taxonomy":"product_brand","embeddable":true,"href":"https:\/\/cloudsupplyvapes.com\/de\/wp-json\/wp\/v2\/product_brand?post=7532"},{"taxonomy":"product_cat","embeddable":true,"href":"https:\/\/cloudsupplyvapes.com\/de\/wp-json\/wp\/v2\/product_cat?post=7532"},{"taxonomy":"product_tag","embeddable":true,"href":"https:\/\/cloudsupplyvapes.com\/de\/wp-json\/wp\/v2\/product_tag?post=7532"}],"curies":[{"name":"wp","href":"https:\/\/api.w.org\/{rel}","templated":true}]}}