{"id":7536,"date":"2024-10-19T02:53:23","date_gmt":"2024-10-19T02:53:23","guid":{"rendered":"https:\/\/cloudsupplyvapes.com\/?post_type=product&#038;p=7536"},"modified":"2024-11-25T07:36:33","modified_gmt":"2024-11-25T07:36:33","slug":"-233","status":"publish","type":"product","link":"https:\/\/cloudsupplyvapes.com\/de\/product\/smok-priv-bar-turbo-15000-puffs-disposable-vape-wholesale\/","title":{"rendered":"SMOK Priv Bar Turbo 15000 Puffs Einweg Vape Gro\u00dfhandel wiederaufladbare Dual Mesh Coil"},"content":{"rendered":"<h2>SMOK Priv Bar Turbo 15000 Einweg-Vape<\/h2>\n<ul class=\"top\">\n<li>Marke:\u00a0<b>SMOK<\/b><\/li>\n<li>Einheit: Satz<\/li>\n<li>Art:\u00a0<b>Einweg-Vape<\/b><\/li>\n<li>Nettogewicht: 68(g)<\/li>\n<\/ul>\n<p>Die kombinierten Versandkosten werden automatisch vom System berechnet, nachdem Sie das Versandziel in der Kaufabwicklung ausgew\u00e4hlt haben.<\/p>\n<div class=\"title\">SMOK Priv Bar Turbo 15000 Einweg-Vape EINLEITUNG<\/div>\n<p><b>SMOK Priv Bar Turbo 15000 Einweg-Vape\u00a0<\/b>verf\u00fcgt \u00fcber 16ml vorgef\u00fcllten Vape-Saft, einen wiederaufladbaren Akku, ein Display f\u00fcr den Batteriestatus und den E-Saftstand und kann insgesamt etwa 15000 Z\u00fcge befriedigen. Priv Bar Turbo ist voll beladen mit k\u00f6stlichem E-Saft. Mit der Hightech von SMOK liefert die Priv Bar starken Dampf und befriedigend starke Nikotinhits. Um das Dampfen bequemer und einfacher zu machen, ist der Priv Bar Turbo mit einem Display ausgestattet. Sie k\u00f6nnen den Batteriestatus und den F\u00fcllstand des E-Juice ablesen.<\/p>\n<p class=\"second-title\">Eigenschaften<\/p>\n<p>- 16ml vorgef\u00fclltes E-Liquid<\/p>\n<p>- 5%(50mg) Nikotinst\u00e4rke<\/p>\n<p>- Wiederaufladbarer, integrierter 800-mAh-Akku<\/p>\n<p>- Dr\u00fccken Sie die Taste an der Unterseite, um den Turbomodus zu aktivieren.<\/p>\n<p>- Ungef\u00e4hr 15000 Puffs im normalen Modus\/10000 Puffs im Turbomodus<\/p>\n<p>- Display f\u00fcr Batteriestatus und E-Juice-F\u00fcllstand<\/p>\n<p>- Typ-C-Anschluss (Kabel nicht im Lieferumfang enthalten)<\/p>\n<p>&nbsp;<\/p>\n<p>- Zeichnen-aktiviert<\/p>\n<p>- MTL-Vaping<\/p>\n<p class=\"second-title\">Geschm\u00e4cker<\/p>\n<p><b>Alaskanische Minze<\/b>: Eine erfrischende Mischung aus k\u00fchler Minze mit einem Hauch von eisigem Menthol, die an die frische Luft Alaskas erinnert.<\/p>\n<p><b>Blue Razz Lemon<\/b>: Eine s\u00fc\u00dfe und s\u00e4uerliche Mischung aus blauer Himbeere und pikantem Zitronengeschmack, die ein lebendiges und fruchtiges Dampferlebnis schafft.<\/p>\n<p><b>Kirschenparadies<\/b>: Der Geschmack des Paradieses mit der k\u00fchnen und saftigen Essenz reifer Kirschen, die einen Schub an fruchtiger S\u00fc\u00dfe liefert.<\/p>\n<p><b>Dr. Kirsche<\/b>: Ein einzigartiges Vape mit Kirschgeschmack, das eine ausgepr\u00e4gte und m\u00f6glicherweise komplexe Mischung von Kirschnoten f\u00fcr einen befriedigenden Geschmack bietet.<\/p>\n<p><b>Florida-Limonade<\/b>: Diese Zitronenlimonade mit dem spritzigen Geschmack frischer Zitronen sorgt f\u00fcr ein klassisches Limonadenerlebnis und l\u00e4sst Sie die Sonne genie\u00dfen.<\/p>\n<p><b>Honolulu Blau<\/b>: Versetzen Sie sich mit diesem exotischen Geschmack in das tropische Honolulu und kombinieren Sie tropische Fr\u00fcchte f\u00fcr einen k\u00f6stlichen, von der Insel inspirierten Vape.<\/p>\n<p><b>Pfirsich-Beeren-Eis<\/b>: Eine k\u00f6stliche Mischung aus s\u00fc\u00dfen Pfirsichen, gemischten Beeren und einem k\u00fchlen Menthol-Abgang, die ein harmonisches Gleichgewicht von Fruchtigkeit und Frische schafft.<\/p>\n<p><b>Erdbeer-Minze-Bonbon<\/b>: Genie\u00dfen Sie die s\u00fc\u00dfe und zeitlose Kombination von reifen Erdbeeren mit einem Hauch von Minze, die an ein erfrischendes Erdbeerbonbon erinnert.<\/p>\n<p><b>Dreifach-Apfel-Eis<\/b>: Eine dreifache Bedrohung des Apfelgeschmacks mit einer Mischung aus knackigen gr\u00fcnen \u00c4pfeln, s\u00fc\u00dfen roten \u00c4pfeln und einem Hauch von eisigem Menthol f\u00fcr einen k\u00fchlen Abgang.<\/p>\n<p><b>Dreifache Mango<\/b>: Eine intensive und exotische Verschmelzung von drei Mangosorten, die ein reichhaltiges und befriedigendes Mango-Geschmacksprofil liefert.<\/p>\n<p><b>Wassermelone Chill<\/b>: K\u00fchlen Sie sich mit dem wohltuenden Geschmack von Wassermelone ab, erg\u00e4nzt durch einen erfrischenden Menthol-Twist f\u00fcr einen k\u00fchlenden und belebenden Vape.<\/p>\n<p><b>Wassermelone Kiwi<\/b>: Eine saftige und saftige Kombination aus Wassermelone und Kiwi, die ein tropisches und fruchtiges Dampferlebnis schafft.<\/p>\n<p><a href=\"https:\/\/i0.wp.com\/shop.vape.hk\/wp-content\/uploads\/2024\/03\/SMOK-Priv-Bar-Turbo-15000-Rechargeable-Disposable-Vape_021.jpg?ssl=1\" target=\"_blank\" rel=\"noopener\"><img data-recalc-dims=\"1\" loading=\"lazy\" decoding=\"async\" class=\"alignnone size-full wp-image-129184\" src=\"https:\/\/i0.wp.com\/shop.vape.hk\/wp-content\/uploads\/2024\/03\/SMOK-Priv-Bar-Turbo-15000-Rechargeable-Disposable-Vape_021.jpg?resize=1020%2C574&#038;ssl=1\" alt=\"SMOK Priv Bar Turbo 15000 Puffs Einweg Vape | Gro\u00dfhandel\" width=\"1020\" height=\"574\" title=\"\"><\/a> <a href=\"https:\/\/i0.wp.com\/shop.vape.hk\/wp-content\/uploads\/2024\/03\/SMOK-Priv-Bar-Turbo-15000-Rechargeable-Disposable-Vape_011.jpg?ssl=1\" target=\"_blank\" rel=\"noopener\"><img data-recalc-dims=\"1\" loading=\"lazy\" decoding=\"async\" class=\"alignnone size-full wp-image-129185\" src=\"https:\/\/i0.wp.com\/shop.vape.hk\/wp-content\/uploads\/2024\/03\/SMOK-Priv-Bar-Turbo-15000-Rechargeable-Disposable-Vape_011.jpg?resize=1020%2C757&#038;ssl=1\" alt=\"SMOK Priv Bar Turbo 15000 Puffs Einweg Vape | Gro\u00dfhandel\" width=\"1020\" height=\"757\" title=\"\"><\/a><\/p>","protected":false},"excerpt":{"rendered":"<p>Die SMOK Priv Bar Turbo 15000 Puffs Disposable Vape Gro\u00dfhandel kommt mit Dual-Mesh-Coil-Technologie, Akku, und eine dauerhafte Struktur f\u00fcr glatte, geschmackvolle Dampf.<\/p>","protected":false},"featured_media":7762,"comment_status":"open","ping_status":"closed","template":"","meta":[],"product_brand":[],"product_cat":[22],"product_tag":[],"class_list":{"0":"post-7536","1":"product","2":"type-product","3":"status-publish","4":"has-post-thumbnail","6":"product_cat-disposable-vape-sticks","8":"first","9":"instock","10":"shipping-taxable","11":"purchasable","12":"product-type-simple"},"jetpack_sharing_enabled":true,"tiered_pricing_type":"fixed","tiered_pricing_fixed_rules":{"1000":13,"10000":11,"50000":9},"tiered_pricing_product_settings":{"layout":"default","base_unit_name":{"singular":null,"plural":null},"default_variation":null},"tiered_pricing_minimum_quantity":100,"tiered_pricing_roles_data":[],"tiered_pricing_percentage_rules":[],"tiered_pricing_maximum_quantity":null,"tiered_pricing_quantity_step":null,"_links":{"self":[{"href":"https:\/\/cloudsupplyvapes.com\/de\/wp-json\/wp\/v2\/product\/7536","targetHints":{"allow":["GET"]}}],"collection":[{"href":"https:\/\/cloudsupplyvapes.com\/de\/wp-json\/wp\/v2\/product"}],"about":[{"href":"https:\/\/cloudsupplyvapes.com\/de\/wp-json\/wp\/v2\/types\/product"}],"replies":[{"embeddable":true,"href":"https:\/\/cloudsupplyvapes.com\/de\/wp-json\/wp\/v2\/comments?post=7536"}],"wp:featuredmedia":[{"embeddable":true,"href":"https:\/\/cloudsupplyvapes.com\/de\/wp-json\/wp\/v2\/media\/7762"}],"wp:attachment":[{"href":"https:\/\/cloudsupplyvapes.com\/de\/wp-json\/wp\/v2\/media?parent=7536"}],"wp:term":[{"taxonomy":"product_brand","embeddable":true,"href":"https:\/\/cloudsupplyvapes.com\/de\/wp-json\/wp\/v2\/product_brand?post=7536"},{"taxonomy":"product_cat","embeddable":true,"href":"https:\/\/cloudsupplyvapes.com\/de\/wp-json\/wp\/v2\/product_cat?post=7536"},{"taxonomy":"product_tag","embeddable":true,"href":"https:\/\/cloudsupplyvapes.com\/de\/wp-json\/wp\/v2\/product_tag?post=7536"}],"curies":[{"name":"wp","href":"https:\/\/api.w.org\/{rel}","templated":true}]}}