{"id":7538,"date":"2024-10-19T02:53:24","date_gmt":"2024-10-19T02:53:24","guid":{"rendered":"https:\/\/cloudsupplyvapes.com\/?post_type=product&#038;p=7538"},"modified":"2024-11-25T07:36:20","modified_gmt":"2024-11-25T07:36:20","slug":"-234","status":"publish","type":"product","link":"https:\/\/cloudsupplyvapes.com\/de\/product\/lava-hot-bunny-9000-puffs-disposable-vape-wholesale\/","title":{"rendered":"Lava Hot Bunny 9000 Puffs Einweg Vape Gro\u00dfhandel Kompaktes Design Smooth Vapor"},"content":{"rendered":"<h2>Lava Hot Bunny 9000 Einweg-Vape<\/h2>\n<ul class=\"top\">\n<li>Marke:\u00a0<b>Lava<\/b><\/li>\n<li>Einheit: Satz<\/li>\n<li>Art:\u00a0<b>Einweg-Vape<\/b><\/li>\n<li>Nettogewicht: 70(g)<\/li>\n<\/ul>\n<p>Die kombinierten Versandkosten werden automatisch vom System berechnet, nachdem Sie das Versandziel in der Kaufabwicklung ausgew\u00e4hlt haben.<\/p>\n<h3 class=\"title\">Lava Hot Bunny 9000 Einweg-Vape EINLEITUNG<\/h3>\n<p><b>Lava Hot Bunny 9000 Einweg-Vape<\/b>\u00a0ist ein benutzerzentrierter intelligenter Einwegdampfer mit einem Display und fortschrittlicher Mesh-Coil-Technologie. Hot Bunny ist voll mit 12ml e-Saft mit absolut guten Geschmack geladen. Es l\u00e4uft auf einem 650mAh wiederaufladbare Batterie. Die 1,2 Ohm Mesh-Spule fungiert als Schl\u00fcssel zur Freisetzung von guten Aromen und lange Zeit vaping Vergn\u00fcgen. Dar\u00fcber hinaus gibt es auch ein Display auf der rechten Seite der vape. Sie k\u00f6nnen jederzeit die Akkulaufzeit und den F\u00fcllstand des E-Saftes \u00fcberpr\u00fcfen. Genie\u00dfen Sie sanfte Hits und problemloses Dampfen mit dem Lava Hot Bunny.<\/p>\n<p class=\"second-title\">Eigenschaften<\/p>\n<p>- Wiederaufladbarer 650mAh-Akku<\/p>\n<p>- Vorgef\u00fclltes 12ml E-Liquid<\/p>\n<p>- Ungef\u00e4hr 9000 Puffs<\/p>\n<p>- Intelligente Anzeige f\u00fcr Batterielebensdauer und E-Juice-F\u00fcllstand<\/p>\n<p>- USB-Typ-C-Ladeanschluss (Kabel nicht im Lieferumfang enthalten)<\/p>\n<p>- Erweiterte Mesh Coil Technologie: 1.2ohm Mesh Coil<\/p>\n<p>- Zeichnen-aktiviert<\/p>\n<p>- MTL-Vaping<\/p>","protected":false},"excerpt":{"rendered":"<p>Der Lava Hot Bunny 9000 Puffs Einweg-Vape-Gro\u00dfhandel zeichnet sich durch sein kompaktes Design und seine problemlose Bedienung aus und bietet eine konstante Leistung und ein angenehmes Dampferlebnis.<\/p>","protected":false},"featured_media":7798,"comment_status":"open","ping_status":"closed","template":"","meta":[],"product_brand":[],"product_cat":[22],"product_tag":[],"class_list":{"0":"post-7538","1":"product","2":"type-product","3":"status-publish","4":"has-post-thumbnail","6":"product_cat-disposable-vape-sticks","8":"first","9":"instock","10":"shipping-taxable","11":"purchasable","12":"product-type-simple"},"jetpack_sharing_enabled":true,"tiered_pricing_type":"fixed","tiered_pricing_fixed_rules":{"1000":7,"10000":6,"50000":5},"tiered_pricing_product_settings":{"layout":"default","base_unit_name":{"singular":null,"plural":null},"default_variation":null},"tiered_pricing_minimum_quantity":100,"tiered_pricing_roles_data":[],"tiered_pricing_percentage_rules":[],"tiered_pricing_maximum_quantity":null,"tiered_pricing_quantity_step":null,"_links":{"self":[{"href":"https:\/\/cloudsupplyvapes.com\/de\/wp-json\/wp\/v2\/product\/7538","targetHints":{"allow":["GET"]}}],"collection":[{"href":"https:\/\/cloudsupplyvapes.com\/de\/wp-json\/wp\/v2\/product"}],"about":[{"href":"https:\/\/cloudsupplyvapes.com\/de\/wp-json\/wp\/v2\/types\/product"}],"replies":[{"embeddable":true,"href":"https:\/\/cloudsupplyvapes.com\/de\/wp-json\/wp\/v2\/comments?post=7538"}],"wp:featuredmedia":[{"embeddable":true,"href":"https:\/\/cloudsupplyvapes.com\/de\/wp-json\/wp\/v2\/media\/7798"}],"wp:attachment":[{"href":"https:\/\/cloudsupplyvapes.com\/de\/wp-json\/wp\/v2\/media?parent=7538"}],"wp:term":[{"taxonomy":"product_brand","embeddable":true,"href":"https:\/\/cloudsupplyvapes.com\/de\/wp-json\/wp\/v2\/product_brand?post=7538"},{"taxonomy":"product_cat","embeddable":true,"href":"https:\/\/cloudsupplyvapes.com\/de\/wp-json\/wp\/v2\/product_cat?post=7538"},{"taxonomy":"product_tag","embeddable":true,"href":"https:\/\/cloudsupplyvapes.com\/de\/wp-json\/wp\/v2\/product_tag?post=7538"}],"curies":[{"name":"wp","href":"https:\/\/api.w.org\/{rel}","templated":true}]}}