{"id":7623,"date":"2024-10-19T02:53:57","date_gmt":"2024-10-19T02:53:57","guid":{"rendered":"https:\/\/cloudsupplyvapes.com\/?post_type=product&#038;p=7623"},"modified":"2024-11-25T07:35:45","modified_gmt":"2024-11-25T07:35:45","slug":"-236","status":"publish","type":"product","link":"https:\/\/cloudsupplyvapes.com\/de\/product\/airis-speedy-15000-puffs-disposable-vape-wholesale\/","title":{"rendered":"Airis Speedy 15000 Puffs Einweg Vape Gro\u00dfhandel langlebig Build Geschmack reichen Erfahrung"},"content":{"rendered":"<h2>Airis Speedy 15K Einweg-Vape-Kit<\/h2>\n<ul class=\"top\">\n<li>Marke:\u00a0<b>Airis<\/b><\/li>\n<li>Einheit: Satz<\/li>\n<li>Art:\u00a0<b>Einweg-Vape<\/b><\/li>\n<li>Nettogewicht: 70(g)<\/li>\n<\/ul>\n<p>Die kombinierten Versandkosten werden automatisch vom System berechnet, nachdem Sie das Versandziel in der Kaufabwicklung ausgew\u00e4hlt haben.<\/p>\n<h3 class=\"title\">Airis Speedy 15K Einweg Vape EINLEITUNG<\/h3>\n<p><b>Airis Speedy 15K Einweg-Kit\u00a0<\/b>ist ein intelligenter und benutzerfreundlicher Einwegdampfer mit Schnellz\u00fcndung und einem intelligenten Display. Airis Speedy ist mit den beliebten Elementen des Rennsports dekoriert. Ausgestattet mit dem Airis Pure Core 2.0 Chip, produziert Speedy 15K Dampf schneller. Es gibt keine Notwendigkeit, \u00fcberhaupt zu warten. Es gibt zwei Modi, aus denen Sie w\u00e4hlen k\u00f6nnen. Der S-Modus kann Ihnen maximal 15000 Z\u00fcge bieten und der D-Modus bietet 10000 Z\u00fcge mit intensiveren Aromen. Auch das Aufladen ist bequem. Sie k\u00f6nnen ein Typ-C oder Lightning-Kabel verwenden.<\/p>\n<p class=\"second-title\">Eigenschaften<\/p>\n<p>- Wiederaufladbarer integrierter 650mAh-Akku<\/p>\n<p>- E-Saft Kapazit\u00e4t: 18ml<\/p>\n<p>- 5% Nikotinst\u00e4rke<\/p>\n<p>- Airis Pure Core 2.0 Chip<\/p>\n<p>- Quick Response Z\u00fcndung<\/p>\n<p>- 1.0ohm Dual Mesh Spulen<\/p>\n<p>- Bildschirm<\/p>\n<p>- Anzahl der Puffs: Ungef\u00e4hr 15000 Puffs (S-Modus)\/10000 Puffs (D-Modus)<\/p>\n<p>- Dualer Ladeanschluss: Lightning\/Typ-C-Ladeanschluss (Kabel nicht im Lieferumfang enthalten)<\/p>\n<p>- Zeichnen-aktiviert<\/p>\n<p>- MTL-Vaping<\/p>","protected":false},"excerpt":{"rendered":"<p>Der Airis Speedy 15000 Puffs Einweg-Vape-Gro\u00dfhandel bietet eine langlebige Konstruktion, eine geschmacksintensive Leistung und ein leichtes ergonomisches Design f\u00fcr ausgedehnte Vaping-Sessions.<\/p>","protected":false},"featured_media":7868,"comment_status":"open","ping_status":"closed","template":"","meta":[],"product_brand":[],"product_cat":[22],"product_tag":[],"class_list":{"0":"post-7623","1":"product","2":"type-product","3":"status-publish","4":"has-post-thumbnail","6":"product_cat-disposable-vape-sticks","8":"first","9":"instock","10":"shipping-taxable","11":"purchasable","12":"product-type-simple"},"jetpack_sharing_enabled":true,"tiered_pricing_type":"fixed","tiered_pricing_fixed_rules":{"1000":11,"10000":9,"50000":7},"tiered_pricing_product_settings":{"layout":"default","base_unit_name":{"singular":null,"plural":null},"default_variation":null},"tiered_pricing_minimum_quantity":100,"tiered_pricing_roles_data":[],"tiered_pricing_percentage_rules":[],"tiered_pricing_maximum_quantity":null,"tiered_pricing_quantity_step":null,"_links":{"self":[{"href":"https:\/\/cloudsupplyvapes.com\/de\/wp-json\/wp\/v2\/product\/7623","targetHints":{"allow":["GET"]}}],"collection":[{"href":"https:\/\/cloudsupplyvapes.com\/de\/wp-json\/wp\/v2\/product"}],"about":[{"href":"https:\/\/cloudsupplyvapes.com\/de\/wp-json\/wp\/v2\/types\/product"}],"replies":[{"embeddable":true,"href":"https:\/\/cloudsupplyvapes.com\/de\/wp-json\/wp\/v2\/comments?post=7623"}],"wp:featuredmedia":[{"embeddable":true,"href":"https:\/\/cloudsupplyvapes.com\/de\/wp-json\/wp\/v2\/media\/7868"}],"wp:attachment":[{"href":"https:\/\/cloudsupplyvapes.com\/de\/wp-json\/wp\/v2\/media?parent=7623"}],"wp:term":[{"taxonomy":"product_brand","embeddable":true,"href":"https:\/\/cloudsupplyvapes.com\/de\/wp-json\/wp\/v2\/product_brand?post=7623"},{"taxonomy":"product_cat","embeddable":true,"href":"https:\/\/cloudsupplyvapes.com\/de\/wp-json\/wp\/v2\/product_cat?post=7623"},{"taxonomy":"product_tag","embeddable":true,"href":"https:\/\/cloudsupplyvapes.com\/de\/wp-json\/wp\/v2\/product_tag?post=7623"}],"curies":[{"name":"wp","href":"https:\/\/api.w.org\/{rel}","templated":true}]}}