{"id":7624,"date":"2024-10-19T02:53:57","date_gmt":"2024-10-19T02:53:57","guid":{"rendered":"https:\/\/cloudsupplyvapes.com\/?post_type=product&#038;p=7624"},"modified":"2024-11-25T07:35:21","modified_gmt":"2024-11-25T07:35:21","slug":"-237","status":"publish","type":"product","link":"https:\/\/cloudsupplyvapes.com\/de\/product\/airis-noble-10000-puffs-disposable-vape-wholesale\/","title":{"rendered":"Airis Noble 10000 Puffs Einweg Vape Gro\u00dfhandel wiederaufladbare Leak Proof Design"},"content":{"rendered":"<h2>Airis Noble 10000 Einweg-Vape<\/h2>\n<ul class=\"top\">\n<li>Marke:\u00a0<b>Airis<\/b><\/li>\n<li>Einheit: Satz<\/li>\n<li>Art:\u00a0<b>Einweg-Vape<\/b><\/li>\n<li>Nettogewicht: 68(g)<\/li>\n<\/ul>\n<p>Die kombinierten Versandkosten werden automatisch vom System berechnet, nachdem Sie das Versandziel in der Kaufabwicklung ausgew\u00e4hlt haben.<\/p>\n<div class=\"title\">Airis Noble 10000 Einweg Vape EINLEITUNG<\/div>\n<p><b>Airis Noble 10000 Einweg-Vape\u00a0<\/b>bietet gro\u00dfz\u00fcgig 10000 Puffs mit 18ml vorgef\u00fclltem Vape-Saft, einem 650mAh-Akku, einstellbarem Luftstrom und einem Display f\u00fcr Batteriestatus und E-Saft-F\u00fcllstand. Der Airis Noble hat das Dekor einer mechanischen Uhr, was auf seine Pr\u00e4zision hinweist. Der zahnrad\u00e4hnliche Schalter erm\u00f6glicht es Ihnen, den Luftstrom an unterschiedliche Bed\u00fcrfnisse anzupassen. Au\u00dferdem k\u00f6nnen Sie jederzeit den F\u00fcllstand des E-Saftes und den Batteriestatus \u00fcber ein gro\u00dfes, intelligentes Display ablesen. Airis Noble ist eine Rolex auf dem Gebiet des Verdampfens.<\/p>\n<p class=\"second-title\">Eigenschaften<\/p>\n<p>- 18ml vorgef\u00fclltes E-Liquid<\/p>\n<p>- 5%(50mg) Nikotin<\/p>\n<p>- Wiederaufladbarer 650mAh-Akku<\/p>\n<p>- 1.0ohm Mesh-Spule<\/p>\n<p>- Einstellbarer Luftstrom<\/p>\n<p>- Airis Pure Core Tech<\/p>\n<p>- Ungef\u00e4hr 10000 Puffs<\/p>\n<p>- Intelligentes Display f\u00fcr den Batteriestatus und den F\u00fcllstand des E-Saftes<\/p>\n<p>- Typ-C-Anschluss (Kabel nicht im Lieferumfang enthalten)<\/p>\n<p>&nbsp;<\/p>\n<p>- Zeichnen-aktiviert<\/p>\n<p>- MTL-Vaping<\/p>","protected":false},"excerpt":{"rendered":"<p>Der Airis Noble 10000 Puffs Disposable Vape Wholesale verf\u00fcgt \u00fcber einen wiederaufladbaren Akku, auslaufsicheres Design und hochwertiges Material f\u00fcr konsistentes und lang anhaltendes Dampfen.<\/p>","protected":false},"featured_media":7875,"comment_status":"open","ping_status":"closed","template":"","meta":[],"product_brand":[],"product_cat":[22],"product_tag":[],"class_list":{"0":"post-7624","1":"product","2":"type-product","3":"status-publish","4":"has-post-thumbnail","6":"product_cat-disposable-vape-sticks","8":"first","9":"instock","10":"shipping-taxable","11":"purchasable","12":"product-type-simple"},"jetpack_sharing_enabled":true,"tiered_pricing_type":"fixed","tiered_pricing_fixed_rules":{"1000":8,"10000":7,"50000":6},"tiered_pricing_product_settings":{"layout":"default","base_unit_name":{"singular":null,"plural":null},"default_variation":null},"tiered_pricing_minimum_quantity":100,"tiered_pricing_roles_data":[],"tiered_pricing_percentage_rules":[],"tiered_pricing_maximum_quantity":null,"tiered_pricing_quantity_step":null,"_links":{"self":[{"href":"https:\/\/cloudsupplyvapes.com\/de\/wp-json\/wp\/v2\/product\/7624","targetHints":{"allow":["GET"]}}],"collection":[{"href":"https:\/\/cloudsupplyvapes.com\/de\/wp-json\/wp\/v2\/product"}],"about":[{"href":"https:\/\/cloudsupplyvapes.com\/de\/wp-json\/wp\/v2\/types\/product"}],"replies":[{"embeddable":true,"href":"https:\/\/cloudsupplyvapes.com\/de\/wp-json\/wp\/v2\/comments?post=7624"}],"wp:featuredmedia":[{"embeddable":true,"href":"https:\/\/cloudsupplyvapes.com\/de\/wp-json\/wp\/v2\/media\/7875"}],"wp:attachment":[{"href":"https:\/\/cloudsupplyvapes.com\/de\/wp-json\/wp\/v2\/media?parent=7624"}],"wp:term":[{"taxonomy":"product_brand","embeddable":true,"href":"https:\/\/cloudsupplyvapes.com\/de\/wp-json\/wp\/v2\/product_brand?post=7624"},{"taxonomy":"product_cat","embeddable":true,"href":"https:\/\/cloudsupplyvapes.com\/de\/wp-json\/wp\/v2\/product_cat?post=7624"},{"taxonomy":"product_tag","embeddable":true,"href":"https:\/\/cloudsupplyvapes.com\/de\/wp-json\/wp\/v2\/product_tag?post=7624"}],"curies":[{"name":"wp","href":"https:\/\/api.w.org\/{rel}","templated":true}]}}