{"id":7625,"date":"2024-10-19T02:53:57","date_gmt":"2024-10-19T02:53:57","guid":{"rendered":"https:\/\/cloudsupplyvapes.com\/?post_type=product&#038;p=7625"},"modified":"2024-11-25T07:35:07","modified_gmt":"2024-11-25T07:35:07","slug":"-238","status":"publish","type":"product","link":"https:\/\/cloudsupplyvapes.com\/de\/product\/airis-neo-p9000-9000-puffs-disposable-vape-wholesale\/","title":{"rendered":"Airis Neo P9000 9000 Puffs Einweg Vape Gro\u00dfhandel einstellbare Luftstrom schnelles Aufladen"},"content":{"rendered":"<h2>Airis Neo P9000 Einweg-Vape<\/h2>\n<ul class=\"top\">\n<li style=\"list-style-type: none;\">\n<ul class=\"top\">\n<li>Marke:\u00a0<b>Airis<\/b><\/li>\n<li>Einheit: Satz<\/li>\n<li>Art:\u00a0<b>Einweg-Vape<\/b><\/li>\n<li>Nettogewicht: 70(g)<\/li>\n<\/ul>\n<\/li>\n<\/ul>\n<p>Die kombinierten Versandkosten werden automatisch vom System berechnet, nachdem Sie das Versandziel in der Kaufabwicklung ausgew\u00e4hlt haben.<\/p>\n<div class=\"title\">Airis Neo P9000 Einweg-Vape EINLEITUNG<\/div>\n<p><b>Airis Neo P9000 Einweg-Vape<\/b>\u00a0h\u00e4lt eine kr\u00e4ftige Ladung Saft auf 17ml vorgef\u00fcllte e-Fl\u00fcssigkeit, Airis Neo P9000 evoziert verschiedene Aromen f\u00fcr bis zu 9000 Z\u00fcge. Um die bereits guten Aromen noch mehr genie\u00dfen zu k\u00f6nnen, verf\u00fcgt er \u00fcber einen einstellbaren Luftstrom und 5% (50mg) Nikotinst\u00e4rke. Die e-Fl\u00fcssigkeit &amp; Batterie-Bildschirm-Anzeige befindet sich auf der Vorderseite f\u00fcr die \u00dcberwachung. Die transparente, kristall\u00e4hnliche Schale mit dem Riffelmuster verleiht dem Ger\u00e4t eine besondere Note. Nehmen Sie einen Zug, die enge MTL Zug ist f\u00fcr jede D\u00e4mpfe ausgelegt.<\/p>\n<p class=\"second-title\">Eigenschaften<\/p>\n<p>- 17ml vorgef\u00fclltes E-Liquid<\/p>\n<p>- 5%(50mg) Nikotinst\u00e4rke<\/p>\n<p>- Wiederaufladbarer 650mAh-Akku<\/p>\n<p>- USB Typ-C (nicht enthalten)<\/p>\n<p>- Ungef\u00e4hr 9000 Puffs<\/p>\n<p>- Maschenspule<\/p>\n<p>- Zeichnen-aktiviert<\/p>\n<p>- MTL-Vaping<\/p>\n<p>- Einstellbare Luftstromregelung<\/p>\n<p>- E-Liquid-Kapazit\u00e4t &amp; Leistungsanzeige<\/p>\n<p>- E-Liquid-Indikator<\/p>\n<p>- Kurzschluss-, Schwachstrom- und Ladeschutz<\/p>","protected":false},"excerpt":{"rendered":"<p>Der Airis Neo P9000 9000 Puffs Disposable Vape Wholesale kombiniert einstellbaren Luftstrom mit schneller Ladetechnologie und liefert so sanften Dampf und eine ultra-portable Vaping-L\u00f6sung.<\/p>","protected":false},"featured_media":7881,"comment_status":"open","ping_status":"closed","template":"","meta":[],"product_brand":[],"product_cat":[22],"product_tag":[],"class_list":{"0":"post-7625","1":"product","2":"type-product","3":"status-publish","4":"has-post-thumbnail","6":"product_cat-disposable-vape-sticks","8":"first","9":"instock","10":"shipping-taxable","11":"purchasable","12":"product-type-simple"},"jetpack_sharing_enabled":true,"tiered_pricing_type":"fixed","tiered_pricing_fixed_rules":{"1000":7,"10000":6,"50000":5},"tiered_pricing_product_settings":{"layout":"default","base_unit_name":{"singular":null,"plural":null},"default_variation":null},"tiered_pricing_minimum_quantity":100,"tiered_pricing_roles_data":[],"tiered_pricing_percentage_rules":[],"tiered_pricing_maximum_quantity":null,"tiered_pricing_quantity_step":null,"_links":{"self":[{"href":"https:\/\/cloudsupplyvapes.com\/de\/wp-json\/wp\/v2\/product\/7625","targetHints":{"allow":["GET"]}}],"collection":[{"href":"https:\/\/cloudsupplyvapes.com\/de\/wp-json\/wp\/v2\/product"}],"about":[{"href":"https:\/\/cloudsupplyvapes.com\/de\/wp-json\/wp\/v2\/types\/product"}],"replies":[{"embeddable":true,"href":"https:\/\/cloudsupplyvapes.com\/de\/wp-json\/wp\/v2\/comments?post=7625"}],"wp:featuredmedia":[{"embeddable":true,"href":"https:\/\/cloudsupplyvapes.com\/de\/wp-json\/wp\/v2\/media\/7881"}],"wp:attachment":[{"href":"https:\/\/cloudsupplyvapes.com\/de\/wp-json\/wp\/v2\/media?parent=7625"}],"wp:term":[{"taxonomy":"product_brand","embeddable":true,"href":"https:\/\/cloudsupplyvapes.com\/de\/wp-json\/wp\/v2\/product_brand?post=7625"},{"taxonomy":"product_cat","embeddable":true,"href":"https:\/\/cloudsupplyvapes.com\/de\/wp-json\/wp\/v2\/product_cat?post=7625"},{"taxonomy":"product_tag","embeddable":true,"href":"https:\/\/cloudsupplyvapes.com\/de\/wp-json\/wp\/v2\/product_tag?post=7625"}],"curies":[{"name":"wp","href":"https:\/\/api.w.org\/{rel}","templated":true}]}}