{"id":7626,"date":"2024-10-19T02:53:57","date_gmt":"2024-10-19T02:53:57","guid":{"rendered":"https:\/\/cloudsupplyvapes.com\/?post_type=product&#038;p=7626"},"modified":"2024-11-25T07:34:50","modified_gmt":"2024-11-25T07:34:50","slug":"-239","status":"publish","type":"product","link":"https:\/\/cloudsupplyvapes.com\/de\/product\/airis-mega-2000-puffs-disposable-vape-wholesale\/","title":{"rendered":"Airis MEGA 2000 Puffs Disposable Vape Gro\u00dfhandel Langlebig Zuverl\u00e4ssig Vape"},"content":{"rendered":"<h2>Airis MEGA Einweg<\/h2>\n<ul class=\"top\">\n<li style=\"list-style-type: none;\">\n<ul class=\"top\">\n<li>Marke: Airis<\/li>\n<li>Einheit: Satz<\/li>\n<li>Typ: Einweg-Vape-Kit<\/li>\n<li>Nettogewicht: 50(g)<\/li>\n<\/ul>\n<\/li>\n<\/ul>\n<p>Die kombinierten Versandkosten werden automatisch vom System berechnet, nachdem Sie das Versandziel in der Kaufabwicklung ausgew\u00e4hlt haben.<\/p>\n<div class=\"title\">Airis MEGA Einweg INTRODUCTION<\/div>\n<p><b>Airis MEGA Einweg<\/b>\u00a0ist mit einem eingebauten 1050mAh-Akku und einer Unterschrift 6mL vape Saft Kapazit\u00e4t, die eine 5% Salz Nikotin Ebene enth\u00e4lt verpackt. Airflow ist reichlich f\u00fcr diese vaping Hits und ist auch einstellbar, wenn Sie eine st\u00e4rkere Kehle Hit bevorzugen, und jedes Ger\u00e4t kann etwa 2000puffs zu befriedigen. Dieses Kit hat nur einen Widerstandswert, der 1,8 Ohm bietet, so dass die Kunden nur eine Ausgabe vaping Erfahrung f\u00fcr einen einheitlichen Geschmack zu haben. 15 Arten von Aromen muss ein weiterer beeindruckender Teil des gesamten Ger\u00e4tes sein, w\u00e4hlen Sie, was Sie f\u00fcr diese s\u00fc\u00dfen Aromen warten.<\/p>\n<p class=\"second-title\">Eigenschaften<\/p>\n<p>- 1050mAh Eingebauter Akku<\/p>\n<p>- 6mL Vape Saft Kapazit\u00e4t<\/p>\n<p>- Zufriedene \u00fcber 2000 Puffs<\/p>\n<p>- 5% Salz Nikotin St\u00e4rke<\/p>\n<p>- 15 Geschmacksoptionen<\/p>\n<p>- 1,8-Ohm-Spule<\/p>\n<p><a href=\"https:\/\/i0.wp.com\/shop.vape.hk\/wp-content\/uploads\/2024\/03\/airis-mega-disposable1_4.jpg?ssl=1\" target=\"_blank\" rel=\"noopener\"><img data-recalc-dims=\"1\" loading=\"lazy\" decoding=\"async\" class=\"alignnone size-full wp-image-129304\" src=\"https:\/\/i0.wp.com\/shop.vape.hk\/wp-content\/uploads\/2024\/03\/airis-mega-disposable1_4.jpg?resize=1020%2C644&#038;ssl=1\" alt=\"Airis MEGA 2000 Puffs Einweg Vape | Gro\u00dfhandel\" width=\"1020\" height=\"644\" title=\"\"><\/a> <a href=\"https:\/\/i0.wp.com\/shop.vape.hk\/wp-content\/uploads\/2024\/03\/airis-mega-disposable1_3.jpg?ssl=1\" target=\"_blank\" rel=\"noopener\"><img data-recalc-dims=\"1\" loading=\"lazy\" decoding=\"async\" class=\"alignnone size-full wp-image-129303\" src=\"https:\/\/i0.wp.com\/shop.vape.hk\/wp-content\/uploads\/2024\/03\/airis-mega-disposable1_3.jpg?resize=1020%2C344&#038;ssl=1\" alt=\"Airis MEGA 2000 Puffs Einweg Vape | Gro\u00dfhandel\" width=\"1020\" height=\"344\" title=\"\"><\/a> <a href=\"https:\/\/i0.wp.com\/shop.vape.hk\/wp-content\/uploads\/2024\/03\/airis-mega-disposable1_1.jpg?ssl=1\" target=\"_blank\" rel=\"noopener\"><img data-recalc-dims=\"1\" loading=\"lazy\" decoding=\"async\" class=\"alignnone size-full wp-image-129302\" src=\"https:\/\/i0.wp.com\/shop.vape.hk\/wp-content\/uploads\/2024\/03\/airis-mega-disposable1_1.jpg?resize=1020%2C934&#038;ssl=1\" alt=\"Airis MEGA 2000 Puffs Einweg Vape | Gro\u00dfhandel\" width=\"1020\" height=\"934\" title=\"\"><\/a> <a href=\"https:\/\/i0.wp.com\/shop.vape.hk\/wp-content\/uploads\/2024\/03\/airis-mega-disposable1_2.jpg?ssl=1\" target=\"_blank\" rel=\"noopener\"><img data-recalc-dims=\"1\" loading=\"lazy\" decoding=\"async\" class=\"alignnone size-full wp-image-129300\" src=\"https:\/\/i0.wp.com\/shop.vape.hk\/wp-content\/uploads\/2024\/03\/airis-mega-disposable1_2.jpg?resize=1020%2C804&#038;ssl=1\" alt=\"Airis MEGA 2000 Puffs Einweg Vape | Gro\u00dfhandel\" width=\"1020\" height=\"804\" title=\"\"><\/a><\/p>","protected":false},"excerpt":{"rendered":"<p>Der Airis MEGA 2000 Puffs Einweg-Vape-Gro\u00dfhandel bietet gleichbleibende Leistung, eine lange Akkulaufzeit und ein schlankes Design, das f\u00fcr reichhaltigen Dampf und ein diskretes Dampferlebnis sorgt.<\/p>","protected":false},"featured_media":7889,"comment_status":"open","ping_status":"closed","template":"","meta":[],"product_brand":[],"product_cat":[22],"product_tag":[],"class_list":{"0":"post-7626","1":"product","2":"type-product","3":"status-publish","4":"has-post-thumbnail","6":"product_cat-disposable-vape-sticks","8":"first","9":"instock","10":"shipping-taxable","11":"purchasable","12":"product-type-simple"},"jetpack_sharing_enabled":true,"tiered_pricing_type":"fixed","tiered_pricing_fixed_rules":{"1000":5,"10000":4,"50000":3},"tiered_pricing_product_settings":{"layout":"default","base_unit_name":{"singular":null,"plural":null},"default_variation":null},"tiered_pricing_minimum_quantity":100,"tiered_pricing_roles_data":[],"tiered_pricing_percentage_rules":[],"tiered_pricing_maximum_quantity":null,"tiered_pricing_quantity_step":null,"_links":{"self":[{"href":"https:\/\/cloudsupplyvapes.com\/de\/wp-json\/wp\/v2\/product\/7626","targetHints":{"allow":["GET"]}}],"collection":[{"href":"https:\/\/cloudsupplyvapes.com\/de\/wp-json\/wp\/v2\/product"}],"about":[{"href":"https:\/\/cloudsupplyvapes.com\/de\/wp-json\/wp\/v2\/types\/product"}],"replies":[{"embeddable":true,"href":"https:\/\/cloudsupplyvapes.com\/de\/wp-json\/wp\/v2\/comments?post=7626"}],"wp:featuredmedia":[{"embeddable":true,"href":"https:\/\/cloudsupplyvapes.com\/de\/wp-json\/wp\/v2\/media\/7889"}],"wp:attachment":[{"href":"https:\/\/cloudsupplyvapes.com\/de\/wp-json\/wp\/v2\/media?parent=7626"}],"wp:term":[{"taxonomy":"product_brand","embeddable":true,"href":"https:\/\/cloudsupplyvapes.com\/de\/wp-json\/wp\/v2\/product_brand?post=7626"},{"taxonomy":"product_cat","embeddable":true,"href":"https:\/\/cloudsupplyvapes.com\/de\/wp-json\/wp\/v2\/product_cat?post=7626"},{"taxonomy":"product_tag","embeddable":true,"href":"https:\/\/cloudsupplyvapes.com\/de\/wp-json\/wp\/v2\/product_tag?post=7626"}],"curies":[{"name":"wp","href":"https:\/\/api.w.org\/{rel}","templated":true}]}}