{"id":7628,"date":"2024-10-19T02:53:57","date_gmt":"2024-10-19T02:53:57","guid":{"rendered":"https:\/\/cloudsupplyvapes.com\/?post_type=product&#038;p=7628"},"modified":"2024-11-25T07:34:13","modified_gmt":"2024-11-25T07:34:13","slug":"-241","status":"publish","type":"product","link":"https:\/\/cloudsupplyvapes.com\/de\/product\/airis-beast-4000-puffs-disposable-vape-wholesale\/","title":{"rendered":"Airis Beast 4000 Puffs Einweg Vape Gro\u00dfhandel hohe Kapazit\u00e4t leichtes Design"},"content":{"rendered":"<h2>Airis Beast Einweg-Kit 4000 Puffs 2200mAh<\/h2>\n<ul class=\"top\">\n<li>Marke: Airis<\/li>\n<li>Einheit: Satz<\/li>\n<li>Typ: Einweg-Vape-Kit<\/li>\n<li>Nettogewicht: 50(g)<\/li>\n<\/ul>\n<p>Die kombinierten Versandkosten werden automatisch vom System berechnet, nachdem Sie das Versandziel in der Kaufabwicklung ausgew\u00e4hlt haben.<\/p>\n<div class=\"title\">Airis Beast Einwegkit EINLEITUNG<\/div>\n<p>Bereiten Sie sich auf die\u00a0<b>Airis Beast Einweg-Kit<\/b>\u00a0weil es ein beeindruckendes Abenteuer der Vaping-Tech liefern wird! Es wird von einem 2200mAh ma\u00dfgeschneiderte Batterie, die die meisten auf dem Markt \u00fcbertrifft angetrieben, und mit seinen 16ml Vape Saft Kapazit\u00e4t, kann es nicht etwa 4000 Z\u00fcge nehmen? Es hat auch eine einstellbare Airflow-System und ist mit 5% St\u00e4rke des Salzes Nikotin ausgestattet, helfen Sie haben eine perfekt vaping Erfahrung.<\/p>\n<p>Wenn Sie auf der Inhalation von ihm sind, mit erstklassigen Zutaten bringen eine Art von komplexen, harmonischen und fruchtigen Geschmack, die Ihre Geschmacksnerven trifft, und Sie haben 15 verschiedene Geschmacksrichtungen zur Auswahl, absolut weht Ihre Phantasie. Wenn es um die M\u00fche \u00fcber die Hygiene des Mundst\u00fccks kommt, machen Sie sich keine Sorgen dar\u00fcber, weil es nachdenklich nimmt Mundst\u00fcck Schutz Design, das eine ansteckbare Kappe hat. Wenn Sie auf der Suche nach einem Einweg-Kit sind, suchen Sie nicht weiter als Airis Beast Disposable Kit, muss es alle Ihre Phantasie zu befriedigen.<\/p>\n<p class=\"second-title\">Eigenschaften<\/p>\n<p>- Stromversorgung durch einen 2200mAh-Akku<\/p>\n<p>- 16ml Vape Saft Kapazit\u00e4t<\/p>\n<p>- Nehmen Sie etwa 4000 Z\u00fcge<\/p>\n<p>- Komplexer, harmonischer und fruchtiger Geschmack<\/p>\n<p>- 15 verschiedene Geschmacksrichtungen zur Auswahl<\/p>\n<p>- Mundst\u00fcck Schutz Design<\/p>\n<p>- Aufsteckbare Kappe<\/p>","protected":false},"excerpt":{"rendered":"<p>Der Airis Beast 4000 Puffs Einweg-Vape-Gro\u00dfhandel zeichnet sich durch eine hohe Kapazit\u00e4t, eine leichte Konstruktion und eine gleichm\u00e4\u00dfige Dampfproduktion aus und bietet ein problemloses Dampferlebnis f\u00fcr den mobilen Gebrauch.<\/p>","protected":false},"featured_media":7912,"comment_status":"open","ping_status":"closed","template":"","meta":[],"product_brand":[],"product_cat":[22],"product_tag":[],"class_list":{"0":"post-7628","1":"product","2":"type-product","3":"status-publish","4":"has-post-thumbnail","6":"product_cat-disposable-vape-sticks","8":"first","9":"instock","10":"shipping-taxable","11":"purchasable","12":"product-type-simple"},"jetpack_sharing_enabled":true,"tiered_pricing_type":"fixed","tiered_pricing_fixed_rules":{"1000":5,"10000":4,"50000":3},"tiered_pricing_product_settings":{"layout":"default","base_unit_name":{"singular":null,"plural":null},"default_variation":null},"tiered_pricing_minimum_quantity":100,"tiered_pricing_roles_data":[],"tiered_pricing_percentage_rules":[],"tiered_pricing_maximum_quantity":null,"tiered_pricing_quantity_step":null,"_links":{"self":[{"href":"https:\/\/cloudsupplyvapes.com\/de\/wp-json\/wp\/v2\/product\/7628","targetHints":{"allow":["GET"]}}],"collection":[{"href":"https:\/\/cloudsupplyvapes.com\/de\/wp-json\/wp\/v2\/product"}],"about":[{"href":"https:\/\/cloudsupplyvapes.com\/de\/wp-json\/wp\/v2\/types\/product"}],"replies":[{"embeddable":true,"href":"https:\/\/cloudsupplyvapes.com\/de\/wp-json\/wp\/v2\/comments?post=7628"}],"wp:featuredmedia":[{"embeddable":true,"href":"https:\/\/cloudsupplyvapes.com\/de\/wp-json\/wp\/v2\/media\/7912"}],"wp:attachment":[{"href":"https:\/\/cloudsupplyvapes.com\/de\/wp-json\/wp\/v2\/media?parent=7628"}],"wp:term":[{"taxonomy":"product_brand","embeddable":true,"href":"https:\/\/cloudsupplyvapes.com\/de\/wp-json\/wp\/v2\/product_brand?post=7628"},{"taxonomy":"product_cat","embeddable":true,"href":"https:\/\/cloudsupplyvapes.com\/de\/wp-json\/wp\/v2\/product_cat?post=7628"},{"taxonomy":"product_tag","embeddable":true,"href":"https:\/\/cloudsupplyvapes.com\/de\/wp-json\/wp\/v2\/product_tag?post=7628"}],"curies":[{"name":"wp","href":"https:\/\/api.w.org\/{rel}","templated":true}]}}