{"id":778,"date":"2024-10-19T02:15:05","date_gmt":"2024-10-19T02:15:05","guid":{"rendered":"https:\/\/cloudsupplyvapes.com\/?post_type=product&#038;p=778"},"modified":"2024-11-26T09:24:19","modified_gmt":"2024-11-26T09:24:19","slug":"-17","status":"publish","type":"product","link":"https:\/\/cloudsupplyvapes.com\/de\/product\/iqte-cube-2500-puff-disposable-wholesale\/","title":{"rendered":"IQTE Cube 2500 Puff Einweg Vape Gro\u00dfhandel kompakte hohe Nikotinst\u00e4rke"},"content":{"rendered":"<p>5% Nikotinsalz.<\/p>\n<p>2500 Puffs pro Ger\u00e4t.<\/p>\n<p>Durch Ziehen aktivierter Ausl\u00f6semechanismus.<\/p>\n<p>10 Geschmacksrichtungen verf\u00fcgbar.<\/p>\n<p>6.0ML von E-Fl\u00fcssigkeit.<\/p>\n<p>Integrierter 550mAh Akku.<\/p>\n<p>10 St\u00fcck in einer Display-Box.<\/p>\n<p>Gr\u00f6\u00dfe:20*20*97mm.<\/p>\n<p>&nbsp;<\/p>\n<p>Geschmack:<\/p>\n<p>Wassermelonen-Eis<\/p>\n<p>Erdbeere-Banane<\/p>\n<p>Blue Razz Limonade<\/p>\n<p>Mango-Eis<\/p>\n<p>Bananeneis<\/p>\n<p>Pfirsich-Eis<\/p>\n<p>Gemischte Beeren<\/p>","protected":false},"excerpt":{"rendered":"<p>IQTE Cube 2500 Puff Einweg-Vape-Gro\u00dfhandel liefert hohe Nikotinst\u00e4rke, ein kompaktes Design und glatten Dampf f\u00fcr konsistente und befriedigende Erfahrungen vaping.<\/p>","protected":false},"featured_media":808,"comment_status":"open","ping_status":"closed","template":"","meta":[],"product_brand":[],"product_cat":[22],"product_tag":[],"class_list":{"0":"post-778","1":"product","2":"type-product","3":"status-publish","4":"has-post-thumbnail","6":"product_cat-disposable-vape-sticks","8":"first","9":"instock","10":"shipping-taxable","11":"purchasable","12":"product-type-simple"},"jetpack_sharing_enabled":true,"tiered_pricing_type":"fixed","tiered_pricing_fixed_rules":{"1000":5.20000000000000017763568394002504646778106689453125,"10000":4.5,"30000":4},"tiered_pricing_product_settings":{"layout":"default","base_unit_name":{"singular":null,"plural":null},"default_variation":null},"tiered_pricing_minimum_quantity":100,"tiered_pricing_roles_data":[],"tiered_pricing_percentage_rules":[],"tiered_pricing_maximum_quantity":null,"tiered_pricing_quantity_step":null,"_links":{"self":[{"href":"https:\/\/cloudsupplyvapes.com\/de\/wp-json\/wp\/v2\/product\/778","targetHints":{"allow":["GET"]}}],"collection":[{"href":"https:\/\/cloudsupplyvapes.com\/de\/wp-json\/wp\/v2\/product"}],"about":[{"href":"https:\/\/cloudsupplyvapes.com\/de\/wp-json\/wp\/v2\/types\/product"}],"replies":[{"embeddable":true,"href":"https:\/\/cloudsupplyvapes.com\/de\/wp-json\/wp\/v2\/comments?post=778"}],"wp:featuredmedia":[{"embeddable":true,"href":"https:\/\/cloudsupplyvapes.com\/de\/wp-json\/wp\/v2\/media\/808"}],"wp:attachment":[{"href":"https:\/\/cloudsupplyvapes.com\/de\/wp-json\/wp\/v2\/media?parent=778"}],"wp:term":[{"taxonomy":"product_brand","embeddable":true,"href":"https:\/\/cloudsupplyvapes.com\/de\/wp-json\/wp\/v2\/product_brand?post=778"},{"taxonomy":"product_cat","embeddable":true,"href":"https:\/\/cloudsupplyvapes.com\/de\/wp-json\/wp\/v2\/product_cat?post=778"},{"taxonomy":"product_tag","embeddable":true,"href":"https:\/\/cloudsupplyvapes.com\/de\/wp-json\/wp\/v2\/product_tag?post=778"}],"curies":[{"name":"wp","href":"https:\/\/api.w.org\/{rel}","templated":true}]}}