{"id":779,"date":"2024-10-19T02:15:05","date_gmt":"2024-10-19T02:15:05","guid":{"rendered":"https:\/\/cloudsupplyvapes.com\/?post_type=product&#038;p=779"},"modified":"2024-11-26T09:24:31","modified_gmt":"2024-11-26T09:24:31","slug":"-18","status":"publish","type":"product","link":"https:\/\/cloudsupplyvapes.com\/de\/product\/iqte-honor-4000-puff-disposable-wholesale\/","title":{"rendered":"IQTE Honor 4000 Puff Einweg Vape Gro\u00dfhandel Leichtgewicht Langlebig Bauen"},"content":{"rendered":"<p>5% Nikotinsalz.<\/p>\n<p>4000 Puffs pro Ger\u00e4t.<\/p>\n<p>Durch Ziehen aktivierter Ausl\u00f6semechanismus.<\/p>\n<p>10 Geschmacksrichtungen verf\u00fcgbar.<\/p>\n<p>10ML von E-Fl\u00fcssigkeit.<\/p>\n<p>Einstellbarer Luftstrom.<\/p>\n<p>Integrierter 850mAh-Akku.<\/p>\n<p>10 St\u00fcck in einer Display-Box.<\/p>\n<p>Aufladbar mit Typ-C-Anschluss<\/p>\n<p>&nbsp;<\/p>\n<p>Geschmack:<\/p>\n<p>Wassermelonen-Eis<\/p>\n<p>Erdbeere-Banane<\/p>\n<p>Blue Razz Limonade<\/p>\n<p>Mango-Eis<\/p>\n<p>Bananeneis<\/p>\n<p>Pfirsich-Eis<\/p>\n<p>Gemischte Beeren<\/p>","protected":false},"excerpt":{"rendered":"<p>IQTE Honor 4000 Puff Einweg-Vape-Gro\u00dfhandel verf\u00fcgt \u00fcber ein leichtes, langlebiges Design mit glatten Dampf Ausgang und problemlosen Betrieb f\u00fcr Premium-Vaping.<\/p>","protected":false},"featured_media":809,"comment_status":"open","ping_status":"closed","template":"","meta":[],"product_brand":[],"product_cat":[22],"product_tag":[],"class_list":{"0":"post-779","1":"product","2":"type-product","3":"status-publish","4":"has-post-thumbnail","6":"product_cat-disposable-vape-sticks","8":"first","9":"instock","10":"shipping-taxable","11":"purchasable","12":"product-type-simple"},"jetpack_sharing_enabled":true,"tiered_pricing_type":"fixed","tiered_pricing_fixed_rules":{"1000":7.5,"10000":7,"30000":6},"tiered_pricing_product_settings":{"layout":"default","base_unit_name":{"singular":null,"plural":null},"default_variation":null},"tiered_pricing_minimum_quantity":100,"tiered_pricing_roles_data":[],"tiered_pricing_percentage_rules":[],"tiered_pricing_maximum_quantity":null,"tiered_pricing_quantity_step":null,"_links":{"self":[{"href":"https:\/\/cloudsupplyvapes.com\/de\/wp-json\/wp\/v2\/product\/779","targetHints":{"allow":["GET"]}}],"collection":[{"href":"https:\/\/cloudsupplyvapes.com\/de\/wp-json\/wp\/v2\/product"}],"about":[{"href":"https:\/\/cloudsupplyvapes.com\/de\/wp-json\/wp\/v2\/types\/product"}],"replies":[{"embeddable":true,"href":"https:\/\/cloudsupplyvapes.com\/de\/wp-json\/wp\/v2\/comments?post=779"}],"wp:featuredmedia":[{"embeddable":true,"href":"https:\/\/cloudsupplyvapes.com\/de\/wp-json\/wp\/v2\/media\/809"}],"wp:attachment":[{"href":"https:\/\/cloudsupplyvapes.com\/de\/wp-json\/wp\/v2\/media?parent=779"}],"wp:term":[{"taxonomy":"product_brand","embeddable":true,"href":"https:\/\/cloudsupplyvapes.com\/de\/wp-json\/wp\/v2\/product_brand?post=779"},{"taxonomy":"product_cat","embeddable":true,"href":"https:\/\/cloudsupplyvapes.com\/de\/wp-json\/wp\/v2\/product_cat?post=779"},{"taxonomy":"product_tag","embeddable":true,"href":"https:\/\/cloudsupplyvapes.com\/de\/wp-json\/wp\/v2\/product_tag?post=779"}],"curies":[{"name":"wp","href":"https:\/\/api.w.org\/{rel}","templated":true}]}}