{"id":781,"date":"2024-10-19T02:15:05","date_gmt":"2024-10-19T02:15:05","guid":{"rendered":"https:\/\/cloudsupplyvapes.com\/?post_type=product&#038;p=781"},"modified":"2024-11-26T09:24:42","modified_gmt":"2024-11-26T09:24:42","slug":"-19","status":"publish","type":"product","link":"https:\/\/cloudsupplyvapes.com\/de\/product\/iqte-box-6000-puff-disposable-wholesale\/","title":{"rendered":"IQTE Box 6000 Puff Einweg Vape Gro\u00dfhandel Hohe Kapazit\u00e4t Langlebige Leistung"},"content":{"rendered":"<p>5% Nikotinsalz.<\/p>\n<p>6000 Puffs pro Ger\u00e4t.<\/p>\n<p>Durch Ziehen aktivierter Ausl\u00f6semechanismus.<\/p>\n<p>10 Geschmacksrichtungen verf\u00fcgbar.<\/p>\n<p>Fassungsverm\u00f6gen Rauch\u00f6l 15mL<\/p>\n<p>10 St\u00fcck in einer Display-Box.<\/p>\n<p>Sanfter und lang anhaltender Geschmack.<\/p>\n<p>Maschenspule<\/p>\n<p>Gr\u00f6\u00dfe:34*18*90mm<\/p>\n<p>Typ-C-Laden<\/p>\n<p>&nbsp;<\/p>\n<p>Geschmack:<\/p>\n<p>Blaues Himbeereis<\/p>\n<p>K\u00fchle Minze<\/p>\n<p>Mango-Eis<\/p>\n<p>Pfirsich-Eis<\/p>\n<p>Wassermelone Eis<\/p>\n<p>Blue Razz Limonade<\/p>\n<p>Gemischte Beeren<\/p>\n<p>Erdbeere Wassermelone<\/p>\n<p>Erdbeere-Banane<\/p>\n<p>Bananeneis<\/p>","protected":false},"excerpt":{"rendered":"<p>IQTE Box 6000 Puff Einweg-Vape-Gro\u00dfhandel kombiniert hohe Kapazit\u00e4t, konsistente Leistung und ein langlebiges Design f\u00fcr lange und angenehme vaping.<\/p>","protected":false},"featured_media":811,"comment_status":"open","ping_status":"closed","template":"","meta":[],"product_brand":[],"product_cat":[22],"product_tag":[],"class_list":{"0":"post-781","1":"product","2":"type-product","3":"status-publish","4":"has-post-thumbnail","6":"product_cat-disposable-vape-sticks","8":"first","9":"instock","10":"shipping-taxable","11":"purchasable","12":"product-type-simple"},"jetpack_sharing_enabled":true,"tiered_pricing_type":"fixed","tiered_pricing_fixed_rules":{"1000":8.5,"10000":8,"30000":7},"tiered_pricing_product_settings":{"layout":"default","base_unit_name":{"singular":null,"plural":null},"default_variation":null},"tiered_pricing_minimum_quantity":100,"tiered_pricing_roles_data":[],"tiered_pricing_percentage_rules":[],"tiered_pricing_maximum_quantity":null,"tiered_pricing_quantity_step":null,"_links":{"self":[{"href":"https:\/\/cloudsupplyvapes.com\/de\/wp-json\/wp\/v2\/product\/781","targetHints":{"allow":["GET"]}}],"collection":[{"href":"https:\/\/cloudsupplyvapes.com\/de\/wp-json\/wp\/v2\/product"}],"about":[{"href":"https:\/\/cloudsupplyvapes.com\/de\/wp-json\/wp\/v2\/types\/product"}],"replies":[{"embeddable":true,"href":"https:\/\/cloudsupplyvapes.com\/de\/wp-json\/wp\/v2\/comments?post=781"}],"wp:featuredmedia":[{"embeddable":true,"href":"https:\/\/cloudsupplyvapes.com\/de\/wp-json\/wp\/v2\/media\/811"}],"wp:attachment":[{"href":"https:\/\/cloudsupplyvapes.com\/de\/wp-json\/wp\/v2\/media?parent=781"}],"wp:term":[{"taxonomy":"product_brand","embeddable":true,"href":"https:\/\/cloudsupplyvapes.com\/de\/wp-json\/wp\/v2\/product_brand?post=781"},{"taxonomy":"product_cat","embeddable":true,"href":"https:\/\/cloudsupplyvapes.com\/de\/wp-json\/wp\/v2\/product_cat?post=781"},{"taxonomy":"product_tag","embeddable":true,"href":"https:\/\/cloudsupplyvapes.com\/de\/wp-json\/wp\/v2\/product_tag?post=781"}],"curies":[{"name":"wp","href":"https:\/\/api.w.org\/{rel}","templated":true}]}}