{"id":783,"date":"2024-10-19T02:15:05","date_gmt":"2024-10-19T02:15:05","guid":{"rendered":"https:\/\/cloudsupplyvapes.com\/?post_type=product&#038;p=783"},"modified":"2024-11-26T09:25:03","modified_gmt":"2024-11-26T09:25:03","slug":"-21","status":"publish","type":"product","link":"https:\/\/cloudsupplyvapes.com\/de\/product\/iqte-king-3000-puff-disposable-wholesale\/","title":{"rendered":"IQTE King 3000 Puff Einweg Vape Gro\u00dfhandel Anf\u00e4nger-freundlichen kompakten Design"},"content":{"rendered":"<p>5% Nikotinsalz.<\/p>\n<p>3000 Puffs pro Ger\u00e4t.<\/p>\n<p>Durch Ziehen aktivierter Ausl\u00f6semechanismus.<\/p>\n<p>11 Geschmacksrichtungen verf\u00fcgbar.<\/p>\n<p>9ML von E-Fl\u00fcssigkeit.<\/p>\n<p>10 St\u00fcck in einer Display-Box.<\/p>\n<p>Sanfter und lang anhaltender Geschmack.<\/p>\n<p>Gr\u00f6\u00dfe:45*24*76mm<\/p>\n<p>&nbsp;<\/p>\n<p>Geschmack:<\/p>\n<p>K\u00fchle Minze<\/p>\n<p>Blue Razz Limonade<\/p>\n<p>Mango-Eis<\/p>\n<p>Pina Colada<\/p>\n<p>Pfirsich-Eis<\/p>\n<p>Heidelbeere auf Eis<\/p>\n<p>Wassermelone Eis<\/p>\n<p>Gemischte Beeren<\/p>\n<p>Erdbeere-Banane<\/p>\n<p>Erdbeere Wassermelone<\/p>\n<p>Bananeneis<\/p>","protected":false},"excerpt":{"rendered":"<p>IQTE King 3000 Puff Disposable Vape Wholesale bietet ein anf\u00e4ngerfreundliches, kompaktes Design mit sanften Kehlkopfschl\u00e4gen und zuverl\u00e4ssiger Leistung f\u00fcr einfaches und angenehmes Dampfen.<\/p>","protected":false},"featured_media":813,"comment_status":"open","ping_status":"closed","template":"","meta":[],"product_brand":[],"product_cat":[22],"product_tag":[],"class_list":{"0":"post-783","1":"product","2":"type-product","3":"status-publish","4":"has-post-thumbnail","6":"product_cat-disposable-vape-sticks","8":"first","9":"instock","10":"shipping-taxable","11":"purchasable","12":"product-type-simple"},"jetpack_sharing_enabled":true,"tiered_pricing_type":"fixed","tiered_pricing_fixed_rules":{"1000":6.5,"10000":6,"30000":5},"tiered_pricing_product_settings":{"layout":"default","base_unit_name":{"singular":null,"plural":null},"default_variation":null},"tiered_pricing_minimum_quantity":100,"tiered_pricing_roles_data":[],"tiered_pricing_percentage_rules":[],"tiered_pricing_maximum_quantity":null,"tiered_pricing_quantity_step":null,"_links":{"self":[{"href":"https:\/\/cloudsupplyvapes.com\/de\/wp-json\/wp\/v2\/product\/783","targetHints":{"allow":["GET"]}}],"collection":[{"href":"https:\/\/cloudsupplyvapes.com\/de\/wp-json\/wp\/v2\/product"}],"about":[{"href":"https:\/\/cloudsupplyvapes.com\/de\/wp-json\/wp\/v2\/types\/product"}],"replies":[{"embeddable":true,"href":"https:\/\/cloudsupplyvapes.com\/de\/wp-json\/wp\/v2\/comments?post=783"}],"wp:featuredmedia":[{"embeddable":true,"href":"https:\/\/cloudsupplyvapes.com\/de\/wp-json\/wp\/v2\/media\/813"}],"wp:attachment":[{"href":"https:\/\/cloudsupplyvapes.com\/de\/wp-json\/wp\/v2\/media?parent=783"}],"wp:term":[{"taxonomy":"product_brand","embeddable":true,"href":"https:\/\/cloudsupplyvapes.com\/de\/wp-json\/wp\/v2\/product_brand?post=783"},{"taxonomy":"product_cat","embeddable":true,"href":"https:\/\/cloudsupplyvapes.com\/de\/wp-json\/wp\/v2\/product_cat?post=783"},{"taxonomy":"product_tag","embeddable":true,"href":"https:\/\/cloudsupplyvapes.com\/de\/wp-json\/wp\/v2\/product_tag?post=783"}],"curies":[{"name":"wp","href":"https:\/\/api.w.org\/{rel}","templated":true}]}}