{"id":785,"date":"2024-10-19T02:15:05","date_gmt":"2024-10-19T02:15:05","guid":{"rendered":"https:\/\/cloudsupplyvapes.com\/?post_type=product&#038;p=785"},"modified":"2024-11-26T09:25:13","modified_gmt":"2024-11-26T09:25:13","slug":"-22","status":"publish","type":"product","link":"https:\/\/cloudsupplyvapes.com\/de\/product\/iqte-heart-1500-puff-disposable-wholesale\/","title":{"rendered":"IQTE Herz 1500 Puff Einweg Vape Gro\u00dfhandel kompakte hohe Nikotinst\u00e4rke"},"content":{"rendered":"<p>5% Nikotinsalz.<\/p>\n<p>1500 Z\u00fcge pro Ger\u00e4t.<\/p>\n<p>Durch Ziehen aktivierter Ausl\u00f6semechanismus.<\/p>\n<p>12 Geschmacksrichtungen verf\u00fcgbar.<\/p>\n<p>5 ml E-Liquid.<\/p>\n<p>10 St\u00fcck in einer Display-Box.<\/p>\n<p>Sanfter und lang anhaltender Geschmack.<\/p>\n<p>Gr\u00f6\u00dfe: 17 \u00d7 100 mm<\/p>\n<p>&nbsp;<\/p>\n<p>Geschmack:<\/p>\n<p>K\u00fchle Minze<\/p>\n<p>Blue Razz Limonade<\/p>\n<p>Mango-Eis<\/p>\n<p>Pina Colada<\/p>\n<p>Pfirsich-Eis<\/p>\n<p>Heidelbeere auf Eis<\/p>\n<p>\u00dcppiges Eis<\/p>\n<p>Gemischte Beeren<\/p>\n<p>Erdbeere-Banane<\/p>\n<p>Mamba<\/p>\n<p>Erdbeere Wassermelone<\/p>\n<p>Bananeneis<\/p>","protected":false},"excerpt":{"rendered":"<p>IQTE Heart 1500 Puff Einweg-Vape Gro\u00dfhandel zeichnet sich durch einen hohen Nikotingehalt, ein kompaktes Design und eine gleichm\u00e4\u00dfige Dampfleistung f\u00fcr schnelles und bequemes Vapen aus.<\/p>","protected":false},"featured_media":815,"comment_status":"open","ping_status":"closed","template":"","meta":[],"product_brand":[],"product_cat":[22],"product_tag":[],"class_list":{"0":"post-785","1":"product","2":"type-product","3":"status-publish","4":"has-post-thumbnail","6":"product_cat-disposable-vape-sticks","8":"first","9":"instock","10":"shipping-taxable","11":"purchasable","12":"product-type-simple"},"jetpack_sharing_enabled":true,"tiered_pricing_type":"fixed","tiered_pricing_fixed_rules":{"1000":3.79999999999999982236431605997495353221893310546875,"10000":3.20000000000000017763568394002504646778106689453125,"30000":3},"tiered_pricing_product_settings":{"layout":"default","base_unit_name":{"singular":null,"plural":null},"default_variation":null},"tiered_pricing_minimum_quantity":100,"tiered_pricing_roles_data":[],"tiered_pricing_percentage_rules":[],"tiered_pricing_maximum_quantity":null,"tiered_pricing_quantity_step":null,"_links":{"self":[{"href":"https:\/\/cloudsupplyvapes.com\/de\/wp-json\/wp\/v2\/product\/785","targetHints":{"allow":["GET"]}}],"collection":[{"href":"https:\/\/cloudsupplyvapes.com\/de\/wp-json\/wp\/v2\/product"}],"about":[{"href":"https:\/\/cloudsupplyvapes.com\/de\/wp-json\/wp\/v2\/types\/product"}],"replies":[{"embeddable":true,"href":"https:\/\/cloudsupplyvapes.com\/de\/wp-json\/wp\/v2\/comments?post=785"}],"wp:featuredmedia":[{"embeddable":true,"href":"https:\/\/cloudsupplyvapes.com\/de\/wp-json\/wp\/v2\/media\/815"}],"wp:attachment":[{"href":"https:\/\/cloudsupplyvapes.com\/de\/wp-json\/wp\/v2\/media?parent=785"}],"wp:term":[{"taxonomy":"product_brand","embeddable":true,"href":"https:\/\/cloudsupplyvapes.com\/de\/wp-json\/wp\/v2\/product_brand?post=785"},{"taxonomy":"product_cat","embeddable":true,"href":"https:\/\/cloudsupplyvapes.com\/de\/wp-json\/wp\/v2\/product_cat?post=785"},{"taxonomy":"product_tag","embeddable":true,"href":"https:\/\/cloudsupplyvapes.com\/de\/wp-json\/wp\/v2\/product_tag?post=785"}],"curies":[{"name":"wp","href":"https:\/\/api.w.org\/{rel}","templated":true}]}}