{"id":787,"date":"2024-10-19T02:15:06","date_gmt":"2024-10-19T02:15:06","guid":{"rendered":"https:\/\/cloudsupplyvapes.com\/?post_type=product&#038;p=787"},"modified":"2024-11-26T09:23:29","modified_gmt":"2024-11-26T09:23:29","slug":"-23","status":"publish","type":"product","link":"https:\/\/cloudsupplyvapes.com\/de\/product\/filex-super-bar-2000-puff-disposable-wholesale\/","title":{"rendered":"FILEX Super Bar 2000 Puff Einweg Vape Gro\u00dfhandel Leichtgewicht Langlebig Bauen"},"content":{"rendered":"<p>5% Nikotinsalz.<\/p>\n<p>2000 Z\u00fcge pro Ger\u00e4t.<\/p>\n<p>Durch Ziehen aktivierter Ausl\u00f6semechanismus.<\/p>\n<p>12 Geschmacksrichtungen verf\u00fcgbar.<\/p>\n<p>6.5ML von E-Fl\u00fcssigkeit.<\/p>\n<p>Integrierter 1250mAh Akku.<\/p>\n<p>10 St\u00fcck in einer Display-Box.<\/p>\n<p>Sanfter und lang anhaltender Geschmack<\/p>\n<p>&nbsp;<\/p>\n<p>Geschmack:<\/p>\n<p>Gemischte Beeren<\/p>\n<p>Blue Razz Limonade<\/p>\n<p>Sexy Lush<\/p>\n<p>Mango-Eis<\/p>\n<p>Erdbeere Wassermelone<\/p>\n<p>Blaubeereis<\/p>\n<p>Red Bull Eis<\/p>\n<p>Triple Shake<\/p>\n<p>Wassermelone Eis<\/p>\n<p>Mamba-Eis<\/p>\n<p>Kalte Minze<\/p>\n<p>Bananeneis<\/p>","protected":false},"excerpt":{"rendered":"<p>FILEX Super Bar 2000 Puff Disposable Vape Wholesale zeichnet sich durch ein geringes Gewicht, eine robuste Bauweise und eine gleichm\u00e4\u00dfige Dampfproduktion aus, perfekt f\u00fcr zuverl\u00e4ssiges und bequemes Dampfen.<\/p>","protected":false},"featured_media":817,"comment_status":"open","ping_status":"closed","template":"","meta":[],"product_brand":[],"product_cat":[22],"product_tag":[],"class_list":{"0":"post-787","1":"product","2":"type-product","3":"status-publish","4":"has-post-thumbnail","6":"product_cat-disposable-vape-sticks","8":"first","9":"instock","10":"shipping-taxable","11":"purchasable","12":"product-type-simple"},"jetpack_sharing_enabled":true,"tiered_pricing_type":"fixed","tiered_pricing_fixed_rules":{"1000":4.29999999999999982236431605997495353221893310546875,"10000":3.70000000000000017763568394002504646778106689453125,"30000":3.20000000000000017763568394002504646778106689453125},"tiered_pricing_product_settings":{"layout":"default","base_unit_name":{"singular":null,"plural":null},"default_variation":null},"tiered_pricing_minimum_quantity":100,"tiered_pricing_roles_data":[],"tiered_pricing_percentage_rules":[],"tiered_pricing_maximum_quantity":null,"tiered_pricing_quantity_step":null,"_links":{"self":[{"href":"https:\/\/cloudsupplyvapes.com\/de\/wp-json\/wp\/v2\/product\/787","targetHints":{"allow":["GET"]}}],"collection":[{"href":"https:\/\/cloudsupplyvapes.com\/de\/wp-json\/wp\/v2\/product"}],"about":[{"href":"https:\/\/cloudsupplyvapes.com\/de\/wp-json\/wp\/v2\/types\/product"}],"replies":[{"embeddable":true,"href":"https:\/\/cloudsupplyvapes.com\/de\/wp-json\/wp\/v2\/comments?post=787"}],"wp:featuredmedia":[{"embeddable":true,"href":"https:\/\/cloudsupplyvapes.com\/de\/wp-json\/wp\/v2\/media\/817"}],"wp:attachment":[{"href":"https:\/\/cloudsupplyvapes.com\/de\/wp-json\/wp\/v2\/media?parent=787"}],"wp:term":[{"taxonomy":"product_brand","embeddable":true,"href":"https:\/\/cloudsupplyvapes.com\/de\/wp-json\/wp\/v2\/product_brand?post=787"},{"taxonomy":"product_cat","embeddable":true,"href":"https:\/\/cloudsupplyvapes.com\/de\/wp-json\/wp\/v2\/product_cat?post=787"},{"taxonomy":"product_tag","embeddable":true,"href":"https:\/\/cloudsupplyvapes.com\/de\/wp-json\/wp\/v2\/product_tag?post=787"}],"curies":[{"name":"wp","href":"https:\/\/api.w.org\/{rel}","templated":true}]}}