{"id":788,"date":"2024-10-19T02:15:06","date_gmt":"2024-10-19T02:15:06","guid":{"rendered":"https:\/\/cloudsupplyvapes.com\/?post_type=product&#038;p=788"},"modified":"2024-11-26T09:23:41","modified_gmt":"2024-11-26T09:23:41","slug":"-24","status":"publish","type":"product","link":"https:\/\/cloudsupplyvapes.com\/de\/product\/filex-max-5000-puff-0-5-disposable-vape-wholesale\/","title":{"rendered":"FILEX Max 5000 Puff Disposable Vape Gro\u00dfhandel Einstellbare Nikotinst\u00e4rke"},"content":{"rendered":"<p><b>Spezifikationen <\/b><\/p>\n<p>0%,5% Nikotinsalz.<\/p>\n<p>5000 Z\u00fcge pro Ger\u00e4t.<\/p>\n<p>Durch Ziehen aktivierter Ausl\u00f6semechanismus.<\/p>\n<p>12 Geschmacksrichtungen verf\u00fcgbar.<\/p>\n<p>12ML von E-Fl\u00fcssigkeit.<\/p>\n<p>Einstellbarer Luftstrom.<\/p>\n<p>Integrierter 1000mAh Akku.<\/p>\n<p>10 St\u00fcck in einer Display-Box.<\/p>\n<p>Aufladbar mit Micro-USB-Anschluss<\/p>\n<p>&nbsp;<\/p>\n<p><b>Geschm\u00e4cker:<\/b><\/p>\n<p>Wassermelonen-Eis<\/p>\n<p>Erdbeere-Banane<\/p>\n<p>Bananeneis<\/p>\n<p>Blue Razz Limonade<\/p>\n<p>Mango-Eis<\/p>\n<p>Pi\u00f1a Colada<\/p>\n<p>Pfirsich-Eis<\/p>\n<p>Gemischte Beeren<\/p>\n<p>Erdbeere-Wassermelone<\/p>\n<p>Mamba<\/p>\n<p>K\u00fchle Minze<\/p>\n<p>Heidelbeere auf Eis<\/p>\n<p><a href=\"https:\/\/i0.wp.com\/shop.vape.hk\/wp-content\/uploads\/2022\/04\/%E5%BE%AE%E4%BF%A1%E5%9B%BE%E7%89%87_20231018160215.jpg?ssl=1\" target=\"_blank\" rel=\"noopener\"><img data-recalc-dims=\"1\" loading=\"lazy\" decoding=\"async\" class=\"alignnone size-full wp-image-124548\" src=\"https:\/\/i0.wp.com\/shop.vape.hk\/wp-content\/uploads\/2022\/04\/%E5%BE%AE%E4%BF%A1%E5%9B%BE%E7%89%87_20231018160215.jpg?resize=1020%2C1370&#038;ssl=1\" alt=\"FILEX MAX 5000 Puff 0% 5% Einweg Vape | Gro\u00dfhandel\" width=\"1020\" height=\"1370\" title=\"\"><\/a><\/p>\n<p>&nbsp;<\/p>","protected":false},"excerpt":{"rendered":"<p>FILEX Max 5000 Puff Einweg-Vape-Gro\u00dfhandel bietet einstellbare Nikotinst\u00e4rke-Optionen mit gleichbleibender Leistung und ein Design mit hoher Kapazit\u00e4t f\u00fcr l\u00e4ngere Vaping-Sessions.<\/p>","protected":false},"featured_media":818,"comment_status":"open","ping_status":"closed","template":"","meta":[],"product_brand":[],"product_cat":[22],"product_tag":[],"class_list":{"0":"post-788","1":"product","2":"type-product","3":"status-publish","4":"has-post-thumbnail","6":"product_cat-disposable-vape-sticks","8":"first","9":"instock","10":"shipping-taxable","11":"purchasable","12":"product-type-simple"},"jetpack_sharing_enabled":true,"tiered_pricing_type":"fixed","tiered_pricing_fixed_rules":{"1000":5,"10000":4.5,"50000":4},"tiered_pricing_product_settings":{"layout":"default","base_unit_name":{"singular":null,"plural":null},"default_variation":null},"tiered_pricing_minimum_quantity":100,"tiered_pricing_roles_data":[],"tiered_pricing_percentage_rules":[],"tiered_pricing_maximum_quantity":null,"tiered_pricing_quantity_step":null,"_links":{"self":[{"href":"https:\/\/cloudsupplyvapes.com\/de\/wp-json\/wp\/v2\/product\/788","targetHints":{"allow":["GET"]}}],"collection":[{"href":"https:\/\/cloudsupplyvapes.com\/de\/wp-json\/wp\/v2\/product"}],"about":[{"href":"https:\/\/cloudsupplyvapes.com\/de\/wp-json\/wp\/v2\/types\/product"}],"replies":[{"embeddable":true,"href":"https:\/\/cloudsupplyvapes.com\/de\/wp-json\/wp\/v2\/comments?post=788"}],"wp:featuredmedia":[{"embeddable":true,"href":"https:\/\/cloudsupplyvapes.com\/de\/wp-json\/wp\/v2\/media\/818"}],"wp:attachment":[{"href":"https:\/\/cloudsupplyvapes.com\/de\/wp-json\/wp\/v2\/media?parent=788"}],"wp:term":[{"taxonomy":"product_brand","embeddable":true,"href":"https:\/\/cloudsupplyvapes.com\/de\/wp-json\/wp\/v2\/product_brand?post=788"},{"taxonomy":"product_cat","embeddable":true,"href":"https:\/\/cloudsupplyvapes.com\/de\/wp-json\/wp\/v2\/product_cat?post=788"},{"taxonomy":"product_tag","embeddable":true,"href":"https:\/\/cloudsupplyvapes.com\/de\/wp-json\/wp\/v2\/product_tag?post=788"}],"curies":[{"name":"wp","href":"https:\/\/api.w.org\/{rel}","templated":true}]}}