{"id":790,"date":"2024-10-19T02:15:06","date_gmt":"2024-10-19T02:15:06","guid":{"rendered":"https:\/\/cloudsupplyvapes.com\/?post_type=product&#038;p=790"},"modified":"2024-11-26T09:23:54","modified_gmt":"2024-11-26T09:23:54","slug":"-25","status":"publish","type":"product","link":"https:\/\/cloudsupplyvapes.com\/de\/product\/vapeman-vision-v3-3000-puff-disposable-wholesale\/","title":{"rendered":"Vapeman Vision V3 3000 Puff Einweg Vape Gro\u00dfhandel Sleek Compact Design"},"content":{"rendered":"<p><b>Spezifikation <\/b><\/p>\n<p>Akku: 550mAh\uff08wiederaufladbar\uff09<\/p>\n<p>Fassungsverm\u00f6gen:7.5ml<\/p>\n<p>Puffs: 3000 Puffs<\/p>\n<p>Nikotin:50mg\/20mg<\/p>\n<p>Ladeanschluss: Typ-C<\/p>\n<p>&nbsp;<\/p>\n<p><b>Informationen zum Paket <\/b><\/p>\n<p>Menge:300St\u00fcck<\/p>\n<p>Gewicht: 16,9 kg\/Karton<\/p>\n<p>Gr\u00f6\u00dfe des Kartons: 51,5*40,5*30cm<\/p>\n<p>&nbsp;<\/p>\n<p><b>Geschm\u00e4cker:<\/b><\/p>\n<p><b> <\/b>Eis-Minze<\/p>\n<p>\u00dcppiges Eis<\/p>\n<p>Pfirsich-Mango<\/p>\n<p>Weintraube Zitrone<\/p>\n<p>Blauer Razzia<\/p>\n<p>Guave-Eis<\/p>\n<p>Pina<\/p>\n<p>Colada<\/p>\n<p>Aloe Traube<\/p>\n<p>Saurer Apfel<\/p>\n<p>Strawberry Blast<\/p>\n<p><img data-recalc-dims=\"1\" loading=\"lazy\" decoding=\"async\" class=\"alignnone size-full wp-image-63768\" src=\"https:\/\/i0.wp.com\/shop.vape.hk\/wp-content\/uploads\/2022\/04\/1.jpg?resize=1020%2C425&#038;ssl=1\" alt=\"\" width=\"1020\" height=\"425\" title=\"\"><\/p>","protected":false},"excerpt":{"rendered":"<p>Vapeman Vision V3 3000 Puff Einweg-Vape-Gro\u00dfhandel verf\u00fcgt \u00fcber ein schlankes Design, kompakte Tragbarkeit und glatte Dampfausgabe f\u00fcr befriedigende und tragbare vaping.<\/p>","protected":false},"featured_media":820,"comment_status":"open","ping_status":"closed","template":"","meta":[],"product_brand":[],"product_cat":[22],"product_tag":[],"class_list":{"0":"post-790","1":"product","2":"type-product","3":"status-publish","4":"has-post-thumbnail","6":"product_cat-disposable-vape-sticks","8":"first","9":"instock","10":"shipping-taxable","11":"purchasable","12":"product-type-simple"},"jetpack_sharing_enabled":true,"tiered_pricing_type":"fixed","tiered_pricing_fixed_rules":{"100":8,"500":6.9000000000000003552713678800500929355621337890625,"1000":6.4000000000000003552713678800500929355621337890625,"3000":6},"tiered_pricing_product_settings":{"layout":"default","base_unit_name":{"singular":null,"plural":null},"default_variation":null},"tiered_pricing_minimum_quantity":10,"tiered_pricing_roles_data":[],"tiered_pricing_percentage_rules":[],"tiered_pricing_maximum_quantity":null,"tiered_pricing_quantity_step":null,"_links":{"self":[{"href":"https:\/\/cloudsupplyvapes.com\/de\/wp-json\/wp\/v2\/product\/790","targetHints":{"allow":["GET"]}}],"collection":[{"href":"https:\/\/cloudsupplyvapes.com\/de\/wp-json\/wp\/v2\/product"}],"about":[{"href":"https:\/\/cloudsupplyvapes.com\/de\/wp-json\/wp\/v2\/types\/product"}],"replies":[{"embeddable":true,"href":"https:\/\/cloudsupplyvapes.com\/de\/wp-json\/wp\/v2\/comments?post=790"}],"wp:featuredmedia":[{"embeddable":true,"href":"https:\/\/cloudsupplyvapes.com\/de\/wp-json\/wp\/v2\/media\/820"}],"wp:attachment":[{"href":"https:\/\/cloudsupplyvapes.com\/de\/wp-json\/wp\/v2\/media?parent=790"}],"wp:term":[{"taxonomy":"product_brand","embeddable":true,"href":"https:\/\/cloudsupplyvapes.com\/de\/wp-json\/wp\/v2\/product_brand?post=790"},{"taxonomy":"product_cat","embeddable":true,"href":"https:\/\/cloudsupplyvapes.com\/de\/wp-json\/wp\/v2\/product_cat?post=790"},{"taxonomy":"product_tag","embeddable":true,"href":"https:\/\/cloudsupplyvapes.com\/de\/wp-json\/wp\/v2\/product_tag?post=790"}],"curies":[{"name":"wp","href":"https:\/\/api.w.org\/{rel}","templated":true}]}}