{"id":792,"date":"2024-10-19T02:15:06","date_gmt":"2024-10-19T02:15:06","guid":{"rendered":"https:\/\/cloudsupplyvapes.com\/?post_type=product&#038;p=792"},"modified":"2024-11-26T09:24:08","modified_gmt":"2024-11-26T09:24:08","slug":"iget-legende-4000-puff-einweg-groshandel","status":"publish","type":"product","link":"https:\/\/cloudsupplyvapes.com\/de\/product\/iget-legend-4000-puff-disposable-wholesale\/","title":{"rendered":"Iget Legend 4000 Puff Einweg Vape Gro\u00dfhandel langlebig lang anhaltende Vape"},"content":{"rendered":"<p>Spezifikationen<br \/>\nGr\u00f6\u00dfe: 22*22*122mm<br \/>\nFl\u00fcssigkeitsinhalt: 12ml<br \/>\nBatteriekapazit\u00e4t: 1350mAh Nikotin nach Volumen:5%<br \/>\n1 Kiste\/300St\u00fcck (22kg)<br \/>\nFall Gr\u00f6\u00dfe:40.5X39X33.8cm<\/p>\n<div>Geschm\u00e4cker:<\/div>\n<div><\/div>\n<div>1. traubeneis<\/div>\n<div>2. \u00fcppiges Eis<\/div>\n<div>3. passionsfrucht-mango-eis<\/div>\n<div>4. pfirsich-ananas-limette<\/div>\n<div>5. erdbeer-wassermelone<\/div>\n<div>6. heidelbeer-himbeer-trauben-eis<\/div>\n<div>7. brombeereis<\/div>\n<div>8 Cola-Zitronenlimonade<\/div>\n<div>9. Erdbeer-Kiwi-Eis<\/div>\n<div>10 Mango-Bananen-Eis<\/div>\n<div>Passionsfrucht-Melonen-Eis 11.<\/div>\n<div>12.himbeere wassermelone zitrone<\/div>\n<div>13.rosa Zitronen-Orangen-Eis<\/div>\n<p><img data-recalc-dims=\"1\" loading=\"lazy\" decoding=\"async\" class=\"alignnone size-full wp-image-63909\" src=\"https:\/\/i0.wp.com\/shop.vape.hk\/wp-content\/uploads\/2022\/04\/e51fa960-82a5-4bcd-91d7-f4ef5ba5819e.jpg?resize=1020%2C574&#038;ssl=1\" alt=\"\" width=\"1020\" height=\"574\" title=\"\"> <img data-recalc-dims=\"1\" loading=\"lazy\" decoding=\"async\" class=\"alignnone size-full wp-image-63901\" src=\"https:\/\/i0.wp.com\/shop.vape.hk\/wp-content\/uploads\/2022\/04\/b481d243-c9f2-4e3d-abbd-fcf46937757e.jpg?resize=1020%2C574&#038;ssl=1\" alt=\"\" width=\"1020\" height=\"574\" title=\"\"><\/p>","protected":false},"excerpt":{"rendered":"<p>Iget Legend 4000 Puff Disposable Vape Wholesale kombiniert ein robustes Design, eine langlebige Batterie und weiche Kehlkopfschl\u00e4ge f\u00fcr zuverl\u00e4ssige und ausgedehnte Vaping-Sessions.<\/p>","protected":false},"featured_media":823,"comment_status":"open","ping_status":"closed","template":"","meta":[],"product_brand":[],"product_cat":[22],"product_tag":[64],"class_list":{"0":"post-792","1":"product","2":"type-product","3":"status-publish","4":"has-post-thumbnail","6":"product_cat-disposable-vape-sticks","7":"product_tag-iget","9":"first","10":"instock","11":"shipping-taxable","12":"purchasable","13":"product-type-simple"},"jetpack_sharing_enabled":true,"tiered_pricing_type":"fixed","tiered_pricing_fixed_rules":{"300":11.9000000000000003552713678800500929355621337890625,"900":11.800000000000000710542735760100185871124267578125,"1500":11.699999999999999289457264239899814128875732421875,"3000":11.5,"6000":11.300000000000000710542735760100185871124267578125,"10000":11.0999999999999996447286321199499070644378662109375,"30000":10.9000000000000003552713678800500929355621337890625},"tiered_pricing_product_settings":{"layout":"default","base_unit_name":{"singular":null,"plural":null},"default_variation":null},"tiered_pricing_minimum_quantity":200,"tiered_pricing_roles_data":[],"tiered_pricing_percentage_rules":[],"tiered_pricing_maximum_quantity":null,"tiered_pricing_quantity_step":null,"_links":{"self":[{"href":"https:\/\/cloudsupplyvapes.com\/de\/wp-json\/wp\/v2\/product\/792","targetHints":{"allow":["GET"]}}],"collection":[{"href":"https:\/\/cloudsupplyvapes.com\/de\/wp-json\/wp\/v2\/product"}],"about":[{"href":"https:\/\/cloudsupplyvapes.com\/de\/wp-json\/wp\/v2\/types\/product"}],"replies":[{"embeddable":true,"href":"https:\/\/cloudsupplyvapes.com\/de\/wp-json\/wp\/v2\/comments?post=792"}],"wp:featuredmedia":[{"embeddable":true,"href":"https:\/\/cloudsupplyvapes.com\/de\/wp-json\/wp\/v2\/media\/823"}],"wp:attachment":[{"href":"https:\/\/cloudsupplyvapes.com\/de\/wp-json\/wp\/v2\/media?parent=792"}],"wp:term":[{"taxonomy":"product_brand","embeddable":true,"href":"https:\/\/cloudsupplyvapes.com\/de\/wp-json\/wp\/v2\/product_brand?post=792"},{"taxonomy":"product_cat","embeddable":true,"href":"https:\/\/cloudsupplyvapes.com\/de\/wp-json\/wp\/v2\/product_cat?post=792"},{"taxonomy":"product_tag","embeddable":true,"href":"https:\/\/cloudsupplyvapes.com\/de\/wp-json\/wp\/v2\/product_tag?post=792"}],"curies":[{"name":"wp","href":"https:\/\/api.w.org\/{rel}","templated":true}]}}