{"id":8514,"date":"2024-10-19T03:00:03","date_gmt":"2024-10-19T03:00:03","guid":{"rendered":"https:\/\/cloudsupplyvapes.com\/?post_type=product&#038;p=8514"},"modified":"2024-11-25T03:59:11","modified_gmt":"2024-11-25T03:59:11","slug":"-245","status":"publish","type":"product","link":"https:\/\/cloudsupplyvapes.com\/de\/product\/iget-bar-3500-puffs-12ml-disposable-vape-wholesale\/","title":{"rendered":"Iget Bar 3500 Puffs 12ML Einweg Vape Gro\u00dfhandel leicht tragbare L\u00f6sung"},"content":{"rendered":"<p><strong>Spezifikationen:<\/strong><\/p>\n<ul>\n<li>Nikotin:\u00a0<strong>5% (50mg\/ml)<\/strong><\/li>\n<li>Puffs:\u00a0<strong>3500 Puffs<\/strong><\/li>\n<li>E-Fl\u00fcssigkeit:\u00a0<strong>12 ml<\/strong><\/li>\n<li>Batterie:\u00a0<strong>1500 mAh<\/strong><\/li>\n<\/ul>\n<p><strong>Geschmacksrichtungen (Vorr\u00e4tig<span style=\"color: lightgrey;\">\u2713<\/span>):<\/strong><\/p>\n<p>Passionsfrucht Kiwi Guave<span style=\"color: lightgrey;\">\u2713<\/span><br \/>\nWassermelone-Minze-Eis<span style=\"color: lightgrey;\">\u2713<\/span><br \/>\n\u00dcppiges Eis<span style=\"color: lightgrey;\">\u2713<\/span><br \/>\nAnanaseis<span style=\"color: lightgrey;\">\u2713<\/span><br \/>\nErdbeer-Kiwi-Eis<span style=\"color: lightgrey;\">\u2713<\/span><br \/>\nGemischte Beere<span style=\"color: lightgrey;\">\u2713<\/span><br \/>\nDoppelter Apfel<span style=\"color: lightgrey;\">\u2713<\/span><br \/>\nTraubeneis<span style=\"color: lightgrey;\">\u2713<\/span><\/p>\n<p>Erdbeer-Wassermelonen-Eis<br \/>\nPassionsfrucht Mango Limette<br \/>\nMeloneneis<br \/>\nBrombeere-Himbeere-Zitrone<br \/>\nBlaubeereis<br \/>\nBanane-Granatapfel-Kirsch-Eis<br \/>\nOrange-Mango-Ananas-Eis<br \/>\nCola-Eis<br \/>\nMango-Eis<br \/>\nEiscreme<br \/>\nErdbeer-Kiwi-Eis<br \/>\nKirsche-Granatapfel<br \/>\n\u00dcppiges Eis<br \/>\nMaracuja-Wassermelone-Saft<br \/>\nAnanaseis<br \/>\nWassermelone-Minze-Eis<br \/>\nKiwi-Ananas-Eis<br \/>\nPassionsfrucht Kiwi Guave<br \/>\nHeidelbeere-Himbeere<br \/>\nErdbeer-Zitroneneis<br \/>\nKirsche Blaubeere<br \/>\nVierfache Beere<br \/>\nErdbeer-Litschi-Eis<br \/>\nErdbeer-Wassermelone-Hartbonbon<br \/>\nSchwarzwald<\/p>","protected":false},"excerpt":{"rendered":"<p>Die Iget Bar 3500 Puffs 12ML Einweg Vape Gro\u00dfhandel bietet eine leichte Konstruktion und glatte Kehle hit. Mit einem Tank mit hoher Kapazit\u00e4t, sorgt es f\u00fcr lang anhaltende, tragbare vaping Sitzungen.<\/p>","protected":false},"featured_media":8596,"comment_status":"open","ping_status":"closed","template":"","meta":[],"product_brand":[],"product_cat":[22],"product_tag":[64],"class_list":{"0":"post-8514","1":"product","2":"type-product","3":"status-publish","4":"has-post-thumbnail","6":"product_cat-disposable-vape-sticks","7":"product_tag-iget","9":"first","10":"instock","11":"featured","12":"shipping-taxable","13":"purchasable","14":"product-type-simple"},"jetpack_sharing_enabled":true,"tiered_pricing_type":"fixed","tiered_pricing_fixed_rules":{"1000":5,"5000":4.70000000000000017763568394002504646778106689453125,"10000":4.5},"tiered_pricing_product_settings":{"layout":"default","base_unit_name":{"singular":null,"plural":null},"default_variation":null},"tiered_pricing_minimum_quantity":10,"tiered_pricing_roles_data":[],"tiered_pricing_percentage_rules":[],"tiered_pricing_maximum_quantity":null,"tiered_pricing_quantity_step":"10","_links":{"self":[{"href":"https:\/\/cloudsupplyvapes.com\/de\/wp-json\/wp\/v2\/product\/8514","targetHints":{"allow":["GET"]}}],"collection":[{"href":"https:\/\/cloudsupplyvapes.com\/de\/wp-json\/wp\/v2\/product"}],"about":[{"href":"https:\/\/cloudsupplyvapes.com\/de\/wp-json\/wp\/v2\/types\/product"}],"replies":[{"embeddable":true,"href":"https:\/\/cloudsupplyvapes.com\/de\/wp-json\/wp\/v2\/comments?post=8514"}],"wp:featuredmedia":[{"embeddable":true,"href":"https:\/\/cloudsupplyvapes.com\/de\/wp-json\/wp\/v2\/media\/8596"}],"wp:attachment":[{"href":"https:\/\/cloudsupplyvapes.com\/de\/wp-json\/wp\/v2\/media?parent=8514"}],"wp:term":[{"taxonomy":"product_brand","embeddable":true,"href":"https:\/\/cloudsupplyvapes.com\/de\/wp-json\/wp\/v2\/product_brand?post=8514"},{"taxonomy":"product_cat","embeddable":true,"href":"https:\/\/cloudsupplyvapes.com\/de\/wp-json\/wp\/v2\/product_cat?post=8514"},{"taxonomy":"product_tag","embeddable":true,"href":"https:\/\/cloudsupplyvapes.com\/de\/wp-json\/wp\/v2\/product_tag?post=8514"}],"curies":[{"name":"wp","href":"https:\/\/api.w.org\/{rel}","templated":true}]}}