{"id":8515,"date":"2024-10-19T03:00:03","date_gmt":"2024-10-19T03:00:03","guid":{"rendered":"https:\/\/cloudsupplyvapes.com\/?post_type=product&#038;p=8515"},"modified":"2024-11-25T03:58:55","modified_gmt":"2024-11-25T03:58:55","slug":"-274","status":"publish","type":"product","link":"https:\/\/cloudsupplyvapes.com\/de\/product\/bang-crown-18000-puff-disposable-vape-wholesale\/","title":{"rendered":"Bang Crown 18000 Puff Disposable Vape Gro\u00dfhandel langlebig kompakte Leistung"},"content":{"rendered":"<h2>Verf\u00fcgbare Geschmacksrichtungen:<\/h2>\n<ol>\n<li>Pfirsich-Mango<\/li>\n<li>Saurer Apfel<\/li>\n<li>Weintrauben<\/li>\n<li>Tigerblut<\/li>\n<li>Heidelbeere-Himbeere<\/li>\n<li>Heidelbeer-Trauben<\/li>\n<li>Gemischte Fr\u00fcchte<\/li>\n<li>Erdbeere Wassermelone<\/li>\n<li>Erdbeer-Kiwi<\/li>\n<li>Erdbeer-Mango<\/li>\n<li>Ananas-Kokosnuss<\/li>\n<li>Minze Eis<\/li>\n<li>Wassermelone Eis<\/li>\n<li>Blaubeereis<\/li>\n<li>Pfirsich-Eis<\/li>\n<li>Wassermelone Kaugummi<\/li>\n<\/ol>\n<h3>Bang Crown 18000 Einweg-Vape Spezifikationen<\/h3>\n<table>\n<thead>\n<tr>\n<th><strong>Merkmal<\/strong><\/th>\n<th><strong>Spezifikation<\/strong><\/th>\n<\/tr>\n<\/thead>\n<tbody>\n<tr>\n<td>Batteriekapazit\u00e4t<\/td>\n<td>650mAh<\/td>\n<\/tr>\n<tr>\n<td>E-Liquid Kapazit\u00e4t<\/td>\n<td>24ml<\/td>\n<\/tr>\n<tr>\n<td>Nikotinst\u00e4rke<\/td>\n<td>0%, 2%, 3%, 5% (Standard)<\/td>\n<\/tr>\n<tr>\n<td>Puffs<\/td>\n<td>Bis zu 18000 Z\u00fcge<\/td>\n<\/tr>\n<tr>\n<td>Paket Gewicht<\/td>\n<td>18,6 kg\/200 St\u00fcck<\/td>\n<\/tr>\n<\/tbody>\n<\/table>\n<h3>Wesentliche Merkmale:<\/h3>\n<ul>\n<li><strong>Reichhaltige Geschmacksauswahl:<\/strong> Bietet eine Auswahl von 16 verschiedenen Geschmacksrichtungen, um den Vorlieben jedes Rauchers gerecht zu werden.<\/li>\n<li><strong>Verl\u00e4ngerte Vaping-Dauer:<\/strong> Unterst\u00fctzt bis zu 18000 Z\u00fcge mit seinem leistungsstarken 650mAh-Akku und einem gro\u00dfen E-Liquid-Vorrat.<\/li>\n<li><strong>Gro\u00dfe E-Liquid-Kapazit\u00e4t:<\/strong> Vorgef\u00fcllt mit 24 ml E-Liquid, was eine lange Nutzungsdauer ohne h\u00e4ufiges Nachf\u00fcllen gew\u00e4hrleistet.<\/li>\n<li><strong>Flexible Nikotinoptionen:<\/strong> Erh\u00e4ltlich in verschiedenen Nikotinkonzentrationen, um sowohl neuen als auch erfahrenen Rauchern gerecht zu werden.<\/li>\n<li><strong>Tragbares und schlankes Design:<\/strong> Entwickelt f\u00fcr Bequemlichkeit und Tragbarkeit, ideal f\u00fcr das Dampfen unterwegs.<\/li>\n<\/ul>\n<h3>Warum Bang Crown 18000 w\u00e4hlen?<\/h3>\n<p>Der Bang Crown 18000 zeichnet sich auf dem Markt durch seine au\u00dfergew\u00f6hnliche Puffzahl und eine breite Palette von Aromen aus. Er wurde f\u00fcr Dampfer entwickelt, die ein l\u00e4nger anhaltendes, geschmackvolles und robustes Dampferlebnis w\u00fcnschen. Perfekt f\u00fcr diejenigen, die Vielfalt und Qualit\u00e4t in ihrem Dampferlebnis sch\u00e4tzen.<\/p>","protected":false},"excerpt":{"rendered":"<p>Der Bang Crown 18000 Puff Disposable Vape Wholesale zeichnet sich durch sein schlankes Design und seine gleichm\u00e4\u00dfige Dampfproduktion aus. Da keine Wartung erforderlich ist, ist es eine ideale L\u00f6sung f\u00fcr stressfreies Dampfen.<\/p>","protected":false},"featured_media":8888,"comment_status":"open","ping_status":"closed","template":"","meta":[],"product_brand":[],"product_cat":[481,22],"product_tag":[31],"class_list":{"0":"post-8515","1":"product","2":"type-product","3":"status-publish","4":"has-post-thumbnail","6":"product_cat-bang","7":"product_cat-disposable-vape-sticks","8":"product_tag-bang","10":"first","11":"instock","12":"shipping-taxable","13":"purchasable","14":"product-type-simple"},"jetpack_sharing_enabled":true,"tiered_pricing_type":"fixed","tiered_pricing_fixed_rules":[],"tiered_pricing_product_settings":{"layout":"default","base_unit_name":{"singular":null,"plural":null},"default_variation":null},"tiered_pricing_minimum_quantity":30,"tiered_pricing_roles_data":[],"tiered_pricing_percentage_rules":[],"tiered_pricing_maximum_quantity":null,"tiered_pricing_quantity_step":"10","_links":{"self":[{"href":"https:\/\/cloudsupplyvapes.com\/de\/wp-json\/wp\/v2\/product\/8515","targetHints":{"allow":["GET"]}}],"collection":[{"href":"https:\/\/cloudsupplyvapes.com\/de\/wp-json\/wp\/v2\/product"}],"about":[{"href":"https:\/\/cloudsupplyvapes.com\/de\/wp-json\/wp\/v2\/types\/product"}],"replies":[{"embeddable":true,"href":"https:\/\/cloudsupplyvapes.com\/de\/wp-json\/wp\/v2\/comments?post=8515"}],"wp:featuredmedia":[{"embeddable":true,"href":"https:\/\/cloudsupplyvapes.com\/de\/wp-json\/wp\/v2\/media\/8888"}],"wp:attachment":[{"href":"https:\/\/cloudsupplyvapes.com\/de\/wp-json\/wp\/v2\/media?parent=8515"}],"wp:term":[{"taxonomy":"product_brand","embeddable":true,"href":"https:\/\/cloudsupplyvapes.com\/de\/wp-json\/wp\/v2\/product_brand?post=8515"},{"taxonomy":"product_cat","embeddable":true,"href":"https:\/\/cloudsupplyvapes.com\/de\/wp-json\/wp\/v2\/product_cat?post=8515"},{"taxonomy":"product_tag","embeddable":true,"href":"https:\/\/cloudsupplyvapes.com\/de\/wp-json\/wp\/v2\/product_tag?post=8515"}],"curies":[{"name":"wp","href":"https:\/\/api.w.org\/{rel}","templated":true}]}}