{"id":8516,"date":"2024-10-19T03:00:04","date_gmt":"2024-10-19T03:00:04","guid":{"rendered":"https:\/\/cloudsupplyvapes.com\/?post_type=product&#038;p=8516"},"modified":"2024-11-25T03:58:33","modified_gmt":"2024-11-25T03:58:33","slug":"-277","status":"publish","type":"product","link":"https:\/\/cloudsupplyvapes.com\/de\/product\/bang-king-25000-puff-disposable-vape-wholesale\/","title":{"rendered":"Bang King 25000 Puff Einweg Vape Gro\u00dfhandel Hohe Kapazit\u00e4t Langlebig Design"},"content":{"rendered":"<h2>Verf\u00fcgbare Geschmacksrichtungen:<\/h2>\n<ol>\n<li>Blaues Razzeis<\/li>\n<li>Saftiges Pfirsicheis<\/li>\n<li>Erdbeere Wassermelone<\/li>\n<li>Wassermelone Eis<\/li>\n<li>Erdbeere-Banane<\/li>\n<li>Saurer Apfel Eis<\/li>\n<li>Dreifach-Beereneis<\/li>\n<li>Tropische Fr\u00fcchte<\/li>\n<li>Kirschbombe<\/li>\n<li>Traubeneis<\/li>\n<li>Pfirsich-Mango<\/li>\n<li>Erdbeer-Mango<\/li>\n<\/ol>\n<h3>Bang King 25000 Einweg-Vape Spezifikationen<\/h3>\n<table>\n<thead>\n<tr>\n<th><strong>Merkmal<\/strong><\/th>\n<th><strong>Spezifikation<\/strong><\/th>\n<\/tr>\n<\/thead>\n<tbody>\n<tr>\n<td>Batteriekapazit\u00e4t<\/td>\n<td>650mAh<\/td>\n<\/tr>\n<tr>\n<td>E-Liquid Kapazit\u00e4t<\/td>\n<td>25ml<\/td>\n<\/tr>\n<tr>\n<td>Nikotinst\u00e4rke<\/td>\n<td>0%, 2%, 3%, 5% (Standard)<\/td>\n<\/tr>\n<tr>\n<td>Puffs<\/td>\n<td>Bis zu 25000 Z\u00fcge<\/td>\n<\/tr>\n<tr>\n<td>Preisspanne<\/td>\n<td>$28-$32<\/td>\n<\/tr>\n<tr>\n<td>Paket Gewicht<\/td>\n<td>19,8 kg\/200 St\u00fcck<\/td>\n<\/tr>\n<\/tbody>\n<\/table>\n<h3>Wesentliche Merkmale:<\/h3>\n<ul>\n<li><strong>Umfassende Geschmacksauswahl:<\/strong> Bietet eine breite Palette von 12 Geschmacksrichtungen, die den unterschiedlichsten Geschmacksvorlieben gerecht werden.<\/li>\n<li><strong>Ausf\u00fchrliche Puffz\u00e4hlung:<\/strong> Entwickelt f\u00fcr bis zu 25000 Z\u00fcge, die eine lange Nutzungsdauer erm\u00f6glichen.<\/li>\n<li><strong>Gro\u00dfz\u00fcgige E-Liquid-Kapazit\u00e4t:<\/strong> Jedes Ger\u00e4t ist mit 25 ml E-Liquid ausgestattet, was die Dauer der Vaping-Sessions verl\u00e4ngert.<\/li>\n<li><strong>Einstellbare Nikotinst\u00e4rken:<\/strong> Erh\u00e4ltlich in drei Nikotinst\u00e4rken, geeignet f\u00fcr Raucher in allen Phasen ihrer Reise.<\/li>\n<li><strong>Starker und zuverl\u00e4ssiger Akku:<\/strong> Ein 650-mAh-Akku sorgt f\u00fcr gleichbleibende Leistung \u00fcber die gesamte Lebensdauer des Ger\u00e4ts.<\/li>\n<\/ul>\n<h3>Warum Bang King 25000 w\u00e4hlen?<\/h3>\n<p>Der Bang King 25000 ist eine erstklassige Wahl f\u00fcr Dampfer, die eine gro\u00dfe Geschmacksvielfalt und eine hohe Zugleistung sch\u00e4tzen. Seine breite Palette an geschmacklichen Optionen und die betr\u00e4chtliche Anzahl an Z\u00fcgen machen ihn zu einem herausragenden Produkt f\u00fcr erfahrene Dampfer und Neulinge gleicherma\u00dfen.<\/p>","protected":false},"excerpt":{"rendered":"<p>Der Bang King 25000 Puff Disposable Vape Wholesale bietet eine hohe Kapazit\u00e4t mit einem langlebigen, leichten Design. Perfekt f\u00fcr diejenigen, die ultra-portable und ausgedehnte Vaping-Sessions suchen.<\/p>","protected":false},"featured_media":8916,"comment_status":"open","ping_status":"closed","template":"","meta":[],"product_brand":[],"product_cat":[481,22],"product_tag":[31],"class_list":{"0":"post-8516","1":"product","2":"type-product","3":"status-publish","4":"has-post-thumbnail","6":"product_cat-bang","7":"product_cat-disposable-vape-sticks","8":"product_tag-bang","10":"first","11":"instock","12":"shipping-taxable","13":"purchasable","14":"product-type-simple"},"jetpack_sharing_enabled":true,"tiered_pricing_type":"fixed","tiered_pricing_fixed_rules":[],"tiered_pricing_product_settings":{"layout":"default","base_unit_name":{"singular":null,"plural":null},"default_variation":null},"tiered_pricing_minimum_quantity":10,"tiered_pricing_roles_data":[],"tiered_pricing_percentage_rules":[],"tiered_pricing_maximum_quantity":null,"tiered_pricing_quantity_step":"10","_links":{"self":[{"href":"https:\/\/cloudsupplyvapes.com\/de\/wp-json\/wp\/v2\/product\/8516","targetHints":{"allow":["GET"]}}],"collection":[{"href":"https:\/\/cloudsupplyvapes.com\/de\/wp-json\/wp\/v2\/product"}],"about":[{"href":"https:\/\/cloudsupplyvapes.com\/de\/wp-json\/wp\/v2\/types\/product"}],"replies":[{"embeddable":true,"href":"https:\/\/cloudsupplyvapes.com\/de\/wp-json\/wp\/v2\/comments?post=8516"}],"wp:featuredmedia":[{"embeddable":true,"href":"https:\/\/cloudsupplyvapes.com\/de\/wp-json\/wp\/v2\/media\/8916"}],"wp:attachment":[{"href":"https:\/\/cloudsupplyvapes.com\/de\/wp-json\/wp\/v2\/media?parent=8516"}],"wp:term":[{"taxonomy":"product_brand","embeddable":true,"href":"https:\/\/cloudsupplyvapes.com\/de\/wp-json\/wp\/v2\/product_brand?post=8516"},{"taxonomy":"product_cat","embeddable":true,"href":"https:\/\/cloudsupplyvapes.com\/de\/wp-json\/wp\/v2\/product_cat?post=8516"},{"taxonomy":"product_tag","embeddable":true,"href":"https:\/\/cloudsupplyvapes.com\/de\/wp-json\/wp\/v2\/product_tag?post=8516"}],"curies":[{"name":"wp","href":"https:\/\/api.w.org\/{rel}","templated":true}]}}