{"id":8631,"date":"2024-10-19T03:01:11","date_gmt":"2024-10-19T03:01:11","guid":{"rendered":"https:\/\/cloudsupplyvapes.com\/?post_type=product&#038;p=8631"},"modified":"2024-11-25T03:57:53","modified_gmt":"2024-11-25T03:57:53","slug":"-248","status":"publish","type":"product","link":"https:\/\/cloudsupplyvapes.com\/de\/product\/al-fakher-crown-bar-8000-puff-vape-pen-rechargeable-and-long-lasting-vape-wholesale\/","title":{"rendered":"Al Fakher Crown Bar 8000 Puff Vape Pen wiederaufladbare lang anhaltende Vape Gro\u00dfhandel"},"content":{"rendered":"<h3><em>Vorr\u00e4tig<\/em><\/h3>\n<h3>Zwei Apple 5000 St\u00fcck<br \/>\nPfirsicheis 3000 St\u00fcck<br \/>\nTrauben-Minze 3000 St\u00fcck<br \/>\nBeereneis1000 St\u00fcck<\/h3>\n<h3><em>MOQ<\/em><\/h3>\n<h3>1000 St\u00fcck<\/h3>\n<p>&nbsp;<\/p>\n<h4>Einzelheiten<\/h4>\n<p>Entfesseln Sie das ultimative Dampferlebnis mit dem Al Fakher Crown Bar 8000 Puff Rechargeable Disposable Vape, exklusiv im VAPEHK Shop. Dieses innovative Ger\u00e4t ist perfekt f\u00fcr Vaping-Enthusiasten, die ausgedehnte Sessions ohne den \u00c4rger des st\u00e4ndigen Nachf\u00fcllens w\u00fcnschen. Mit einem leistungsstarken 600mAh-Akku und einem gro\u00dfz\u00fcgigen, vorgef\u00fcllten 18ml E-Liquid-Tank liefert dieser Vape Pen erstaunliche 8000 Z\u00fcge reinen Genusses.<\/p>\n<p>Der Al Fakher Crown Bar 8000 verf\u00fcgt \u00fcber eine fortschrittliche Mesh-Coil-Technologie, die f\u00fcr \u00fcberragenden Geschmack und Dampfproduktion sorgt. Entwickelt f\u00fcr Direct-to-Lung (DTL) vaping, bietet es eine glatte und befriedigende Inhalation mit einem 0,6-Ohm-Spule Widerstand. Egal, ob Sie neu im Dampfen sind oder ein erfahrener Profi, dieses Ger\u00e4t passt sich m\u00fchelos Ihren Bed\u00fcrfnissen an.<\/p>\n<h3>Hauptmerkmale und Spezifikationen:<\/h3>\n<ul>\n<li><strong>Batteriekapazit\u00e4t<\/strong>: 600mAh (wiederaufladbar)<\/li>\n<li><strong>E-Fl\u00fcssigkeit Kapazit\u00e4t<\/strong>: Vorgef\u00fcllter 18ml Tank<\/li>\n<li><strong>Anzahl der Puffs<\/strong>: Bis zu 8000 Puffs<\/li>\n<li><strong>Spule Typ<\/strong>: Mesh-Spule<\/li>\n<li><strong>Spulenwiderstand<\/strong>: 0,6 Ohm<\/li>\n<li><strong>Ladeanschluss<\/strong>: Typ-C<\/li>\n<li><strong>Mechanismus der Aktivierung<\/strong>: Inhalativ-aktiviert<\/li>\n<li><strong>Vaping-Stil<\/strong>: Direkt zur Lunge (DTL)<\/li>\n<li><strong>Gestaltung<\/strong>: Einfach zu bedienen, kompakt und tragbar<\/li>\n<li><strong>Wartung<\/strong>: Wartungsfrei<\/li>\n<\/ul>\n<p>Der Al Fakher Crown Bar 8000 Puff Rechargeable Disposable Vape ist auf Bequemlichkeit und Tragbarkeit ausgelegt, was ihn zur idealen Wahl f\u00fcr das Dampfen unterwegs macht. Sein kompaktes Design sorgt daf\u00fcr, dass er bequem in Ihre Tasche passt, w\u00e4hrend der durch Inhalation aktivierte Mechanismus ihn unglaublich einfach zu bedienen macht. Mit einem Typ-C-Ladeanschluss k\u00f6nnen Sie schnell wieder aufladen und Ihre Verdampfungssitzungen ohne Unterbrechung fortsetzen.<\/p>\n<h3>Geschmackliche H\u00f6hepunkte:<\/h3>\n<ul>\n<li><strong>\u00dcppiges Eis<\/strong>: Erleben Sie die erfrischende Mischung aus saftiger Wassermelone und k\u00fchlem Menthol, perfekt f\u00fcr einen hei\u00dfen Sommertag.<\/li>\n<li><strong>Weintrauben-Punsch<\/strong>: Genie\u00dfen Sie den kr\u00e4ftigen und spritzigen Geschmack reifer Trauben, der einen fruchtigen und belebenden Vape liefert.<\/li>\n<li><strong>Einfach Minze<\/strong>: Genie\u00dfen Sie den reinen, knackigen Geschmack der Minze f\u00fcr ein k\u00fchles und erfrischendes Erlebnis.<\/li>\n<li><strong>Beereneis<\/strong>: Genie\u00dfen Sie die Verschmelzung von gemischten Beeren und eisigem Menthol f\u00fcr einen fruchtigen, k\u00fchlenden Abgang.<\/li>\n<li><strong>Mango Freeze<\/strong>: Genie\u00dfen Sie die tropische S\u00fc\u00dfe von saftigen Mangos gepaart mit einer k\u00fchlen Mentholbrise.<\/li>\n<li><strong>Apfel-Genuss<\/strong>: Erfreuen Sie sich am knackigen und s\u00fc\u00dfen Geschmack frischer \u00c4pfel und genie\u00dfen Sie einen erfrischenden und fruchtigen Vape.<\/li>\n<li><strong>Blaubeerkaugummi<\/strong>: Verf\u00fchren Sie Ihre Geschmacksknospen mit der saftigen S\u00fc\u00dfe von Heidelbeeren und der nostalgischen Essenz von Kaugummi.<\/li>\n<li><strong>Zwei \u00c4pfel<\/strong>: Doppelter Apfelgenuss mit einer Mischung aus knackigem und spritzigem Geschmack f\u00fcr einen erfrischenden Puff.<\/li>\n<li><strong>Blue Razz Limonade<\/strong>: Genie\u00dfen Sie die S\u00e4ure der blauen Himbeere gemischt mit dem pikanten Geschmack der Limonade, perfekt f\u00fcr eine pikante vape.<\/li>\n<li><strong>Weintrauben-Minze<\/strong>: Erleben Sie den s\u00fc\u00dfen und saftigen Geschmack von Weintrauben kombiniert mit erfrischender Minze f\u00fcr einen belebenden Vape.<\/li>\n<\/ul>\n<p>Entdecken Sie den Al Fakher Crown Bar 8000 Puff Rechargeable Disposable Vape im VAPEHK Shop und verbessern Sie Ihr Vaping-Spiel. Mit seinem langlebigen Akku, der gro\u00dfen E-Liquid-Kapazit\u00e4t und einer Vielzahl von verlockenden Aromen ist dieses Ger\u00e4t f\u00fcr alle Ihre Bed\u00fcrfnisse ausgelegt. Genie\u00dfen Sie ununterbrochene Sessions mit reichen Aromen und dichten Wolken. Bestellen Sie Ihr Ger\u00e4t noch heute und begeben Sie sich auf eine Reise mit unvergleichlichem Dampfvergn\u00fcgen und Komfort.<\/p>","protected":false},"excerpt":{"rendered":"<p>Der Al Fakher Crown Bar 8000 Puff Vape Pen Rechargeable bietet eine gleichm\u00e4\u00dfige Dampfproduktion, eine robuste Konstruktion und ein tragbares Design. Perfekt f\u00fcr langanhaltende Dampferfahrungen mit problemlosem Betrieb.<\/p>","protected":false},"featured_media":8846,"comment_status":"open","ping_status":"closed","template":"","meta":[],"product_brand":[],"product_cat":[22],"product_tag":[468],"class_list":{"0":"post-8631","1":"product","2":"type-product","3":"status-publish","4":"has-post-thumbnail","6":"product_cat-disposable-vape-sticks","7":"product_tag-al-fakher","9":"first","10":"instock","11":"sale","12":"shipping-taxable","13":"purchasable","14":"product-type-simple"},"jetpack_sharing_enabled":true,"tiered_pricing_type":"fixed","tiered_pricing_fixed_rules":[],"tiered_pricing_product_settings":{"layout":"default","base_unit_name":{"singular":null,"plural":null},"default_variation":null},"tiered_pricing_minimum_quantity":1000,"tiered_pricing_roles_data":[],"tiered_pricing_percentage_rules":[],"tiered_pricing_maximum_quantity":null,"tiered_pricing_quantity_step":null,"_links":{"self":[{"href":"https:\/\/cloudsupplyvapes.com\/de\/wp-json\/wp\/v2\/product\/8631","targetHints":{"allow":["GET"]}}],"collection":[{"href":"https:\/\/cloudsupplyvapes.com\/de\/wp-json\/wp\/v2\/product"}],"about":[{"href":"https:\/\/cloudsupplyvapes.com\/de\/wp-json\/wp\/v2\/types\/product"}],"replies":[{"embeddable":true,"href":"https:\/\/cloudsupplyvapes.com\/de\/wp-json\/wp\/v2\/comments?post=8631"}],"wp:featuredmedia":[{"embeddable":true,"href":"https:\/\/cloudsupplyvapes.com\/de\/wp-json\/wp\/v2\/media\/8846"}],"wp:attachment":[{"href":"https:\/\/cloudsupplyvapes.com\/de\/wp-json\/wp\/v2\/media?parent=8631"}],"wp:term":[{"taxonomy":"product_brand","embeddable":true,"href":"https:\/\/cloudsupplyvapes.com\/de\/wp-json\/wp\/v2\/product_brand?post=8631"},{"taxonomy":"product_cat","embeddable":true,"href":"https:\/\/cloudsupplyvapes.com\/de\/wp-json\/wp\/v2\/product_cat?post=8631"},{"taxonomy":"product_tag","embeddable":true,"href":"https:\/\/cloudsupplyvapes.com\/de\/wp-json\/wp\/v2\/product_tag?post=8631"}],"curies":[{"name":"wp","href":"https:\/\/api.w.org\/{rel}","templated":true}]}}