{"id":8632,"date":"2024-10-19T03:01:11","date_gmt":"2024-10-19T03:01:11","guid":{"rendered":"https:\/\/cloudsupplyvapes.com\/?post_type=product&#038;p=8632"},"modified":"2024-11-25T03:57:33","modified_gmt":"2024-11-25T03:57:33","slug":"-302","status":"publish","type":"product","link":"https:\/\/cloudsupplyvapes.com\/de\/product\/poco-pt-12000-puffs-disposable-vape-wholesale-germany-europe-and-usa-local-warehouse-in-stock\/","title":{"rendered":"POCO PT 12000 Puffs Disposable Vape Gro\u00dfhandel Deutschland Europa USA Warehouse Auf Lager"},"content":{"rendered":"<h2>Geschmacksoptionen:<\/h2>\n<ul>\n<li>Blaubeereis<\/li>\n<li>Kirsche-Pfirsich-Limonade<\/li>\n<li>Heidelbeere-Himbeere<\/li>\n<li>Erdbeer-Kiwi<\/li>\n<li>Aloe Traube<\/li>\n<li>Schwarzes Eis Drachenfrucht-Erdbeere<\/li>\n<li>Energy-Drink<\/li>\n<li>Erdbeere Wassermelone<\/li>\n<li>Pfirsich-Eis<\/li>\n<li>Erdbeereis<\/li>\n<\/ul>\n<h3>POCO PT 12000 Spezifikationen<\/h3>\n<table>\n<thead>\n<tr>\n<th><strong>Merkmal<\/strong><\/th>\n<th><strong>Spezifikation<\/strong><\/th>\n<\/tr>\n<\/thead>\n<tbody>\n<tr>\n<td>Kapazit\u00e4t<\/td>\n<td>22ml<\/td>\n<\/tr>\n<tr>\n<td>Nikotinst\u00e4rke<\/td>\n<td>5%<\/td>\n<\/tr>\n<tr>\n<td>Batteriekapazit\u00e4t<\/td>\n<td>650mAh<\/td>\n<\/tr>\n<tr>\n<td>Wiederaufladbar<\/td>\n<td>Typ-C<\/td>\n<\/tr>\n<tr>\n<td>Puffs<\/td>\n<td>12.000 Z\u00fcge<\/td>\n<\/tr>\n<\/tbody>\n<\/table>\n<h3>Wesentliche Merkmale:<\/h3>\n<ul>\n<li><strong>Umfangreiche E-Liquid-Kapazit\u00e4t:<\/strong> Mit einem massiven 22ml-Tank f\u00fcr bis zu 12.000 Z\u00fcge, ideal f\u00fcr l\u00e4ngeren Gebrauch ohne h\u00e4ufiges Nachf\u00fcllen.<\/li>\n<li><strong>Robuste Nikotinabgabe:<\/strong> Enth\u00e4lt eine konstante 5% Nikotinst\u00e4rke f\u00fcr ein befriedigendes und intensives Dampferlebnis.<\/li>\n<li><strong>Langlebige Batterielebensdauer:<\/strong> Ausgestattet mit einem 650-mAh-Akku, der zuverl\u00e4ssige Leistung und Komfort mit einem Typ-C-Ladeanschluss gew\u00e4hrleistet.<\/li>\n<li><strong>Gro\u00dfe Vielfalt an Geschmacksrichtungen:<\/strong> Bietet eine vielf\u00e4ltige Auswahl an Geschmacksrichtungen f\u00fcr alle Geschm\u00e4cker, von fruchtig und erfrischend bis k\u00fchl und belebend.<\/li>\n<\/ul>\n<h3>Warum POCO PT 12000 w\u00e4hlen?<\/h3>\n<p>Der POCO PT 12000 zeichnet sich durch seine bemerkenswerte Kapazit\u00e4t und Langlebigkeit aus, was ihn zu einer ausgezeichneten Wahl f\u00fcr Dampfer macht, die ein Hochleistungsger\u00e4t mit umfangreichen Geschmacksoptionen und einer beachtlichen Anzahl von Puffs suchen. Er wurde f\u00fcr diejenigen entwickelt, die ein zuverl\u00e4ssiges, lang anhaltendes Dampferlebnis w\u00fcnschen. Auf Lager in Deutschland EU und US Lager.<\/p>","protected":false},"excerpt":{"rendered":"<p>Der POCO PT 12000 Puffs Disposable Vape Wholesale zeichnet sich durch eine langlebige Batterie und ein kompaktes Design aus. Erh\u00e4ltlich in Deutschland, Europa und den USA Lagerh\u00e4user f\u00fcr schnelle Lieferung und gleichbleibende Leistung.<\/p>","protected":false},"featured_media":9208,"comment_status":"open","ping_status":"closed","template":"","meta":[],"product_brand":[],"product_cat":[22],"product_tag":[474],"class_list":{"0":"post-8632","1":"product","2":"type-product","3":"status-publish","4":"has-post-thumbnail","6":"product_cat-disposable-vape-sticks","7":"product_tag-poco","9":"first","10":"instock","11":"sale","12":"shipping-taxable","13":"purchasable","14":"product-type-simple"},"jetpack_sharing_enabled":true,"tiered_pricing_type":"fixed","tiered_pricing_fixed_rules":{"500":7.70000000000000017763568394002504646778106689453125,"2000":7.5999999999999996447286321199499070644378662109375,"5000":7.5},"tiered_pricing_product_settings":{"layout":"default","base_unit_name":{"singular":null,"plural":null},"default_variation":null},"tiered_pricing_minimum_quantity":null,"tiered_pricing_roles_data":[],"tiered_pricing_percentage_rules":[],"tiered_pricing_maximum_quantity":null,"tiered_pricing_quantity_step":null,"_links":{"self":[{"href":"https:\/\/cloudsupplyvapes.com\/de\/wp-json\/wp\/v2\/product\/8632","targetHints":{"allow":["GET"]}}],"collection":[{"href":"https:\/\/cloudsupplyvapes.com\/de\/wp-json\/wp\/v2\/product"}],"about":[{"href":"https:\/\/cloudsupplyvapes.com\/de\/wp-json\/wp\/v2\/types\/product"}],"replies":[{"embeddable":true,"href":"https:\/\/cloudsupplyvapes.com\/de\/wp-json\/wp\/v2\/comments?post=8632"}],"wp:featuredmedia":[{"embeddable":true,"href":"https:\/\/cloudsupplyvapes.com\/de\/wp-json\/wp\/v2\/media\/9208"}],"wp:attachment":[{"href":"https:\/\/cloudsupplyvapes.com\/de\/wp-json\/wp\/v2\/media?parent=8632"}],"wp:term":[{"taxonomy":"product_brand","embeddable":true,"href":"https:\/\/cloudsupplyvapes.com\/de\/wp-json\/wp\/v2\/product_brand?post=8632"},{"taxonomy":"product_cat","embeddable":true,"href":"https:\/\/cloudsupplyvapes.com\/de\/wp-json\/wp\/v2\/product_cat?post=8632"},{"taxonomy":"product_tag","embeddable":true,"href":"https:\/\/cloudsupplyvapes.com\/de\/wp-json\/wp\/v2\/product_tag?post=8632"}],"curies":[{"name":"wp","href":"https:\/\/api.w.org\/{rel}","templated":true}]}}