{"id":8633,"date":"2024-10-19T03:01:12","date_gmt":"2024-10-19T03:01:12","guid":{"rendered":"https:\/\/cloudsupplyvapes.com\/?post_type=product&#038;p=8633"},"modified":"2024-11-25T03:55:08","modified_gmt":"2024-11-25T03:55:08","slug":"-249","status":"publish","type":"product","link":"https:\/\/cloudsupplyvapes.com\/de\/product\/elfworld-reload-6000-puff-vape-kit-wholesale-rechargeable-multi-flavor-options-great-prices\/","title":{"rendered":"ELFWORLD Reload 6000 Puff Vape Kit Gro\u00dfhandel wiederaufladbare Multi Flavor Optionen"},"content":{"rendered":"<h3>ELFWORLD Reload 6000 Kit Spezifikationen<\/h3>\n<table>\n<thead>\n<tr>\n<th>Merkmal<\/th>\n<th>Spezifikation<\/th>\n<\/tr>\n<\/thead>\n<tbody>\n<tr>\n<td>Nikotinst\u00e4rke<\/td>\n<td>0%, 2%, 3%, 5% Nikotinsalz<\/td>\n<\/tr>\n<tr>\n<td>E-Liquid Kapazit\u00e4t<\/td>\n<td>12mL<\/td>\n<\/tr>\n<tr>\n<td>Spule Typ<\/td>\n<td>Maschenspule<\/td>\n<\/tr>\n<tr>\n<td>Pod-System<\/td>\n<td>Wechselbarer Pod<\/td>\n<\/tr>\n<tr>\n<td>Verf\u00fcgbare Geschmacksrichtungen<\/td>\n<td>Cool Mint, Mixed Berries, Gummib\u00e4rchen, Lush Ice, Mango Ice, Banana Ice, Blue Razz Ice, Strawberry Kiwi, Strawberry Watermelon, Pink Lemonade<\/td>\n<\/tr>\n<tr>\n<td>Batterie<\/td>\n<td>Integrierte wiederaufladbare 650mAh-Batterie<\/td>\n<\/tr>\n<tr>\n<td>Aufladen<\/td>\n<td>Typ-C USB<\/td>\n<\/tr>\n<tr>\n<td>Verpackung pro Kit<\/td>\n<td>10 St\u00fcck in einem Displaykarton<\/td>\n<\/tr>\n<tr>\n<td>Verpackung pro Karton<\/td>\n<td>200 St\u00fcck in einem Karton<\/td>\n<\/tr>\n<tr>\n<td>Abmessungen des Kartons<\/td>\n<td>535mm x 275mm x 270mm<\/td>\n<\/tr>\n<tr>\n<td>Gewicht des Kartons<\/td>\n<td>16KG<\/td>\n<\/tr>\n<\/tbody>\n<\/table>\n<h4><strong>Verf\u00fcgbare Geschmacksrichtungen:<\/strong><\/h4>\n<ul>\n<li>K\u00fchle Minze<\/li>\n<li>Gemischte Beeren<\/li>\n<li>Gummib\u00e4rchen<\/li>\n<li>\u00dcppiges Eis<\/li>\n<li>Mango-Eis<\/li>\n<li>Bananeneis<\/li>\n<li>Blaues Razzeis<\/li>\n<li>Erdbeer-Kiwi<\/li>\n<li>Erdbeere Wassermelone<\/li>\n<li>Rosa Limonade<\/li>\n<\/ul>\n<h4><strong>Wesentliche Merkmale:<\/strong><\/h4>\n<ul>\n<li><strong>Nikotinst\u00e4rken:<\/strong> Erh\u00e4ltlich in den Nikotinsalzkonzentrationen 0%, 2%, 3% und 5%, die sowohl f\u00fcr Anf\u00e4nger als auch f\u00fcr erfahrene Dampfer geeignet sind, die ein unterschiedliches Ma\u00df an Zufriedenheit suchen.<\/li>\n<li><strong>E-Liquid Kapazit\u00e4t:<\/strong> Jeder Pod ist mit 12 ml hochwertigem E-Liquid bef\u00fcllt, was ein lang anhaltendes Dampferlebnis ohne h\u00e4ufiges Nachf\u00fcllen gew\u00e4hrleistet.<\/li>\n<li><strong>Spulentyp:<\/strong> Ausgestattet mit einer hochmodernen Mesh-Spule bietet dieses Ger\u00e4t einen gleichbleibend sanften und geschmackvollen Dampf mit jedem Zug.<\/li>\n<li><strong>Pod-System:<\/strong> Dank des austauschbaren Pod-Designs kann der Benutzer unterwegs m\u00fchelos die Geschmacksrichtung wechseln und die Frische des Dampfes bewahren.<\/li>\n<li><strong>Batterie:<\/strong> Der integrierte 650-mAh-Akku bietet ausreichend Energie f\u00fcr l\u00e4ngere Vaping-Sessions. Das Aufladen erfolgt bequem und schnell \u00fcber einen Typ-C-USB-Anschluss.<\/li>\n<li><strong>Verpackung:<\/strong> Jeder Bausatz enth\u00e4lt 10 St\u00fcck in einem Displaykarton, mit 200 St\u00fcck pro Karton. Die Abmessungen des Kartons betragen 535 mm x 275 mm x 270 mm und das Gewicht betr\u00e4gt ca. 16 kg.<\/li>\n<\/ul>\n<h4><strong>Warum ELFWORLD Reload 6000 Kit w\u00e4hlen?<\/strong><\/h4>\n<p>Das ELFWORLD Reload 6000 Kit ist perfekt f\u00fcr Dampfer, die Komfort, Geschmacksvielfalt und Qualit\u00e4t sch\u00e4tzen. Egal, ob Sie das erfrischende Prickeln von Cool Mint oder die s\u00fc\u00dfe Umarmung von Gummy Bear bevorzugen, es gibt eine Geschmacksrichtung, die jeden Gaumen zufriedenstellt. Der robuste Akku und die effiziente Mesh-Spule sorgen daf\u00fcr, dass jeder Pod die bestm\u00f6gliche Erfahrung vom ersten bis zum letzten Zug liefert.<\/p>","protected":false},"excerpt":{"rendered":"<p>Das ELFWORLD Reload 6000 Puff Vape Kit Wholesale bietet ein wiederaufladbares Design, eine effiziente Akkulaufzeit und verschiedene Geschmacksoptionen f\u00fcr ein reichhaltiges Dampferlebnis.<\/p>","protected":false},"featured_media":8847,"comment_status":"open","ping_status":"closed","template":"","meta":[],"product_brand":[],"product_cat":[22,480],"product_tag":[467],"class_list":{"0":"post-8633","1":"product","2":"type-product","3":"status-publish","4":"has-post-thumbnail","6":"product_cat-disposable-vape-sticks","7":"product_cat-elfworld","8":"product_tag-elfworld","10":"first","11":"instock","12":"sale","13":"shipping-taxable","14":"purchasable","15":"product-type-simple"},"jetpack_sharing_enabled":true,"tiered_pricing_type":"fixed","tiered_pricing_fixed_rules":{"2000":10.5,"10000":9.9000000000000003552713678800500929355621337890625},"tiered_pricing_product_settings":{"layout":"default","base_unit_name":{"singular":null,"plural":null},"default_variation":null},"tiered_pricing_minimum_quantity":30,"tiered_pricing_roles_data":[],"tiered_pricing_percentage_rules":[],"tiered_pricing_maximum_quantity":null,"tiered_pricing_quantity_step":null,"_links":{"self":[{"href":"https:\/\/cloudsupplyvapes.com\/de\/wp-json\/wp\/v2\/product\/8633","targetHints":{"allow":["GET"]}}],"collection":[{"href":"https:\/\/cloudsupplyvapes.com\/de\/wp-json\/wp\/v2\/product"}],"about":[{"href":"https:\/\/cloudsupplyvapes.com\/de\/wp-json\/wp\/v2\/types\/product"}],"replies":[{"embeddable":true,"href":"https:\/\/cloudsupplyvapes.com\/de\/wp-json\/wp\/v2\/comments?post=8633"}],"wp:featuredmedia":[{"embeddable":true,"href":"https:\/\/cloudsupplyvapes.com\/de\/wp-json\/wp\/v2\/media\/8847"}],"wp:attachment":[{"href":"https:\/\/cloudsupplyvapes.com\/de\/wp-json\/wp\/v2\/media?parent=8633"}],"wp:term":[{"taxonomy":"product_brand","embeddable":true,"href":"https:\/\/cloudsupplyvapes.com\/de\/wp-json\/wp\/v2\/product_brand?post=8633"},{"taxonomy":"product_cat","embeddable":true,"href":"https:\/\/cloudsupplyvapes.com\/de\/wp-json\/wp\/v2\/product_cat?post=8633"},{"taxonomy":"product_tag","embeddable":true,"href":"https:\/\/cloudsupplyvapes.com\/de\/wp-json\/wp\/v2\/product_tag?post=8633"}],"curies":[{"name":"wp","href":"https:\/\/api.w.org\/{rel}","templated":true}]}}