{"id":8634,"date":"2024-10-19T03:01:12","date_gmt":"2024-10-19T03:01:12","guid":{"rendered":"https:\/\/cloudsupplyvapes.com\/?post_type=product&#038;p=8634"},"modified":"2024-11-25T03:54:22","modified_gmt":"2024-11-25T03:54:22","slug":"-250","status":"publish","type":"product","link":"https:\/\/cloudsupplyvapes.com\/de\/product\/elfworld-ai22000-disposable-wholesale-dual-mesh-coil-22000-puffs-diverse-flavors\/","title":{"rendered":"ELFWORLD Ai22000 Einweg Vape Gro\u00dfhandel Dual Mesh Coil Zuverl\u00e4ssige Leistung"},"content":{"rendered":"<h4><strong>Verf\u00fcgbare Geschmacksrichtungen:<\/strong><\/h4>\n<ul>\n<li>Mango Apfel Birne<\/li>\n<li>K\u00fchle Mango<\/li>\n<li>Gr\u00fcner Apfel<\/li>\n<li>Tigerblut<\/li>\n<li>Blaubeereis<\/li>\n<li>Minze<\/li>\n<li>Beeren mischen<\/li>\n<li>Traubeneis<\/li>\n<li>Wassermelone Eis<\/li>\n<li>Blaubeer-Minze<\/li>\n<\/ul>\n<h3>ELFWORLD Ai22000 Spezifikationen<\/h3>\n<table>\n<thead>\n<tr>\n<th>Merkmal<\/th>\n<th>Spezifikation<\/th>\n<\/tr>\n<\/thead>\n<tbody>\n<tr>\n<td>Nikotinst\u00e4rke<\/td>\n<td>0%, 2%(Standard), 3%, 5% Nikotinsalz<\/td>\n<\/tr>\n<tr>\n<td>E-Liquid Kapazit\u00e4t<\/td>\n<td>26mL<\/td>\n<\/tr>\n<tr>\n<td>Spule Typ<\/td>\n<td>Neue Version Dual Mesh Spule<\/td>\n<\/tr>\n<tr>\n<td>Anzahl der Puffs<\/td>\n<td>Bis zu 22000 Z\u00fcge<\/td>\n<\/tr>\n<tr>\n<td>Verf\u00fcgbare Geschmacksrichtungen<\/td>\n<td>Mango-Apfel-Birne, Cool Mango, Gr\u00fcner Apfel, Tigerblut, Blaubeereis, Minze, Beerenmix, Traubeneis, Wassermeloneneis, Blaubeerminze<\/td>\n<\/tr>\n<tr>\n<td>Verpackung pro Kit<\/td>\n<td>5 St\u00fcck in einem Displaykarton<\/td>\n<\/tr>\n<tr>\n<td>Verpackung pro Karton<\/td>\n<td>150 St\u00fcck in einem Karton<\/td>\n<\/tr>\n<tr>\n<td>Abmessungen des Kartons<\/td>\n<td>490mm x 270mm x 103mm<\/td>\n<\/tr>\n<tr>\n<td>Gewicht des Kartons<\/td>\n<td>19KG<\/td>\n<\/tr>\n<\/tbody>\n<\/table>\n<h4><strong>Wesentliche Merkmale:<\/strong><\/h4>\n<ul>\n<li><strong>Nikotinst\u00e4rken:<\/strong> Erh\u00e4ltlich in den Nikotinsalzkonzentrationen 0%, 2%, 3% und 5%, geeignet f\u00fcr neue und erfahrene Raucher.<\/li>\n<li><strong>E-Liquid Kapazit\u00e4t:<\/strong> Jeder Pod ist mit 26 ml hochwertigem E-Liquid bef\u00fcllt, das f\u00fcr ausgedehnte Vaping-Sessions konzipiert ist.<\/li>\n<li><strong>Spulentyp:<\/strong> Verf\u00fcgt \u00fcber eine neue Version Dual-Mesh-Spule, die den Geschmack und die Dampfproduktion f\u00fcr ein besseres Erlebnis verbessert.<\/li>\n<li><strong>Anzahl der Puffs:<\/strong> Bietet bis zu 22000 Z\u00fcge, so dass es eine langlebige Wahl f\u00fcr begeisterte Dampfer.<\/li>\n<li><strong>Verpackung:<\/strong> Praktisch verpackt mit 5 St\u00fcck pro Display-Box und 150 St\u00fcck pro Karton, optimiert f\u00fcr den Einzelhandel und den Gro\u00dfhandel.<\/li>\n<\/ul>\n<h4><strong>Warum ELFWORLD Ai22000 w\u00e4hlen?<\/strong><\/h4>\n<p>Der ELFWORLD Ai22000 ist perfekt f\u00fcr alle, die intensive Aromen und robuste Leistung sch\u00e4tzen. Erleben Sie eine breite Palette von Aromen und genie\u00dfen Sie das Dampfen, das mit jedem Pod l\u00e4nger dauert.<\/p>","protected":false},"excerpt":{"rendered":"<p>Der ELFWORLD Ai22000 Disposable Vape Wholesale verf\u00fcgt \u00fcber eine Dual Mesh Coil Technologie, 22000 Puffs und eine konstante Leistung f\u00fcr hochwertiges Vaping.<\/p>","protected":false},"featured_media":8848,"comment_status":"open","ping_status":"closed","template":"","meta":[],"product_brand":[],"product_cat":[22,480],"product_tag":[467],"class_list":{"0":"post-8634","1":"product","2":"type-product","3":"status-publish","4":"has-post-thumbnail","6":"product_cat-disposable-vape-sticks","7":"product_cat-elfworld","8":"product_tag-elfworld","10":"first","11":"instock","12":"sale","13":"shipping-taxable","14":"purchasable","15":"product-type-simple"},"jetpack_sharing_enabled":true,"tiered_pricing_type":"fixed","tiered_pricing_fixed_rules":{"2000":10.800000000000000710542735760100185871124267578125,"10000":10.5},"tiered_pricing_product_settings":{"layout":"default","base_unit_name":{"singular":null,"plural":null},"default_variation":null},"tiered_pricing_minimum_quantity":30,"tiered_pricing_roles_data":[],"tiered_pricing_percentage_rules":[],"tiered_pricing_maximum_quantity":null,"tiered_pricing_quantity_step":null,"_links":{"self":[{"href":"https:\/\/cloudsupplyvapes.com\/de\/wp-json\/wp\/v2\/product\/8634","targetHints":{"allow":["GET"]}}],"collection":[{"href":"https:\/\/cloudsupplyvapes.com\/de\/wp-json\/wp\/v2\/product"}],"about":[{"href":"https:\/\/cloudsupplyvapes.com\/de\/wp-json\/wp\/v2\/types\/product"}],"replies":[{"embeddable":true,"href":"https:\/\/cloudsupplyvapes.com\/de\/wp-json\/wp\/v2\/comments?post=8634"}],"wp:featuredmedia":[{"embeddable":true,"href":"https:\/\/cloudsupplyvapes.com\/de\/wp-json\/wp\/v2\/media\/8848"}],"wp:attachment":[{"href":"https:\/\/cloudsupplyvapes.com\/de\/wp-json\/wp\/v2\/media?parent=8634"}],"wp:term":[{"taxonomy":"product_brand","embeddable":true,"href":"https:\/\/cloudsupplyvapes.com\/de\/wp-json\/wp\/v2\/product_brand?post=8634"},{"taxonomy":"product_cat","embeddable":true,"href":"https:\/\/cloudsupplyvapes.com\/de\/wp-json\/wp\/v2\/product_cat?post=8634"},{"taxonomy":"product_tag","embeddable":true,"href":"https:\/\/cloudsupplyvapes.com\/de\/wp-json\/wp\/v2\/product_tag?post=8634"}],"curies":[{"name":"wp","href":"https:\/\/api.w.org\/{rel}","templated":true}]}}